{"id":2,"date":"2016-09-14T09:36:48","date_gmt":"2016-09-14T09:36:48","guid":{"rendered":"http:\/\/www.zugober.com\/WEB16\/?page_id=2"},"modified":"2021-01-07T11:55:41","modified_gmt":"2021-01-07T11:55:41","slug":"","status":"publish","type":"page","link":"https:\/\/www.zugober.com\/en\/tienda\/","title":{"rendered":"","raw":""},"content":{"rendered":"","protected":false,"raw":""},"excerpt":{"rendered":"[vc_row full_width=\"stretch_row\" css=\".vc_custom_1587408302866{padding-top: 60px !important;padding-right: 10px !important;padding-bottom: 20px !important;padding-left: 10px !important;background-color: #d6481f !important;}\" el_class=\"cabecera-tienda\"][vc_column][vc_column_text] AQU\u00cd PODR\u00c1S CONSULTAR PRECIOS Y PEDIR POR TEL\u00c9FONO O FORMULARIO CUALQUIERA [...]","protected":false,"raw":""},"author":1,"featured_media":0,"parent":0,"menu_order":0,"comment_status":"closed","ping_status":"open","template":"","meta":{"_zh_post_content":"","_zh_post_name":"","_zh_post_excerpt":"","_zh_post_title":"","_es_post_content":"[vc_row full_width=\"stretch_row\" css=\".vc_custom_1587408302866{padding-top: 60px !important;padding-right: 10px !important;padding-bottom: 20px !important;padding-left: 10px !important;background-color: #d6481f !important;}\" el_class=\"cabecera-tienda\"][vc_column][vc_column_text]\r\n<h2 style=\"text-align: center;\">AQU\u00cd PODR\u00c1S CONSULTAR PRECIOS Y PEDIR POR\r\nTEL\u00c9FONO O FORMULARIO CUALQUIERA DE NUESTROS VINOS.<\/h2>\r\n<h3 style=\"text-align: center;\">PEDIDO M\u00cdNIMO DE 6 BOTELLAS.<\/h3>\r\n[\/vc_column_text][\/vc_column][\/vc_row][vc_row][vc_column][vc_empty_space height=\"40\"][vc_tta_tabs active_section=\"1\" el_id=\"precios-tienda\"][vc_tta_section title=\"Cl\u00e1sico\" tab_id=\"1587408424258-66908c18-c5c7\"][vc_column_text]\r\n<div class=\"botella\" style=\"text-align: center;\">\r\n\r\n<img class=\"alignnone wp-image-2464 size-full\" src=\"http:\/\/www.zugober.com\/wp-content\/uploads\/2017\/07\/reserva-2012-slide.png\" alt=\"\" width=\"563\" height=\"771\" \/>\r\n<p class=\"nombre-botella\">Reserva<\/p>\r\n<p class=\"precio-botella\">75 cl. - <span class=\"euros\">14,16\u20ac<\/span><\/p>\r\n\r\n<\/div>\r\n<div class=\"botella\" style=\"text-align: center;\">\r\n\r\n<img class=\"alignnone wp-image-2463 size-full\" src=\"http:\/\/www.zugober.com\/wp-content\/uploads\/2017\/07\/greserva-2010-slide.png\" alt=\"\" width=\"563\" height=\"771\" \/>\r\n<p class=\"nombre-botella\">Gran Reserva<\/p>\r\n<p class=\"precio-botella\">75 cl. - <span class=\"euros\">25,80\u20ac<\/span><\/p>\r\n\r\n<\/div>\r\n<div class=\"botella\">\r\n\r\n<img class=\"aligncenter wp-image-1914 size-full\" src=\"http:\/\/www.zugober.com\/wp-content\/uploads\/2016\/04\/bot_crianza.png\" alt=\"\" width=\"563\" height=\"771\" \/>\r\n<p class=\"nombre-botella\">Crianza<\/p>\r\n<p class=\"precio-botella\">75 cl. - <span class=\"euros\">8,14\u20ac<\/span><\/p>\r\n<p class=\"precio-botella\">1,5 l. - <span class=\"euros\">16,27\u20ac<\/span><\/p>\r\n<p class=\"precio-botella\">3\/8 cl. - <span class=\"euros\">4,94\u20ac<\/span><\/p>\r\n<p class=\"precio-botella\">50 cl. - <span class=\"euros\">6,36\u20ac<\/span><\/p>\r\n\r\n<\/div>\r\n<div class=\"botella\" style=\"text-align: center;\">\r\n\r\n<img class=\"alignnone wp-image-2461 size-full\" src=\"http:\/\/www.zugober.com\/wp-content\/uploads\/2017\/07\/blanco-slide.png\" alt=\"\" width=\"563\" height=\"771\" \/>\r\n<p class=\"nombre-botella\">Blanco Barrica<\/p>\r\n<p class=\"precio-botella\">75 cl. - <span class=\"euros\">9,00\u20ac<\/span><\/p>\r\n\r\n<\/div>\r\n<div class=\"botella\" style=\"text-align: center;\"><\/div>\r\n[\/vc_column_text][\/vc_tta_section][vc_tta_section title=\"Vinos de Finca\" tab_id=\"1587408424268-b9e9fcae-760d\"][vc_column_text]\r\n<div class=\"botella\" style=\"text-align: center;\">\r\n\r\n<img class=\"alignnone wp-image-1885 size-full\" src=\"http:\/\/www.zugober.com\/wp-content\/uploads\/2015\/12\/bot_sierracarbon.png\" alt=\"\" width=\"563\" height=\"771\" \/>\r\n<p class=\"nombre-botella\">Sierra Carb\u00f3n<\/p>\r\n<p class=\"precio-botella\">75 cl. - <span class=\"euros\">38,65\u20ac<\/span><\/p>\r\n\r\n<\/div>\r\n<div class=\"botella\" style=\"text-align: center;\">\r\n\r\n<img class=\"alignnone wp-image-2554 size-full\" src=\"http:\/\/www.zugober.com\/wp-content\/uploads\/2018\/12\/malgranda-home.png\" alt=\"\" width=\"563\" height=\"771\" \/>\r\n<p class=\"nombre-botella\">Finca La Malgranda<\/p>\r\n<p class=\"precio-botella\">75 cl. - <span class=\"euros\">19,78\u20ac<\/span><\/p>\r\n\r\n<\/div>\r\n<div class=\"botella\" style=\"text-align: center;\">\r\n\r\n<img class=\"alignnone wp-image-1880 size-full\" src=\"http:\/\/www.zugober.com\/wp-content\/uploads\/2015\/12\/bot_eco.png\" alt=\"\" width=\"563\" height=\"771\" \/>\r\n<p class=\"nombre-botella\">Belezos Ecol\u00f3gico<\/p>\r\n<p class=\"precio-botella\">75 cl. - <span class=\"euros\">13,69\u20ac<\/span><\/p>\r\n\r\n<\/div>\r\n<div class=\"botella\" style=\"text-align: center;\">\r\n\r\n<img class=\"alignnone wp-image-1883 size-full\" src=\"http:\/\/www.zugober.com\/wp-content\/uploads\/2015\/12\/bot_zarzamochuelo.png\" alt=\"\" width=\"563\" height=\"771\" \/>\r\n<p class=\"nombre-botella\">Zarzamochuelo<\/p>\r\n<p class=\"precio-botella\">75 cl.- <span class=\"euros\">18,48\u20ac<\/span><\/p>\r\n<p class=\"precio-botella\">1,5 l.- <span class=\"euros\">40,52\u20ac<\/span><\/p>\r\n\r\n<\/div>\r\n<div class=\"botella\" style=\"text-align: center;\">\r\n\r\n<img class=\"alignnone wp-image-2658 size-full\" src=\"http:\/\/www.zugober.com\/wp-content\/uploads\/2020\/04\/5050-cuadrado.jpg\" alt=\"\" width=\"563\" height=\"771\" \/>\r\n<p class=\"nombre-botella\">Tinto 50\/50<\/p>\r\n<p class=\"precio-botella\">75 cl. - <span class=\"euros\">5,80\u20ac<\/span><\/p>\r\n\r\n<\/div>\r\n[\/vc_column_text][\/vc_tta_section][vc_tta_section title=\"Cava\/Champagne\" tab_id=\"1587408468723-8e287cbf-ac21\"][vc_column_text]\r\n<div class=\"botella\" style=\"text-align: center;\">\r\n\r\n<img class=\"alignnone wp-image-2659 size-full\" src=\"http:\/\/www.zugober.com\/wp-content\/uploads\/2020\/04\/cava-cuadrado.jpg\" alt=\"\" width=\"563\" height=\"771\" \/>\r\n<p class=\"nombre-botella\">Cava Brut Reserva<\/p>\r\n<p class=\"precio-botella\">\u00a0<span class=\"euros\">8,90\u20ac<\/span><\/p>\r\n\r\n<\/div>\r\n<div class=\"botella\" style=\"text-align: center;\">\r\n\r\n<img class=\"alignnone wp-image-2660 size-full\" src=\"http:\/\/www.zugober.com\/wp-content\/uploads\/2020\/04\/champagne-cuadrado.jpg\" alt=\"\" width=\"563\" height=\"771\" \/>\r\n<p class=\"nombre-botella\">Champagne<\/p>\r\n<p class=\"precio-botella\">75 cl. - <span class=\"euros\">30,80\u20ac<\/span><\/p>\r\n\r\n<\/div>\r\n[\/vc_column_text][\/vc_tta_section][\/vc_tta_tabs][\/vc_column][\/vc_row][vc_row css=\".vc_custom_1587461445627{background-position: 0 0 !important;background-repeat: no-repeat !important;}\"][vc_column][vc_column_text]<img class=\"wp-image-2668 size-full aligncenter\" src=\"http:\/\/www.zugober.com\/wp-content\/uploads\/2020\/04\/info-tienda.png\" alt=\"\" width=\"614\" height=\"344\" \/>[\/vc_column_text][\/vc_column][\/vc_row][vc_row][vc_column width=\"1\/6\"][\/vc_column][vc_column width=\"2\/3\"][contact-form-7 id=\"2622\"][\/vc_column][vc_column width=\"1\/6\"][\/vc_column][\/vc_row]","_es_post_name":"tienda","_es_post_excerpt":"","_es_post_title":"Tienda","_en_post_content":"","_en_post_name":"","_en_post_excerpt":"","_en_post_title":"","edit_language":"en"},"_links":{"self":[{"href":"https:\/\/www.zugober.com\/en\/wp-json\/wp\/v2\/pages\/2"}],"collection":[{"href":"https:\/\/www.zugober.com\/en\/wp-json\/wp\/v2\/pages"}],"about":[{"href":"https:\/\/www.zugober.com\/en\/wp-json\/wp\/v2\/types\/page"}],"author":[{"embeddable":true,"href":"https:\/\/www.zugober.com\/en\/wp-json\/wp\/v2\/users\/1"}],"replies":[{"embeddable":true,"href":"https:\/\/www.zugober.com\/en\/wp-json\/wp\/v2\/comments?post=2"}],"version-history":[{"count":46,"href":"https:\/\/www.zugober.com\/en\/wp-json\/wp\/v2\/pages\/2\/revisions"}],"predecessor-version":[{"id":2724,"href":"https:\/\/www.zugober.com\/en\/wp-json\/wp\/v2\/pages\/2\/revisions\/2724"}],"wp:attachment":[{"href":"https:\/\/www.zugober.com\/en\/wp-json\/wp\/v2\/media?parent=2"}],"curies":[{"name":"wp","href":"https:\/\/api.w.org\/{rel}","templated":true}]}}