{"id":2077,"date":"2016-11-28T10:11:58","date_gmt":"2016-11-28T10:11:58","guid":{"rendered":"http:\/\/www.zugober.com\/WEB16\/?page_id=2077"},"modified":"2024-07-18T11:40:56","modified_gmt":"2024-07-18T11:40:56","slug":"belezos-ecologico","status":"publish","type":"page","link":"https:\/\/www.zugober.com\/en\/belezos-ecologico\/","title":{"rendered":"Belezos Ecological","raw":"Belezos Ecological"},"content":{"rendered":"<div class=\"wpb-content-wrapper\">[vc_row full_width=&#8221;stretch_row&#8221; css=&#8221;.vc_custom_1480078472471{margin-top: -90px !important;padding-top: 150px !important;background-color: #303030 !important;}&#8221;][vc_column][vc_video link=&#8221;https:\/\/vimeo.com\/194408810&#8243; css=&#8221;.vc_custom_1488442918538{margin-top: -100px !important;}&#8221;][\/vc_column][\/vc_row][vc_row full_width=&#8221;stretch_row&#8221; content_placement=&#8221;middle&#8221; css=&#8221;.vc_custom_1480077689573{margin-top: -60px !important;padding-top: 120px !important;padding-bottom: 90px !important;background-color: #0a0a0a !important;background-position: center !important;background-repeat: no-repeat !important;background-size: cover !important;}&#8221;][vc_column width=&#8221;1\/2&#8243;][vc_single_image image=&#8221;2079&#8243; img_size=&#8221;full&#8221; alignment=&#8221;center&#8221; css_animation=&#8221;slideInLeft&#8221;][\/vc_column][vc_column width=&#8221;1\/2&#8243;]<h3 id=\"heading1001313496\" class=\"heading-title small-large-title style-white align-left \"><span><i>BELEZOS<\/i> Ecological<\/span><\/h3>[vc_column_text css=&#8221;.vc_custom_1480074118313{border-radius: 2px !important;}&#8221;]\n<hr \/>\n[\/vc_column_text][vc_column_text css_animation=&#8221;slideInRight&#8221;]<em><span style=\"color: #d6481f;\">We respect what we love \u2013 the land \u2013 by investing in organic viticulture based on respect for the vines and the natural environment, and the earth shows its appreciation by producing grapes of great quality and honesty.<\/span><\/em><\/p>\n<p><strong><span style=\"color: #d6481f;\">Variety:<\/span><\/strong><span style=\"color: #ffffff;\">Tempranillo, 100%.<\/span><\/p>\n<p><strong><span style=\"color: #d6481f;\">Age of Vineyard:\u00a0<\/span><\/strong><span style=\"color: #ffffff;\">More than 15 years old.<\/span><\/p>\n<p><strong><span style=\"color: #d6481f;\">Tasting:\u00a0<\/span><\/strong><span style=\"color: #ffffff;\">Dark cherry red with hints of garnet. Intense aromas of forest fruits, strawberries, raspberries and blackberry jam. In addition, there are balsamic overtones of eucalyptus and mint. On the palate, a freshness and pleasant, subtle tannins, with pleasingly-integrated notes of coconut and vanilla. Well balanced with an enticing flavour of gumdrops.<\/span><\/p>\n<p><strong><span style=\"color: #d6481f;\">Barrel Ageing:\u00a0<\/span><\/strong><span style=\"color: #ffffff;\">11 months in American oak.<\/span><\/p>\n<p><strong><span style=\"color: #d6481f;\">Bottle Ageing:\u00a0<\/span><\/strong><span style=\"color: #ffffff;\">At least 6 months.<\/span><\/p>\n<p><span style=\"color: #d6481f;\"><strong>Alcohol Content:<\/strong><\/span> <span style=\"color: #ffffff;\">14% VOL.<\/span><\/p>\n<p><strong><span style=\"color: #d6481f;\">Ideal Serving Temperature:<\/span><\/strong>\u00a0 <span style=\"color: #ffffff;\">16\u00b0 C &#8211; 18\u00b0 C.<\/span>[\/vc_column_text][vc_btn title=&#8221;Technical data sheet&#8221; css=&#8221;&#8221; link=&#8221;url:http%3A%2F%2Fwww.zugober.com%2Fwp-content%2Fuploads%2F2018%2F08%2FBelezos-Belezos_EN.pdf||target:%20_blank|&#8221;][vc_btn title=&#8221;Nutrition information&#8221; css=&#8221;.vc_custom_1721302853485{padding-left: 20px !important;}&#8221; link=&#8221;url:https%3A%2F%2Fwww.zugober.com%2Fen%2Fnutrition-information-ecological%2F&#8221;][\/vc_column][\/vc_row][vc_row full_width=&#8221;stretch_row_content_no_spaces&#8221; css=&#8221;.vc_custom_1480078511124{margin-top: -90px !important;}&#8221;][vc_column][vc_single_image image=&#8221;2081&#8243; img_size=&#8221;full&#8221; alignment=&#8221;center&#8221; onclick=&#8221;zoom&#8221;][\/vc_column][\/vc_row]\n<\/div>","protected":false,"raw":"[vc_row full_width=\"stretch_row\" css=\".vc_custom_1480078472471{margin-top: -90px !important;padding-top: 150px !important;background-color: #303030 !important;}\"][vc_column][vc_video link=\"https:\/\/vimeo.com\/194408810\" css=\".vc_custom_1488442918538{margin-top: -100px !important;}\"][\/vc_column][\/vc_row][vc_row full_width=\"stretch_row\" content_placement=\"middle\" css=\".vc_custom_1480077689573{margin-top: -60px !important;padding-top: 120px !important;padding-bottom: 90px !important;background-color: #0a0a0a !important;background-position: center !important;background-repeat: no-repeat !important;background-size: cover !important;}\"][vc_column width=\"1\/2\"][vc_single_image image=\"2079\" img_size=\"full\" alignment=\"center\" css_animation=\"slideInLeft\"][\/vc_column][vc_column width=\"1\/2\"][ca_heading_title header_type=\"small_large_title\" text_align=\"left\" header_style=\"white\" small_title=\"BELEZOS\" large_title=\"Ecological\"][vc_column_text css=\".vc_custom_1480074118313{border-radius: 2px !important;}\"]\r\n\r\n<hr \/>\r\n\r\n[\/vc_column_text][vc_column_text css_animation=\"slideInRight\"]<em><span style=\"color: #d6481f;\">We respect what we love \u2013 the land \u2013 by investing in organic viticulture based on respect for the vines and the natural environment, and the earth shows its appreciation by producing grapes of great quality and honesty.<\/span><\/em>\r\n\r\n<strong><span style=\"color: #d6481f;\">Variety:<\/span><\/strong><span style=\"color: #ffffff;\">Tempranillo, 100%.<\/span>\r\n\r\n<strong><span style=\"color: #d6481f;\">Age of Vineyard:\u00a0<\/span><\/strong><span style=\"color: #ffffff;\">More than 15 years old.<\/span>\r\n\r\n<strong><span style=\"color: #d6481f;\">Tasting:\u00a0<\/span><\/strong><span style=\"color: #ffffff;\">Dark cherry red with hints of garnet. Intense aromas of forest fruits, strawberries, raspberries and blackberry jam. In addition, there are balsamic overtones of eucalyptus and mint. On the palate, a freshness and pleasant, subtle tannins, with pleasingly-integrated notes of coconut and vanilla. Well balanced with an enticing flavour of gumdrops.<\/span>\r\n\r\n<strong><span style=\"color: #d6481f;\">Barrel Ageing:\u00a0<\/span><\/strong><span style=\"color: #ffffff;\">11 months in American oak.<\/span>\r\n\r\n<strong><span style=\"color: #d6481f;\">Bottle Ageing:\u00a0<\/span><\/strong><span style=\"color: #ffffff;\">At least 6 months.<\/span>\r\n\r\n<span style=\"color: #d6481f;\"><strong>Alcohol Content:<\/strong><\/span> <span style=\"color: #ffffff;\">14% VOL.<\/span>\r\n\r\n<strong><span style=\"color: #d6481f;\">Ideal Serving Temperature:<\/span><\/strong>\u00a0 <span style=\"color: #ffffff;\">16\u00b0 C - 18\u00b0 C.<\/span>[\/vc_column_text][vc_btn title=\"Technical data sheet\" css=\"\" link=\"url:http%3A%2F%2Fwww.zugober.com%2Fwp-content%2Fuploads%2F2018%2F08%2FBelezos-Belezos_EN.pdf||target:%20_blank|\"][vc_btn title=\"Nutrition information\" css=\".vc_custom_1721302853485{padding-left: 20px !important;}\" link=\"url:https%3A%2F%2Fwww.zugober.com%2Fen%2Fnutrition-information-ecological%2F\"][\/vc_column][\/vc_row][vc_row full_width=\"stretch_row_content_no_spaces\" css=\".vc_custom_1480078511124{margin-top: -90px !important;}\"][vc_column][vc_single_image image=\"2081\" img_size=\"full\" alignment=\"center\" onclick=\"zoom\"][\/vc_column][\/vc_row]"},"excerpt":{"rendered":"[vc_row full_width=\"stretch_row\" css=\".vc_custom_1480078472471{margin-top: -90px !important;padding-top: 150px !important;background-color: #303030 !important;}\"][vc_column][vc_video link=\"https:\/\/vimeo.com\/194408810\" css=\".vc_custom_1488442918538{margin-top: -100px !important;}\"][\/vc_column][\/vc_row][vc_row full_width=\"stretch_row\" content_placement=\"middle\" css=\".vc_custom_1480077689573{margin-top: -60px !important;padding-top: 120px !important;padding-bottom: 90px !important;background-color: #0a0a0a !important;background-position: center [...]","protected":false,"raw":""},"author":1,"featured_media":0,"parent":0,"menu_order":0,"comment_status":"closed","ping_status":"closed","template":"","meta":{"_zh_post_content":"[vc_row full_width=\"stretch_row\" css=\".vc_custom_1480078472471{margin-top: -90px !important;padding-top: 150px !important;background-color: #303030 !important;}\"][vc_column][vc_video link=\"https:\/\/vimeo.com\/194408810\" css=\".vc_custom_1488442918538{margin-top: -100px !important;}\"][\/vc_column][\/vc_row][vc_row full_width=\"stretch_row\" content_placement=\"middle\" css=\".vc_custom_1480077689573{margin-top: -60px !important;padding-top: 120px !important;padding-bottom: 90px !important;background-color: #0a0a0a !important;background-position: center !important;background-repeat: no-repeat !important;background-size: cover !important;}\"][vc_column width=\"1\/2\"][vc_single_image image=\"2079\" img_size=\"full\" alignment=\"center\" css_animation=\"slideInLeft\"][\/vc_column][vc_column width=\"1\/2\"][ca_heading_title header_type=\"small_large_title\" text_align=\"left\" header_style=\"white\" small_title=\"BELEZOS\" large_title=\"\u8d1d\u52d2\u6709\u673a\u5e72\u7ea2\"][vc_column_text css=\".vc_custom_1480074118313{border-radius: 2px !important;}\"]\r\n\r\n<hr \/>\r\n\r\n[\/vc_column_text][vc_column_text css_animation=\"slideInRight\"]<em>\u6211\u4eec\u5c0a\u91cd\u6211\u4eec\u6240\u7231\u7684\u5730\u7403\uff0c\u6240\u4ee5\u51fa\u4e8e\u5bf9\u81ea\u7136\u73af\u5883\u548c\u4eba\u7c7b\u5e73\u8861\u53d1\u5c55\u7684\u8003\u8651\uff0c\u6211\u4eec\u9152\u5e84\u4e5f\u52a0\u5165\u4e86\u6709\u673a\u4e8b\u4e1a\u3002\u8fd9\u6b3e\u9152\u6211\u4eec\u91c7\u7528\u4e86\u6709\u673a\u5929\u7136\u7684\u917f\u9020\u65b9\u5f0f\uff0c\u917f\u51fa\u7684\u8461\u8404\u9152\u9178\u751c\u76f8\u5f97\u76ca\u5f70\uff0c\u679c\u9999\u4f18\u7f8e\u548c\u8c10\uff0c\u53e3\u611f\u6e05\u65b0\u723d\u53e3\uff0c\u7a0d\u5fae\u5e26\u70b9\u4e0d\u98df\u4eba\u95f4\u70df\u706b\u7684\u683c\u8c03 \u3002 <\/em>\r\n\r\n<strong>\u8461\u8404\u54c1\u79cd\uff1a<\/strong>\u4e39\u9b44100\uff05\r\n\r\n<strong>\u8461\u8404\u5e74\u4efd\uff1a<\/strong>\uff1e15\u5e74\u3002\r\n\r\n<strong>\u54c1\u9274\uff1a<\/strong>\u9152\u4f53\u5448\u77f3\u69b4\u7ea2\u3002\u6d53\u90c1\u7684\u9999\u6c14\u8ba9\u4eba\u8054\u60f3\u5230\u68ee\u6797\u6d46\u679c\u3001\u8349\u8393\u3001\u8986\u76c6\u5b50\u3001\u9ed1\u8393\u679c\u9171\u4ee5\u53ca\u6210\u719f\u679c\u9999\u6c14\u5473\uff0c\u53e6\u5916\u8fd8\u6df7\u5408\u7740\u8c08\u8c08\u7684\u6849\u6811\u548c\u8584\u8377\u7684\u6c14\u606f\u3002\u53e3\u611f\u6e05\u65b0\uff0c\u5165\u53e3\u67d4\u548c\u5706\u6da6\uff0c\u5e26\u6709\u53ef\u53ef\u548c\u9999\u8349\u7684\u5473\u9053\u3002\r\n\r\n<strong>\u6876\u917f\u65f6\u95f4\uff1a<\/strong>\u7f8e\u56fd\u6a61\u6728\u6876\u9648\u917f11\u4e2a\u6708\u3002\r\n\r\n<strong>\u50a8\u74f6\u65f6\u95f4\uff1a<\/strong>\uff1e6\u4e2a\u6708\u3002\r\n\r\n<strong>\u9152\u7cbe\u5ea6\uff1a<\/strong>14\uff05VOL\u3002\r\n\r\n<strong>\u9002\u996e\u6e29\u5ea6\uff1a<\/strong>16\u00b0C - 18\u00b0C\u3002\r\n\r\n[\/vc_column_text][vc_btn title=\"\u4ea7\u54c1\u4ecb\u7ecd\u4e0b\u8f7d\" link=\"url:http%3A%2F%2Fwww.zugober.com%2Fwp-content%2Fuploads%2F2018%2F08%2FBelezos-Belezos.pdf||target:%20_blank|\"][\/vc_column][\/vc_row][vc_row full_width=\"stretch_row_content_no_spaces\" css=\".vc_custom_1480078511124{margin-top: -90px !important;}\"][vc_column][vc_single_image image=\"2081\" img_size=\"full\" alignment=\"center\" onclick=\"zoom\"][\/vc_column][\/vc_row]","_zh_post_name":"belezos-ecologico","_zh_post_excerpt":"","_zh_post_title":"\u8d1d\u52d2\u6709\u673a\u5e72\u7ea2","_es_post_content":"[vc_row full_width=\"stretch_row\" css=\".vc_custom_1480078472471{margin-top: -90px !important;padding-top: 150px !important;background-color: #303030 !important;}\"][vc_column][vc_video link=\"https:\/\/vimeo.com\/194408810\" css=\".vc_custom_1488442918538{margin-top: -100px !important;}\"][\/vc_column][\/vc_row][vc_row full_width=\"stretch_row\" content_placement=\"middle\" css=\".vc_custom_1480077689573{margin-top: -60px !important;padding-top: 120px !important;padding-bottom: 90px !important;background-color: #0a0a0a !important;background-position: center !important;background-repeat: no-repeat !important;background-size: cover !important;}\"][vc_column width=\"1\/2\"][vc_single_image image=\"2079\" img_size=\"full\" alignment=\"center\" css_animation=\"slideInLeft\"][\/vc_column][vc_column width=\"1\/2\"][ca_heading_title header_type=\"small_large_title\" text_align=\"left\" header_style=\"white\" small_title=\"BELEZOS\" large_title=\"Ecol\u00f3gico\"][vc_column_text css=\".vc_custom_1480074118313{border-radius: 2px !important;}\"]\r\n\r\n<hr \/>\r\n\r\n[\/vc_column_text][vc_column_text css_animation=\"slideInRight\"]<span style=\"color: #d6481f;\"><em>Respetamos lo que amamos, la tierra, con una viticultura ecol\u00f3gica basada en el respeto a la vid y al medio ambiente. Y la tierra nos lo agradece concedi\u00e9ndonos uvas de gran calidad que expresan su car\u00e1cter con total sinceridad.<\/em><\/span>\r\n\r\n<strong><span style=\"color: #d6481f;\">Variedades:<\/span><\/strong> <span style=\"color: #ffffff;\">Tempranillo 100%.<\/span>\r\n\r\n<span style=\"color: #d6481f;\"><strong>Edad del Vi\u00f1edo:<\/strong><\/span> <span style=\"color: #ffffff;\">M\u00e1s de 15 a\u00f1os de edad.<\/span>\r\n\r\n<strong><span style=\"color: #d6481f;\">Cata:<\/span><\/strong> <span style=\"color: #ffffff;\">Color rojo picota con granate Avances. Intensos aromas que recuerdan a frutas del bosque, fresa, frambuesa, mermelada de mora, fruta madura. Tambi\u00e9n aparecen toques bals\u00e1micos de eucaliptos y menta. En boca hay una frescura, expresa una tonicidad amable, sutil, bien integrada, sabores a coco y vainilla. Equilibrado, con notas a gominolas tipo gourmet, taninos agradables.<\/span>\r\n\r\n<strong><span style=\"color: #d6481f;\">Tiempo en barrica:<\/span><\/strong> <span style=\"color: #ffffff;\">11 meses en roble americano.<\/span>\r\n\r\n<strong><span style=\"color: #d6481f;\">Tiempo en botella:<\/span><\/strong> <span style=\"color: #ffffff;\">M\u00ednimo 6 meses.<\/span>\r\n\r\n<strong><span style=\"color: #d6481f;\">Graduaci\u00f3n:<\/span><\/strong> <span style=\"color: #ffffff;\">14% VOL.<\/span>\r\n\r\n<strong><span style=\"color: #d6481f;\">Temperatura de consumo:<\/span><\/strong> <span style=\"color: #ffffff;\">16\u00b0 C - 18\u00b0 C.<\/span>[\/vc_column_text][vc_btn title=\"Ficha T\u00e9cnica\" link=\"url:http%3A%2F%2Fwww.zugober.com%2Fwp-content%2Fuploads%2F2018%2F08%2FBelezos-Belezos.pdf||target:%20_blank|\"][vc_btn title=\"Datos Nutricionales\" css=\".vc_custom_1721208313622{padding-left: 20px !important;}\" link=\"url:https%3A%2F%2Fwww.zugober.com%2Fes%2Fdatos-nutricionales-belezos-ecologico%2F|title:Datos%20Nutricionales%20Belezos%20Ecol%C3%B3gico|target:_blank\"][\/vc_column][\/vc_row][vc_row full_width=\"stretch_row_content_no_spaces\" css=\".vc_custom_1480078511124{margin-top: -90px !important;}\"][vc_column][vc_single_image image=\"2081\" img_size=\"full\" alignment=\"center\" onclick=\"zoom\"][\/vc_column][\/vc_row]","_es_post_name":"belezos-ecologico","_es_post_excerpt":"","_es_post_title":"Belezos Ecol\u00f3gico","_en_post_content":"[vc_row full_width=\"stretch_row\" css=\".vc_custom_1480078472471{margin-top: -90px !important;padding-top: 150px !important;background-color: #303030 !important;}\"][vc_column][vc_video link=\"https:\/\/vimeo.com\/194408810\" css=\".vc_custom_1488442918538{margin-top: -100px !important;}\"][\/vc_column][\/vc_row][vc_row full_width=\"stretch_row\" content_placement=\"middle\" css=\".vc_custom_1480077689573{margin-top: -60px !important;padding-top: 120px !important;padding-bottom: 90px !important;background-color: #0a0a0a !important;background-position: center !important;background-repeat: no-repeat !important;background-size: cover !important;}\"][vc_column width=\"1\/2\"][vc_single_image image=\"2079\" img_size=\"full\" alignment=\"center\" css_animation=\"slideInLeft\"][\/vc_column][vc_column width=\"1\/2\"][ca_heading_title header_type=\"small_large_title\" text_align=\"left\" header_style=\"white\" small_title=\"BELEZOS\" large_title=\"Ecological\"][vc_column_text css=\".vc_custom_1480074118313{border-radius: 2px !important;}\"]\r\n\r\n<hr \/>\r\n\r\n[\/vc_column_text][vc_column_text css_animation=\"slideInRight\"]<em><span style=\"color: #d6481f;\">We respect what we love \u2013 the land \u2013 by investing in organic viticulture based on respect for the vines and the natural environment, and the earth shows its appreciation by producing grapes of great quality and honesty.<\/span><\/em>\r\n\r\n<strong><span style=\"color: #d6481f;\">Variety:<\/span><\/strong><span style=\"color: #ffffff;\">Tempranillo, 100%.<\/span>\r\n\r\n<strong><span style=\"color: #d6481f;\">Age of Vineyard:\u00a0<\/span><\/strong><span style=\"color: #ffffff;\">More than 15 years old.<\/span>\r\n\r\n<strong><span style=\"color: #d6481f;\">Tasting:\u00a0<\/span><\/strong><span style=\"color: #ffffff;\">Dark cherry red with hints of garnet. Intense aromas of forest fruits, strawberries, raspberries and blackberry jam. In addition, there are balsamic overtones of eucalyptus and mint. On the palate, a freshness and pleasant, subtle tannins, with pleasingly-integrated notes of coconut and vanilla. Well balanced with an enticing flavour of gumdrops.<\/span>\r\n\r\n<strong><span style=\"color: #d6481f;\">Barrel Ageing:\u00a0<\/span><\/strong><span style=\"color: #ffffff;\">11 months in American oak.<\/span>\r\n\r\n<strong><span style=\"color: #d6481f;\">Bottle Ageing:\u00a0<\/span><\/strong><span style=\"color: #ffffff;\">At least 6 months.<\/span>\r\n\r\n<span style=\"color: #d6481f;\"><strong>Alcohol Content:<\/strong><\/span> <span style=\"color: #ffffff;\">14% VOL.<\/span>\r\n\r\n<strong><span style=\"color: #d6481f;\">Ideal Serving Temperature:<\/span><\/strong>\u00a0 <span style=\"color: #ffffff;\">16\u00b0 C - 18\u00b0 C.<\/span>[\/vc_column_text][vc_btn title=\"Technical data sheet\" css=\"\" link=\"url:http%3A%2F%2Fwww.zugober.com%2Fwp-content%2Fuploads%2F2018%2F08%2FBelezos-Belezos_EN.pdf||target:%20_blank|\"][vc_btn title=\"Nutrition information\" css=\".vc_custom_1721302853485{padding-left: 20px !important;}\" link=\"url:https%3A%2F%2Fwww.zugober.com%2Fen%2Fnutrition-information-ecological%2F\"][\/vc_column][\/vc_row][vc_row full_width=\"stretch_row_content_no_spaces\" css=\".vc_custom_1480078511124{margin-top: -90px !important;}\"][vc_column][vc_single_image image=\"2081\" img_size=\"full\" alignment=\"center\" onclick=\"zoom\"][\/vc_column][\/vc_row]","_en_post_name":"belezos-ecologico","_en_post_excerpt":"","_en_post_title":"Belezos Ecological","edit_language":"en"},"_links":{"self":[{"href":"https:\/\/www.zugober.com\/en\/wp-json\/wp\/v2\/pages\/2077"}],"collection":[{"href":"https:\/\/www.zugober.com\/en\/wp-json\/wp\/v2\/pages"}],"about":[{"href":"https:\/\/www.zugober.com\/en\/wp-json\/wp\/v2\/types\/page"}],"author":[{"embeddable":true,"href":"https:\/\/www.zugober.com\/en\/wp-json\/wp\/v2\/users\/1"}],"replies":[{"embeddable":true,"href":"https:\/\/www.zugober.com\/en\/wp-json\/wp\/v2\/comments?post=2077"}],"version-history":[{"count":35,"href":"https:\/\/www.zugober.com\/en\/wp-json\/wp\/v2\/pages\/2077\/revisions"}],"predecessor-version":[{"id":3496,"href":"https:\/\/www.zugober.com\/en\/wp-json\/wp\/v2\/pages\/2077\/revisions\/3496"}],"wp:attachment":[{"href":"https:\/\/www.zugober.com\/en\/wp-json\/wp\/v2\/media?parent=2077"}],"curies":[{"name":"wp","href":"https:\/\/api.w.org\/{rel}","templated":true}]}}