{"id":2109,"date":"2016-11-30T09:33:18","date_gmt":"2016-11-30T09:33:18","guid":{"rendered":"http:\/\/www.zugober.com\/WEB16\/?page_id=2109"},"modified":"2024-07-30T07:53:36","modified_gmt":"2024-07-30T07:53:36","slug":"belezos-gran-reserva","status":"publish","type":"page","link":"https:\/\/www.zugober.com\/en\/belezos-gran-reserva\/","title":{"rendered":"","raw":""},"content":{"rendered":"<div class=\"wpb-content-wrapper\">[vc_row full_width=&#8221;stretch_row&#8221; css=&#8221;.vc_custom_1480078472471{margin-top: -90px !important;padding-top: 150px !important;background-color: #303030 !important;}&#8221;][vc_column][vc_video link=&#8221;https:\/\/vimeo.com\/206385555&#8243; css=&#8221;.vc_custom_1488529168273{margin-top: -100px !important;}&#8221;][\/vc_column][\/vc_row][vc_row full_width=&#8221;stretch_row&#8221; content_placement=&#8221;middle&#8221; css=&#8221;.vc_custom_1480332279986{margin-top: -60px !important;padding-top: 120px !important;padding-bottom: 90px !important;background-color: #d8d8d8 !important;background-position: center !important;background-repeat: no-repeat !important;background-size: cover !important;}&#8221;][vc_column width=&#8221;1\/2&#8243;][vc_single_image image=&#8221;2455&#8243; img_size=&#8221;full&#8221; alignment=&#8221;center&#8221; css_animation=&#8221;slideInLeft&#8221;][\/vc_column][vc_column width=&#8221;1\/2&#8243;]<h3 id=\"heading607744118\" class=\"heading-title small-large-title style-dark align-left \"><span><i>BELEZOS<\/i> Gran Reserva<\/span><\/h3>[vc_column_text css=&#8221;.vc_custom_1480344304869{border-radius: 2px !important;}&#8221;]\n<hr \/>\n[\/vc_column_text][vc_column_text css_animation=&#8221;slideInRight&#8221;]<em><span style=\"color: #da9f4d;\">Only produced with exceptional vintages and made from old vines. Only a great wine can benefit from such a long period of ageing. An outstanding wine, to be enjoyed on special occasions, when its complexity can be most appreciated.<\/span><\/em><\/p>\n<p><strong><span style=\"color: #da9f4d;\">Variety: <\/span><\/strong><span style=\"color: #da9f4d;\"><span style=\"color: #000000;\">Tempranillo, 95%, Graciano and Mazuelo, 5%.<\/span><\/span><\/p>\n<p><strong><span style=\"color: #da9f4d;\">Age of Vineyard: <\/span><\/strong><span style=\"color: #da9f4d;\"><span style=\"color: #000000;\">More than 45 years.<\/span><\/span><\/p>\n<p><strong><span style=\"color: #da9f4d;\">Tasting: <\/span><\/strong><span style=\"color: #da9f4d;\"><span style=\"color: #000000;\">Ruby red with brick red reflections. Aromas of spices, leather and crystallised fruit. Long on the palate with exquisite, spicy, fruity flavours.<\/span><\/span><\/p>\n<p><strong><span style=\"color: #da9f4d;\">Barrel Ageing: <\/span><\/strong><span style=\"color: #da9f4d;\"><span style=\"color: #000000;\">24 months in French and American oak.<\/span><\/span><\/p>\n<p><strong><span style=\"color: #da9f4d;\">Bottle Ageing: <\/span><\/strong><span style=\"color: #da9f4d;\"><span style=\"color: #000000;\">36 months.<\/span><\/span><\/p>\n<p><strong><span style=\"color: #da9f4d;\">Alcohol Content: <\/span><\/strong><span style=\"color: #da9f4d;\"><span style=\"color: #000000;\">13.5% VOL.<\/span><\/span><\/p>\n<p><strong><span style=\"color: #da9f4d;\">Ideal Serving Temperature: <\/span><\/strong><span style=\"color: #da9f4d;\"><span style=\"color: #000000;\">16 C \u2013 18 C. We recommend decanting 15 \u2013 20 minutes before serving.<\/span><\/span>[\/vc_column_text][vc_btn title=&#8221;Technical data sheet&#8221; color=&#8221;black&#8221; link=&#8221;url:http%3A%2F%2Fwww.zugober.com%2Fwp-content%2Fuploads%2F2018%2F08%2FBelezos-Granreserva_EN.pdf|||&#8221;][\/vc_column][\/vc_row][vc_row full_width=&#8221;stretch_row_content_no_spaces&#8221; css=&#8221;.vc_custom_1480078511124{margin-top: -90px !important;}&#8221;][vc_column][vc_single_image image=&#8221;2112&#8243; img_size=&#8221;full&#8221; alignment=&#8221;center&#8221; onclick=&#8221;zoom&#8221;][\/vc_column][\/vc_row]\n<\/div>","protected":false,"raw":"[vc_row full_width=\"stretch_row\" css=\".vc_custom_1480078472471{margin-top: -90px !important;padding-top: 150px !important;background-color: #303030 !important;}\"][vc_column][vc_video link=\"https:\/\/vimeo.com\/206385555\" css=\".vc_custom_1488529168273{margin-top: -100px !important;}\"][\/vc_column][\/vc_row][vc_row full_width=\"stretch_row\" content_placement=\"middle\" css=\".vc_custom_1480332279986{margin-top: -60px !important;padding-top: 120px !important;padding-bottom: 90px !important;background-color: #d8d8d8 !important;background-position: center !important;background-repeat: no-repeat !important;background-size: cover !important;}\"][vc_column width=\"1\/2\"][vc_single_image image=\"2455\" img_size=\"full\" alignment=\"center\" css_animation=\"slideInLeft\"][\/vc_column][vc_column width=\"1\/2\"][ca_heading_title header_type=\"small_large_title\" text_align=\"left\" header_style=\"dark\" small_title=\"BELEZOS\" large_title=\"Gran Reserva\"][vc_column_text css=\".vc_custom_1480344304869{border-radius: 2px !important;}\"]\r\n\r\n<hr \/>\r\n\r\n[\/vc_column_text][vc_column_text css_animation=\"slideInRight\"]<em><span style=\"color: #da9f4d;\">Only produced with exceptional vintages and made from old vines. Only a great wine can benefit from such a long period of ageing. An outstanding wine, to be enjoyed on special occasions, when its complexity can be most appreciated.<\/span><\/em>\r\n\r\n<strong><span style=\"color: #da9f4d;\">Variety: <\/span><\/strong><span style=\"color: #da9f4d;\"><span style=\"color: #000000;\">Tempranillo, 95%, Graciano and Mazuelo, 5%.<\/span><\/span>\r\n\r\n<strong><span style=\"color: #da9f4d;\">Age of Vineyard: <\/span><\/strong><span style=\"color: #da9f4d;\"><span style=\"color: #000000;\">More than 45 years.<\/span><\/span>\r\n\r\n<strong><span style=\"color: #da9f4d;\">Tasting: <\/span><\/strong><span style=\"color: #da9f4d;\"><span style=\"color: #000000;\">Ruby red with brick red reflections. Aromas of spices, leather and crystallised fruit. Long on the palate with exquisite, spicy, fruity flavours.<\/span><\/span>\r\n\r\n<strong><span style=\"color: #da9f4d;\">Barrel Ageing: <\/span><\/strong><span style=\"color: #da9f4d;\"><span style=\"color: #000000;\">24 months in French and American oak.<\/span><\/span>\r\n\r\n<strong><span style=\"color: #da9f4d;\">Bottle Ageing: <\/span><\/strong><span style=\"color: #da9f4d;\"><span style=\"color: #000000;\">36 months.<\/span><\/span>\r\n\r\n<strong><span style=\"color: #da9f4d;\">Alcohol Content: <\/span><\/strong><span style=\"color: #da9f4d;\"><span style=\"color: #000000;\">13.5% VOL.<\/span><\/span>\r\n\r\n<strong><span style=\"color: #da9f4d;\">Ideal Serving Temperature: <\/span><\/strong><span style=\"color: #da9f4d;\"><span style=\"color: #000000;\">16 C \u2013 18 C. We recommend decanting 15 \u2013 20 minutes before serving.<\/span><\/span>[\/vc_column_text][vc_btn title=\"Technical data sheet\" color=\"black\" link=\"url:http%3A%2F%2Fwww.zugober.com%2Fwp-content%2Fuploads%2F2018%2F08%2FBelezos-Granreserva_EN.pdf|||\"][\/vc_column][\/vc_row][vc_row full_width=\"stretch_row_content_no_spaces\" css=\".vc_custom_1480078511124{margin-top: -90px !important;}\"][vc_column][vc_single_image image=\"2112\" img_size=\"full\" alignment=\"center\" onclick=\"zoom\"][\/vc_column][\/vc_row]"},"excerpt":{"rendered":"[vc_row full_width=\"stretch_row\" css=\".vc_custom_1480078472471{margin-top: -90px !important;padding-top: 150px !important;background-color: #303030 !important;}\"][vc_column][vc_video link=\"https:\/\/vimeo.com\/206385555\" css=\".vc_custom_1488529168273{margin-top: -100px !important;}\"][\/vc_column][\/vc_row][vc_row full_width=\"stretch_row\" content_placement=\"middle\" css=\".vc_custom_1480332279986{margin-top: -60px !important;padding-top: 120px !important;padding-bottom: 90px !important;background-color: #d8d8d8 !important;background-position: center [...]","protected":false,"raw":""},"author":1,"featured_media":0,"parent":0,"menu_order":0,"comment_status":"closed","ping_status":"closed","template":"","meta":{"_zh_post_content":"[vc_row full_width=\"stretch_row\" css=\".vc_custom_1480078472471{margin-top: -90px !important;padding-top: 150px !important;background-color: #303030 !important;}\"][vc_column][vc_video link=\"https:\/\/vimeo.com\/206385555\" css=\".vc_custom_1488529168273{margin-top: -100px !important;}\"][\/vc_column][\/vc_row][vc_row full_width=\"stretch_row\" content_placement=\"middle\" css=\".vc_custom_1480332279986{margin-top: -60px !important;padding-top: 120px !important;padding-bottom: 90px !important;background-color: #d8d8d8 !important;background-position: center !important;background-repeat: no-repeat !important;background-size: cover !important;}\"][vc_column width=\"1\/2\"][vc_single_image image=\"2455\" img_size=\"full\" alignment=\"center\" css_animation=\"slideInLeft\"][\/vc_column][vc_column width=\"1\/2\"][ca_heading_title header_type=\"small_large_title\" text_align=\"left\" header_style=\"dark\" small_title=\"BELEZOS\" large_title=\"\u8d1d\u52d2\u6781\u54c1\u73cd\u85cf\u5e72\u7ea2\"][vc_column_text css=\".vc_custom_1480344304869{border-radius: 2px !important;}\"]\r\n\r\n<hr \/>\r\n\r\n[\/vc_column_text][vc_column_text css_animation=\"slideInRight\"]\u53ea\u6709\u5728\u6700\u7279\u6b8a\u7684\u5e74\u4efd\uff0c\u53ea\u6709\u91c7\u7528\u6700\u53e4\u8001\u7684\u8461\u8404\u85e4\uff0c\u6211\u4eec\u624d\u80fd\u917f\u9020\u51fa\u8fd9\u6b3e\u6781\u8010\u4e45\u5b58\u5e76\u4e14\u53e3\u611f\u522b\u5177\u4e00\u683c\u7684\u7ea2\u9152\u3002\u5982\u6b64\u73cd\u8d35\u6b8a\u8363\u7684\u8461\u8404\u9152\u9700\u8981\u6211\u4eec\u5728\u7279\u522b\u7684\u65f6\u523b\u548c\u7279\u522b\u7684\u4eba\u4e00\u8d77\u5206\u4eab\u3002\r\n\r\n<strong>\u8461\u8404\u54c1\u79cd\uff1a<\/strong>\u4e39\u9b4495\uff05\uff0c\u683c\u62c9\u897f\u4e9a\u8bfa\u3001\u9a6c\u82cf\u57c3\u62c95%\r\n\r\n<strong>\u8461\u8404\u5e74\u4efd\uff1a<\/strong>\uff1e45\u5e74\u3002\r\n\r\n<strong>\u54c1\u9274\uff1a<\/strong>\u5b9d\u77f3\u7ea2\uff0c\u8fb9\u7f18\u5448\u7816\u7ea2\u8272\u8c03\u3002\u5145\u6ee1\u871c\u996f\u3001\u76ae\u9769\u3001\u548c\u9999\u6599\u7684\u72ec\u7279\u6c14\u606f\u3002\u9152\u4f53\u9971\u6ee1\uff0c\u53e3\u611f\u5747\u8861\uff0c\u4f59\u9999\u6301\u4e45\u3002\r\n\r\n<strong>\u6876\u917f\u65f6\u95f4\uff1a<\/strong>\u6cd5\u56fd\u548c\u7f8e\u56fd\u6a61\u6728\u6876\u4ea4\u66ff\u6df7\u917f24\u4e2a\u6708\u3002\r\n\r\n<strong>\u50a8\u74f6\u65f6\u95f4\uff1a<\/strong>36\u4e2a\u6708\u3002\r\n\r\n<strong>\u9152\u7cbe\u5ea6\uff1a<\/strong>13.5\uff05VOL\u3002\r\n\r\n<strong>\u9002\u996e\u6e29\u5ea6\uff1a<\/strong>16\u00b0C - 18\u00b0C\uff0c \u5efa\u8bae\u996e\u7528\u524d\u9002\u5f53\u9192\u915215-20\u5206\u949f\u3002[\/vc_column_text][vc_btn title=\"\u4ea7\u54c1\u4ecb\u7ecd\u4e0b\u8f7d\" color=\"black\" link=\"url:http%3A%2F%2Fwww.zugober.com%2Fwp-content%2Fuploads%2F2018%2F08%2FBelezos-Granreserva.pdf||target:%20_blank|\"][\/vc_column][\/vc_row][vc_row full_width=\"stretch_row_content_no_spaces\" css=\".vc_custom_1480078511124{margin-top: -90px !important;}\"][vc_column][vc_single_image image=\"2112\" img_size=\"full\" alignment=\"center\" onclick=\"zoom\"][\/vc_column][\/vc_row]","_zh_post_name":"belezos-gran-reserva","_zh_post_excerpt":"","_zh_post_title":"\u8d1d\u52d2\u6781\u54c1\u73cd\u85cf\u5e72\u7ea2","_es_post_content":"[vc_row full_width=\"stretch_row\" css=\".vc_custom_1480078472471{margin-top: -90px !important;padding-top: 150px !important;background-color: #303030 !important;}\"][vc_column][vc_video link=\"https:\/\/vimeo.com\/206385555\" css=\".vc_custom_1488529168273{margin-top: -100px !important;}\"][\/vc_column][\/vc_row][vc_row full_width=\"stretch_row\" content_placement=\"middle\" css=\".vc_custom_1480332279986{margin-top: -60px !important;padding-top: 120px !important;padding-bottom: 90px !important;background-color: #d8d8d8 !important;background-position: center !important;background-repeat: no-repeat !important;background-size: cover !important;}\"][vc_column css_animation=\"none\" width=\"1\/2\"][vc_single_image image=\"2455\" img_size=\"full\" alignment=\"center\" css_animation=\"none\"][\/vc_column][vc_column width=\"1\/2\"][ca_heading_title header_type=\"small_large_title\" text_align=\"left\" header_style=\"dark\" small_title=\"BELEZOS\" large_title=\"Gran Reserva\"][vc_column_text css=\".vc_custom_1480344304869{border-radius: 2px !important;}\"]\r\n\r\n<hr \/>\r\n\r\n[\/vc_column_text][vc_column_text css_animation=\"none\"]<span style=\"color: #da9f4d;\"><em>Solo en a\u00f1adas excepcionales. Nacido s\u00f3lo de vi\u00f1edos antiguos. Solo un gran vino puede aguantar una crianza tan prolongada. Un vino excepcional que requiere ser disfrutado en momentos especiales para demostrar e imponer su gran complejidad.<\/em><\/span>\r\n\r\n<span style=\"color: #da9f4d;\"><strong>Variedades:<\/strong><\/span> Tempranillo 95%, Graciano y Mazuelo 5%.\r\n\r\n<span style=\"color: #da9f4d;\"><strong>Edad Vi\u00f1edo:<\/strong><\/span> M\u00e1s de 45 a\u00f1os.\r\n\r\n<span style=\"color: #da9f4d;\"><strong>Cata:<\/strong><\/span> Color rojo rub\u00ed con irisaciones tejas. Aromas especiados, cueros y fruta confitada. En boca es persistente, sobresaliendo la fruta confitada y especias.\r\n\r\n<span style=\"color: #da9f4d;\"><strong>Crianza en barrica:<\/strong><\/span> 24 meses en roble franc\u00e9s y americano.\r\n\r\n<span style=\"color: #da9f4d;\"><strong>Crianza en botella:<\/strong><\/span> 36 meses.\r\n\r\n<span style=\"color: #da9f4d;\"><strong>Graduaci\u00f3n:<\/strong><\/span> 13,5% VOL.\r\n\r\n<span style=\"color: #da9f4d;\"><strong>Temperatura de consumo:<\/strong><\/span> 16\u00b0 C - 18\u00b0 C. Se recomienda decantar de 15 a 20 minutos antes de consumir.[\/vc_column_text][vc_btn title=\"Ficha t\u00e9cnica\" color=\"black\" link=\"url:http%3A%2F%2Fwww.zugober.com%2Fwp-content%2Fuploads%2F2018%2F08%2FBelezos-Granreserva.pdf||target:%20_blank|\"][\/vc_column][\/vc_row][vc_row full_width=\"stretch_row_content_no_spaces\" css=\".vc_custom_1480078511124{margin-top: -90px !important;}\"][vc_column][vc_single_image image=\"2112\" img_size=\"full\" alignment=\"center\" onclick=\"zoom\"][\/vc_column][\/vc_row]","_es_post_name":"belezos-gran-reserva","_es_post_excerpt":"","_es_post_title":"Belezos Gran Reserva","_en_post_content":"[vc_row full_width=\"stretch_row\" css=\".vc_custom_1480078472471{margin-top: -90px !important;padding-top: 150px !important;background-color: #303030 !important;}\"][vc_column][vc_video link=\"https:\/\/vimeo.com\/206385555\" css=\".vc_custom_1488529168273{margin-top: -100px !important;}\"][\/vc_column][\/vc_row][vc_row full_width=\"stretch_row\" content_placement=\"middle\" css=\".vc_custom_1480332279986{margin-top: -60px !important;padding-top: 120px !important;padding-bottom: 90px !important;background-color: #d8d8d8 !important;background-position: center !important;background-repeat: no-repeat !important;background-size: cover !important;}\"][vc_column width=\"1\/2\"][vc_single_image image=\"2455\" img_size=\"full\" alignment=\"center\" css_animation=\"slideInLeft\"][\/vc_column][vc_column width=\"1\/2\"][ca_heading_title header_type=\"small_large_title\" text_align=\"left\" header_style=\"dark\" small_title=\"BELEZOS\" large_title=\"Gran Reserva\"][vc_column_text css=\".vc_custom_1480344304869{border-radius: 2px !important;}\"]\r\n\r\n<hr \/>\r\n\r\n[\/vc_column_text][vc_column_text css_animation=\"slideInRight\"]<em><span style=\"color: #da9f4d;\">Only produced with exceptional vintages and made from old vines. Only a great wine can benefit from such a long period of ageing. An outstanding wine, to be enjoyed on special occasions, when its complexity can be most appreciated.<\/span><\/em>\r\n\r\n<strong><span style=\"color: #da9f4d;\">Variety: <\/span><\/strong><span style=\"color: #da9f4d;\"><span style=\"color: #000000;\">Tempranillo, 95%, Graciano and Mazuelo, 5%.<\/span><\/span>\r\n\r\n<strong><span style=\"color: #da9f4d;\">Age of Vineyard: <\/span><\/strong><span style=\"color: #da9f4d;\"><span style=\"color: #000000;\">More than 45 years.<\/span><\/span>\r\n\r\n<strong><span style=\"color: #da9f4d;\">Tasting: <\/span><\/strong><span style=\"color: #da9f4d;\"><span style=\"color: #000000;\">Ruby red with brick red reflections. Aromas of spices, leather and crystallised fruit. Long on the palate with exquisite, spicy, fruity flavours.<\/span><\/span>\r\n\r\n<strong><span style=\"color: #da9f4d;\">Barrel Ageing: <\/span><\/strong><span style=\"color: #da9f4d;\"><span style=\"color: #000000;\">24 months in French and American oak.<\/span><\/span>\r\n\r\n<strong><span style=\"color: #da9f4d;\">Bottle Ageing: <\/span><\/strong><span style=\"color: #da9f4d;\"><span style=\"color: #000000;\">36 months.<\/span><\/span>\r\n\r\n<strong><span style=\"color: #da9f4d;\">Alcohol Content: <\/span><\/strong><span style=\"color: #da9f4d;\"><span style=\"color: #000000;\">13.5% VOL.<\/span><\/span>\r\n\r\n<strong><span style=\"color: #da9f4d;\">Ideal Serving Temperature: <\/span><\/strong><span style=\"color: #da9f4d;\"><span style=\"color: #000000;\">16 C \u2013 18 C. We recommend decanting 15 \u2013 20 minutes before serving.<\/span><\/span>[\/vc_column_text][vc_btn title=\"Technical data sheet\" color=\"black\" link=\"url:http%3A%2F%2Fwww.zugober.com%2Fwp-content%2Fuploads%2F2018%2F08%2FBelezos-Granreserva_EN.pdf|||\"][\/vc_column][\/vc_row][vc_row full_width=\"stretch_row_content_no_spaces\" css=\".vc_custom_1480078511124{margin-top: -90px !important;}\"][vc_column][vc_single_image image=\"2112\" img_size=\"full\" alignment=\"center\" onclick=\"zoom\"][\/vc_column][\/vc_row]","_en_post_name":"belezos-gran-reserva","_en_post_excerpt":"","_en_post_title":"","edit_language":"en"},"_links":{"self":[{"href":"https:\/\/www.zugober.com\/en\/wp-json\/wp\/v2\/pages\/2109"}],"collection":[{"href":"https:\/\/www.zugober.com\/en\/wp-json\/wp\/v2\/pages"}],"about":[{"href":"https:\/\/www.zugober.com\/en\/wp-json\/wp\/v2\/types\/page"}],"author":[{"embeddable":true,"href":"https:\/\/www.zugober.com\/en\/wp-json\/wp\/v2\/users\/1"}],"replies":[{"embeddable":true,"href":"https:\/\/www.zugober.com\/en\/wp-json\/wp\/v2\/comments?post=2109"}],"version-history":[{"count":14,"href":"https:\/\/www.zugober.com\/en\/wp-json\/wp\/v2\/pages\/2109\/revisions"}],"predecessor-version":[{"id":3149,"href":"https:\/\/www.zugober.com\/en\/wp-json\/wp\/v2\/pages\/2109\/revisions\/3149"}],"wp:attachment":[{"href":"https:\/\/www.zugober.com\/en\/wp-json\/wp\/v2\/media?parent=2109"}],"curies":[{"name":"wp","href":"https:\/\/api.w.org\/{rel}","templated":true}]}}