{"id":2368,"date":"2017-06-13T16:56:11","date_gmt":"2017-06-13T16:56:11","guid":{"rendered":"http:\/\/www.zugober.com\/?page_id=2368"},"modified":"2019-07-17T17:25:06","modified_gmt":"2019-07-17T17:25:06","slug":"","status":"publish","type":"page","link":"https:\/\/www.zugober.com\/en\/pagina-ingles\/","title":{"rendered":"","raw":""},"content":{"rendered":"","protected":false,"raw":""},"excerpt":{"rendered":"[vc_row][vc_column]BELEZOS About Us[vc_column_text] [\/vc_column_text][\/vc_column][\/vc_row][vc_row][vc_column width=\"1\/2\"][vc_single_image image=\"1847\" img_size=\"full\" alignment=\"right\"][\/vc_column][vc_column width=\"1\/2\"][vc_column_text]Hablar de nuestra bodega, es hablar de nosotros, de nuestra familia, de nuestros sue\u00f1os, de nuestra peque\u00f1a [...]","protected":false,"raw":""},"author":1,"featured_media":0,"parent":0,"menu_order":0,"comment_status":"closed","ping_status":"closed","template":"","meta":{"_zh_post_content":"","_zh_post_name":"pagina-ingles","_zh_post_excerpt":"","_zh_post_title":"","_es_post_content":"[vc_row][vc_column][ca_heading_title header_type=\"small_large_title\" text_align=\"center\" header_style=\"dark\" small_title=\"BELEZOS\" large_title=\"About Us\"][vc_column_text]\r\n\r\n<hr \/>\r\n\r\n[\/vc_column_text][\/vc_column][\/vc_row][vc_row][vc_column width=\"1\/2\"][vc_single_image image=\"1847\" img_size=\"full\" alignment=\"right\"][\/vc_column][vc_column width=\"1\/2\"][vc_column_text]Hablar de nuestra bodega, es hablar de nosotros, de nuestra familia, de nuestros sue\u00f1os, de nuestra peque\u00f1a historia.\r\n\r\nEn 1987 nos dejamos atrapar por estos accidentados terrenos, antiguas vi\u00f1as amparadas de los fr\u00edos extremos por la Sierra de Cantabria, orientadas al Sur, con el Sol como mejor aliado, un entorno \u00fanico y privilegiado donde crear Bodegas Zug\u00f3ber.\r\n\r\nLa familia ha crecido y nuestros hijos, que participan de nuestra pasi\u00f3n por la tierra que los ha visto crecer, llevan su alma dentro.[\/vc_column_text][\/vc_column][\/vc_row][vc_row][vc_column][vc_column_text]\r\n\r\nLa tradici\u00f3n vitivin\u00edcola de mi familia tiene sus ra\u00edces en Jerez y se remonta a 1898. Maribel tambi\u00e9n creci\u00f3 rodeada de un entorno cuya vida giraba alrededor del vi\u00f1edo, que ya sus abuelos cultivaban. El saber heredado, los estudios realizados en Burdeos, el deseo innovador impregnan Belezos. Pero hay algo m\u00e1s que nos diferencia, ser una bodega familiar, que apuesta por una producci\u00f3n limitada de vinos de gran calidad. Nuestros vinos son ideados desde la vi\u00f1a, desde el saber hacer en ella y son criados en bodega para ser \u00fanicos, para que cada uno de ellos cuente su propia historia.\r\n\r\nSaber que los sue\u00f1os son irrenunciables, creer en lo que haces, decidir que s\u00f3lo hay un camino: la calidad, y nunca poner barreras a la creatividad es nuestra forma de entender el vino.\r\n\r\nCada vino tiene su personalidad, cada Belezos es fruto de un sue\u00f1o. Nuestros vinos han ido evolucionado con nosotros. Comenzamos haciendo vinos modernos, atrevidos, vinos que marcaban una forma diferente de hacer en Rioja, y posteriormente\u00a0 sumamos a esta gama una familia de vinos tradicionales.En los \u00faltimos a\u00f1os hemos vuelto a esas raices innovadoras de Belezos, con nuestros vinos de finca.\r\n\r\nAhora en Belezos conviven dos gamas de vinos, nuestros vinos cl\u00e1sicos y nuestros vinos de finca.Vinos cl\u00e1sicos pero actuales. vinos con tradici\u00f3n pero personales. origen Rioja Alavesa, originalidad Belezos.\r\n\r\nVinos de Finca, bajo un concepto Una finca, un vino.Vinos con savia renovada. Nuestros hijos, Manuel y Kerman, han absobido y vivido nuestra pasi\u00f3n por el mundo del vino y han aportado el atrevimiento y la radicialidad de la juventud para crear nuevos proyectos tan personales como nuestros vinos de finca.\r\n\r\nEspero que veng\u00e1is a visitarnos, descender con nosotros al calado, catar nuestros vinos, participar de nuestra pasi\u00f3n por lo que hacemos, lo que hemos vivido y pasar buenos momentos en la mejor compa\u00f1\u00eda.[\/vc_column_text][\/vc_column][\/vc_row][vc_row][vc_column][vc_single_image image=\"2351\" img_size=\"full\" alignment=\"center\"][\/vc_column][\/vc_row][vc_row full_width=\"stretch_row_content_no_spaces\"][vc_column][vc_single_image image=\"2210\" img_size=\"full\" alignment=\"center\" onclick=\"zoom\"][\/vc_column][\/vc_row]","_es_post_name":"pagina-ingles","_es_post_excerpt":"","_es_post_title":"Belezos xxx","_en_post_content":"","_en_post_name":"","_en_post_excerpt":"","_en_post_title":"","edit_language":"en"},"_links":{"self":[{"href":"https:\/\/www.zugober.com\/en\/wp-json\/wp\/v2\/pages\/2368"}],"collection":[{"href":"https:\/\/www.zugober.com\/en\/wp-json\/wp\/v2\/pages"}],"about":[{"href":"https:\/\/www.zugober.com\/en\/wp-json\/wp\/v2\/types\/page"}],"author":[{"embeddable":true,"href":"https:\/\/www.zugober.com\/en\/wp-json\/wp\/v2\/users\/1"}],"replies":[{"embeddable":true,"href":"https:\/\/www.zugober.com\/en\/wp-json\/wp\/v2\/comments?post=2368"}],"version-history":[{"count":6,"href":"https:\/\/www.zugober.com\/en\/wp-json\/wp\/v2\/pages\/2368\/revisions"}],"predecessor-version":[{"id":2381,"href":"https:\/\/www.zugober.com\/en\/wp-json\/wp\/v2\/pages\/2368\/revisions\/2381"}],"wp:attachment":[{"href":"https:\/\/www.zugober.com\/en\/wp-json\/wp\/v2\/media?parent=2368"}],"curies":[{"name":"wp","href":"https:\/\/api.w.org\/{rel}","templated":true}]}}