{"id":569,"date":"2015-12-10T13:58:01","date_gmt":"2015-12-10T13:58:01","guid":{"rendered":"http:\/\/demo.catanisthemes.com\/luvaniz\/?page_id=569"},"modified":"2024-07-31T08:50:26","modified_gmt":"2024-07-31T08:50:26","slug":"homepage-v3","status":"publish","type":"page","link":"https:\/\/www.zugober.com\/en\/homepage-v3\/","title":{"rendered":"","raw":""},"content":{"rendered":"","protected":false,"raw":""},"excerpt":{"rendered":"El pasado 17 de noviembre, parte del equipo directivo de\u00a0La Casa del Tabaco\u00a0tuvo el placer de visitar las\u00a0Bodegas Zugober\u00a0Belezos, situadas en el municipio alav\u00e9s de [...]","protected":false,"raw":""},"author":1,"featured_media":0,"parent":0,"menu_order":0,"comment_status":"closed","ping_status":"closed","template":"","meta":{"_zh_post_content":"","_zh_post_name":"homepage-v3","_zh_post_excerpt":"","_zh_post_title":"","_es_post_content":"[vc_row full_width=\"stretch_row_content\" css=\".vc_custom_1616782953474{margin-top: -100px !important;}\"][vc_column][rev_slider slidertitle=\"Slider home 01\" alias=\"slider-home01\"][\/vc_column][\/vc_row][vc_row full_width=\"stretch_row_content_no_spaces\" content_placement=\"middle\" el_id=\"about\" css=\".vc_custom_1480079000301{margin-top: -125px !important;margin-bottom: 0px !important;}\"][vc_column][ca_about style=\"home3\" image=\"1847\" height=\"540px\"][ca_heading_title header_type=\"small_large_title\" border_bottom=\"no\" text_align=\"center\" header_style=\"dark\" small_title=\"BELEZOS\" large_title=\"<b>Sobre nosotros<\/b>\"]\r\n\r\nHablar de nuestra bodega es hablar de nosotros, de nuestra familia, de nuestros sue\u00f1os y de nuestra peque\u00f1a historia.\r\n\r\nEn 1987 nos dejamos atrapar por estos accidentados terrenos, antiguas vi\u00f1as amparadas por los fr\u00edos extremos de la Sierra de Cantabria en (Rioja Alavesa), orientadas al Sur, con el Sol como mejor aliado, un entorno \u00fanico y privilegiado donde crear Bodegas Zugober.\r\n\r\nLa familia ha crecido y nuestros hijos, que participan de nuestra pasi\u00f3n por la tierra que los ha visto crecer, llevan su alma dentro. (lo llevan dentro: esa pasi\u00f3n por la tierra)\r\n\r\n[ca_button title=\"LEER M\u00c1S\" icon_fontawesome=\"fa fa-bookmark-o\" link=\"url:nosotros|title:OUR%20WORKS|target:%20_blank\"][\/ca_about][\/vc_column][\/vc_row][vc_row full_width=\"stretch_row\" el_class=\"ca-team-section gris-oscuro\" css=\".vc_custom_1544614177417{margin-bottom: 0px !important;padding-top: 75px !important;padding-bottom: 85px !important;background-color: #3a3a3a !important;}\" ca_animation_class=\"fadeIn\" el_id=\"vinos\"][vc_column][ca_heading_title header_type=\"small_large_title\" text_align=\"center\" header_style=\"white\" small_title=\"VINOS\" large_title=\"DE FINCA\"][vc_column_text]\r\n<p style=\"text-align: center;\"><span style=\"color: #d64800;\"><strong><em>Una finca, un vino.<\/em> <\/strong><\/span>\r\nVinos que se crean desde la tierra y se piensan desde la misma finca. Muchas veces nos hemos preguntado, si fuimos nosotros quienes elegimos esta tierra o ha sido ella quien nos ha elegido. Y el mejor homenaje a este terroir es conseguir que cada vino exprese la finca donde nace, su tierra, su edad, su altitud, el sol y el viento.<\/p>\r\n[\/vc_column_text][ca_team style=\"carousel\" cols_on_row=\"cols_3\" ids=\"2436,847,846,2553,2720\" color_style=\"white\" is_slider=\"yes\"][\/vc_column][\/vc_row][vc_row full_width=\"stretch_row\" el_class=\"ca-team-section gris-claro\" css=\".vc_custom_1544614192141{margin-bottom: 0px !important;padding-top: 75px !important;padding-bottom: 85px !important;background-color: #dddddd !important;}\" ca_animation_class=\"fadeIn\"][vc_column][ca_heading_title header_type=\"small_large_title\" text_align=\"center\" header_style=\"dark\" small_title=\"VINOS\" large_title=\"CL\u00c1SICOS\" border_bottom=\"no\"][vc_column_text css=\".vc_custom_1479807200024{margin-bottom: 60px !important;}\"]\r\n<p style=\"text-align: center;\"><span style=\"color: #da9f4d;\"><em><strong>Origen y originalidad.<\/strong><\/em><\/span>\r\n<span style=\"color: #333333;\">La experiencia nos llev\u00f3 a reflexionar sobre el dilema, tradici\u00f3n o modernidad, que siempre ha acompa\u00f1ado a la DOCa Rioja. Y el tiempo nos ha dado la respuesta, no es necesario romper, sino convivir, evolucionar y mejorar. Vinos cl\u00e1sicos pero actuales, vinos con tradici\u00f3n pero personales, vinos que armonizan barrica y fruta, elegancia y car\u00e1cter. Origen Rioja Alavesa, originalidad Belezos.<\/span><\/p>\r\n[\/vc_column_text][ca_team style=\"carousel\" cols_on_row=\"cols_3\" ids=\"1402,1403,1404,1405\" color_style=\"dark\" is_slider=\"yes\" animation_duration=\"0\"][\/vc_column][\/vc_row][vc_row full_width=\"stretch_row\" css=\".vc_custom_1452620244836{margin-bottom: 0px !important;padding-top: 65px !important;background-color: #f5f5f5 !important;}\" el_class=\"ca-skill-section skill-home3\"][vc_column width=\"1\/3\" css=\".vc_custom_1452620040141{margin-bottom: 0px !important;}\" ca_animation_class=\"fadeInLeft\"][vc_single_image image=\"1890\" img_size=\"full\" css=\".vc_custom_1479382912707{margin-bottom: 0px !important;}\"][\/vc_column][vc_column width=\"2\/3\" css=\".vc_custom_1452620240223{padding-top: 25px !important;}\" ca_animation_class=\"fadeInRight\"][ca_heading_title header_type=\"small_large_title\" text_align=\"center\" header_style=\"dark\" small_title=\"LA F\u00d3RMULA DE LA FELICIDAD\" large_title=\"50\/50\" border_bottom=\"no\"][vc_column_text css=\".vc_custom_1479813197481{margin-bottom: 45px !important;}\"]\r\n<p style=\"text-align: center;\"><em>Nosotros hacemos el vino, t\u00fa creas momentos<\/em><\/p>\r\n[\/vc_column_text][vc_row_inner content_placement=\"middle\" css=\".vc_custom_1480501202508{padding-left: 110px !important;}\"][vc_column_inner css=\".vc_custom_1479813003702{margin-left: 50px !important;}\"][ca_counter_circle filledcolor=\"#d6481f\" unfilledcolor=\"#dcdcdc\" title=\"NUESTRO TRABAJO\" percent=\"50\" size=\"150\" strokesize=\"5\"]50%[\/ca_counter_circle][ca_counter_circle filledcolor=\"#d6481f\" unfilledcolor=\"#dcdcdc\" title=\"TU MOMENTO\" percent=\"50\" size=\"150\" strokesize=\"5\"]50%[\/ca_counter_circle][\/vc_column_inner][\/vc_row_inner][vc_btn title=\"LEER M\u00c1S\" style=\"custom\" custom_background=\"#3d3d3d\" custom_text=\"#ffffff\" shape=\"square\" align=\"center\" link=\"url:http%3A%2F%2Fwww.zugober.com%2Fes%2F5050-2%2F|||\"][\/vc_column][\/vc_row][vc_row full_width=\"stretch_row_content_no_spaces\" css=\".vc_custom_1452620058266{margin-bottom: 0px !important;padding-top: 75px !important;}\" el_id=\"work\" ca_animation_class=\"fadeIn\"][vc_column][ca_heading_title header_type=\"small_large_title\" text_align=\"center\" header_style=\"dark\" small_title=\"NUESTROS\" large_title=\"Vi\u00f1edos\" border_bottom=\"no\"][ca_portfolio column=\"2\" port_style=\"grid\" show_filter=\"yes\" orderby=\"date\" order=\"DESC\" hover_style=\"style-3\" with_spacing=\"no\" show_loadmore=\"no\" show_paging=\"no\" count=\"4\" class=\"text-center\" port_categories=\"vi\u00f1edos\"][\/vc_column][\/vc_row][vc_row css=\".vc_custom_1456244174188{margin-bottom: 0px !important;padding-top: 75px !important;padding-bottom: 70px !important;}\" el_id=\"blog\" el_class=\"ca-blog-section\" ca_animation_class=\"fadeInUp\"][vc_column][ca_heading_title header_type=\"small_large_title\" text_align=\"center\" header_style=\"dark\" small_title=\"ULTIMAS\" large_title=\"Noticias\" border_bottom=\"no\"][vc_column_text css=\".vc_custom_1488272942284{margin-bottom: 40px !important;padding-bottom: 0px !important;}\"][\/vc_column_text][ca_recent_posts layout=\"masonry\" columns=\"3\" number_posts=\"3\" show_paging=\"no\"][\/vc_column][\/vc_row][vc_row full_width=\"stretch_row_content_no_spaces\" el_id=\"contact\" css=\".vc_custom_1450042330086{margin-bottom: 0px !important;}\"][vc_column][vc_column_text]\r\n<pre>[mapsmarker marker=\"1\"]<\/pre>\r\n[\/vc_column_text][\/vc_column][\/vc_row][vc_row css=\".vc_custom_1452787703658{margin-bottom: 0px !important;padding-top: 75px !important;padding-bottom: 100px !important;}\" el_class=\"ca-contact-section contact-home3\" ca_animation_class=\"fadeIn\"][vc_column][ca_heading_title header_type=\"small_large_title\" text_align=\"center\" header_style=\"dark\" large_title=\"Contacto\" border_bottom=\"no\"][vc_column_text][\/vc_column_text][vc_row_inner css=\".vc_custom_1450586723812{margin-bottom: -15px !important;}\"][vc_column_inner width=\"1\/3\"][ca_iconbox heading=\"TEL\u00c9FONO\" subject=\"945 62 72 28\" icon_fontawesome=\"fa fa-phone\" icon_color=\"#404040\" icon_color_hover=\"#ffffff\"][\/vc_column_inner][vc_column_inner width=\"1\/3\"][ca_iconbox heading=\"DIRECCI\u00d3N\" subject=\"Tejerias Kalea, 13-15, 01306 Lapuebla de Labarca, Araba\" icon_fontawesome=\"fa fa-map-marker\" icon_color=\"#404040\" icon_color_hover=\"#ffffff\"][\/vc_column_inner][vc_column_inner width=\"1\/3\"][ca_iconbox heading=\"EMAIL\" subject=\"contacto@belezos.com\" icon_fontawesome=\"fa fa-envelope-o\" icon_color=\"#404040\" icon_color_hover=\"#ffffff\"][\/vc_column_inner][\/vc_row_inner][ca_contactform form=\"715\" header_type=\"small_large_title\" border_bottom=\"no\" text_align=\"center\" header_style=\"dark\" small_title=\"KEEP\" large_title=\"Contact\"][\/ca_contactform][\/vc_column][\/vc_row][vc_row][vc_column][vc_empty_space][\/vc_column][\/vc_row]","_es_post_name":"homepage-v3","_es_post_excerpt":"","_es_post_title":"HomePage V3","_en_post_content":"","_en_post_name":"homepage-v3","_en_post_excerpt":"","_en_post_title":"","edit_language":"en"},"_links":{"self":[{"href":"https:\/\/www.zugober.com\/en\/wp-json\/wp\/v2\/pages\/569"}],"collection":[{"href":"https:\/\/www.zugober.com\/en\/wp-json\/wp\/v2\/pages"}],"about":[{"href":"https:\/\/www.zugober.com\/en\/wp-json\/wp\/v2\/types\/page"}],"author":[{"embeddable":true,"href":"https:\/\/www.zugober.com\/en\/wp-json\/wp\/v2\/users\/1"}],"replies":[{"embeddable":true,"href":"https:\/\/www.zugober.com\/en\/wp-json\/wp\/v2\/comments?post=569"}],"version-history":[{"count":267,"href":"https:\/\/www.zugober.com\/en\/wp-json\/wp\/v2\/pages\/569\/revisions"}],"predecessor-version":[{"id":3700,"href":"https:\/\/www.zugober.com\/en\/wp-json\/wp\/v2\/pages\/569\/revisions\/3700"}],"wp:attachment":[{"href":"https:\/\/www.zugober.com\/en\/wp-json\/wp\/v2\/media?parent=569"}],"curies":[{"name":"wp","href":"https:\/\/api.w.org\/{rel}","templated":true}]}}