{"id":2096,"date":"2016-11-28T15:42:56","date_gmt":"2016-11-28T15:42:56","guid":{"rendered":"http:\/\/www.zugober.com\/WEB16\/?page_id=2096"},"modified":"2024-07-30T07:28:45","modified_gmt":"2024-07-30T07:28:45","slug":"belezos-crianza","status":"publish","type":"page","link":"https:\/\/www.zugober.com\/es\/belezos-crianza\/","title":{"rendered":"Belezos Crianza"},"content":{"rendered":"<div class=\"wpb-content-wrapper\">[vc_row full_width=\u00bbstretch_row\u00bb css=\u00bb.vc_custom_1480078472471{margin-top: -90px !important;padding-top: 150px !important;background-color: #303030 !important;}\u00bb][vc_column][vc_video link=\u00bbhttps:\/\/vimeo.com\/206385555&#8243; css=\u00bb.vc_custom_1488529145085{margin-top: -100px !important;}\u00bb][\/vc_column][\/vc_row][vc_row full_width=\u00bbstretch_row\u00bb content_placement=\u00bbmiddle\u00bb css=\u00bb.vc_custom_1480332279986{margin-top: -60px !important;padding-top: 120px !important;padding-bottom: 90px !important;background-color: #d8d8d8 !important;background-position: center !important;background-repeat: no-repeat !important;background-size: cover !important;}\u00bb][vc_column width=\u00bb1\/2&#8243;][vc_single_image image=\u00bb2454&#8243; img_size=\u00bbfull\u00bb alignment=\u00bbcenter\u00bb css_animation=\u00bbnone\u00bb][\/vc_column][vc_column width=\u00bb1\/2&#8243;]<h3 id=\"heading1233612268\" class=\"heading-title small-large-title style-dark align-left \"><span><i>BELEZOS<\/i> Crianza<\/span><\/h3>[vc_column_text css=\u00bb.vc_custom_1480344304869{border-radius: 2px !important;}\u00bb]\n<hr \/>\n[\/vc_column_text][vc_column_text css_animation=\u00bbnone\u00bb]<span style=\"color: #da9f4d;\"><em>Un vino en la l\u00ednea de la mejor tradici\u00f3n de los crianza de Rioja que nos ofrece elegancia y finura. Un vino que siempre convence, que est\u00e1 por encima de tendencias, un vino con un estilo que perdura en el tiempo.<\/em><\/span><\/p>\n<p><strong><span style=\"color: #da9f4d;\">Variedades:<\/span><\/strong> Tempranillo 100%.<\/p>\n<p><strong><span style=\"color: #da9f4d;\">Edad Vi\u00f1edo:<\/span><\/strong> M\u00e1s de 15 a\u00f1os.<\/p>\n<p><strong><span style=\"color: #da9f4d;\">Cata:<\/span><\/strong> Color roja granate con irisaciones rub\u00edes. Aromas intensos, limpios, recuerdo a fruta roja y fondos especiados aportados por la madera. Sabroso y largo al paso por boca sobresaliendo la fruta madura.<\/p>\n<p><strong><span style=\"color: #da9f4d;\">Crianza en barrica:<\/span><\/strong> 14 meses en roble americano.<\/p>\n<p><strong><span style=\"color: #da9f4d;\">Crianza en botella:<\/span><\/strong> M\u00ednimo 6 meses.<\/p>\n<p><strong><span style=\"color: #da9f4d;\">Graduaci\u00f3n:<\/span><\/strong> 13,5% VOL.<\/p>\n<p><strong><span style=\"color: #da9f4d;\">Temperatura de consumo:<\/span><\/strong> 16\u00b0 C &#8211; 18\u00b0 C.[\/vc_column_text][vc_btn title=\u00bbDescargar Ficha\u00bb color=\u00bbblack\u00bb link=\u00bburl:http%3A%2F%2Fwww.zugober.com%2Fwp-content%2Fuploads%2F2018%2F08%2FBelezos-crianza.pdf||target:%20_blank|\u00bb][\/vc_column][\/vc_row][vc_row full_width=\u00bbstretch_row_content_no_spaces\u00bb css=\u00bb.vc_custom_1480078511124{margin-top: -90px !important;}\u00bb][vc_column][vc_single_image image=\u00bb2098&#8243; img_size=\u00bbfull\u00bb alignment=\u00bbcenter\u00bb onclick=\u00bbzoom\u00bb][\/vc_column][\/vc_row]\n<\/div>","protected":false},"excerpt":{"rendered":"<p>[vc_row full_width=\u00bbstretch_row\u00bb css=\u00bb.vc_custom_1480078472471{margin-top: -90px !important;padding-top: 150px !important;background-color: #303030 !important;}\u00bb][vc_column][vc_video link=\u00bbhttps:\/\/vimeo.com\/206385555&#8243; css=\u00bb.vc_custom_1488529145085{margin-top: -100px !important;}\u00bb][\/vc_column][\/vc_row][vc_row full_width=\u00bbstretch_row\u00bb content_placement=\u00bbmiddle\u00bb css=\u00bb.vc_custom_1480332279986{margin-top: -60px !important;padding-top: 120px !important;padding-bottom: 90px !important;background-color: #d8d8d8 !important;background-position: center [&hellip;]<\/p>\n","protected":false},"author":1,"featured_media":0,"parent":0,"menu_order":0,"comment_status":"closed","ping_status":"closed","template":"","meta":{"_zh_post_content":"[vc_row full_width=\"stretch_row\" css=\".vc_custom_1480078472471{margin-top: -90px !important;padding-top: 150px !important;background-color: #303030 !important;}\"][vc_column][vc_video link=\"https:\/\/vimeo.com\/206385555\" css=\".vc_custom_1488529145085{margin-top: -100px !important;}\"][\/vc_column][\/vc_row][vc_row full_width=\"stretch_row\" content_placement=\"middle\" css=\".vc_custom_1480332279986{margin-top: -60px !important;padding-top: 120px !important;padding-bottom: 90px !important;background-color: #d8d8d8 !important;background-position: center !important;background-repeat: no-repeat !important;background-size: cover !important;}\"][vc_column width=\"1\/2\"][vc_single_image image=\"2454\" img_size=\"full\" alignment=\"center\" css_animation=\"slideInLeft\"][\/vc_column][vc_column width=\"1\/2\"][ca_heading_title header_type=\"small_large_title\" text_align=\"left\" header_style=\"dark\" small_title=\"BELEZOS\" large_title=\"\u8d1d\u52d2\u4f73\u917f\u5e72\u7ea2\"][vc_column_text css=\".vc_custom_1480344304869{border-radius: 2px !important;}\"]\r\n\r\n<hr \/>\r\n\r\n[\/vc_column_text][vc_column_text css_animation=\"slideInRight\"]<em>\u8fd9\u6b3e\u4f73\u917f\u8461\u8404\u9152\u5145\u5206\u4f53\u73b0\u4e86\u91cc\u5965\u54c8\u4f20\u7edf\u917f\u9152\u7684\u5de5\u827a\uff0c\u5448\u73b0\u7ed9\u4e86\u6211\u4eec\u4f18\u96c5\u548c\u7cbe\u81f4\u7684\u683c\u8c03\u3002\u5b83\u662f\u4e00\u6b3e\u59cb\u7ec8\u4ee4\u4eba\u4fe1\u670d\u7684\u8461\u8404\u9152\uff0c\u6c38\u8fdc\u8d70\u5728\u6f6e\u6d41\u7684\u524d\u6cbf\uff0c\u6c38\u4e0d\u8fc7\u65f6\u3002<\/em>\r\n\r\n<strong>\u8461\u8404\u54c1\u79cd\uff1a<\/strong>\u4e39\u9b44100\uff05\u3002\r\n\r\n<strong>\u8461\u8404\u5e74\u4efd\uff1a<\/strong>\uff1e15\u5e74\u3002\r\n\r\n<strong>\u54c1\u9274\uff1a<\/strong>\u9152\u4f53\u5448\u77f3\u69b4\u7ea2\u8272\u3002\u9999\u6c14\u6d53\u90c1\u3001\u7eaf\u51c0\uff0c\u5145\u6ee1\u8ff7\u4eba\u7684\u7ea2\u8272\u6d46\u679c\u548c\u6a61\u6728\u6876\u6240\u8d4b\u4e88\u7684\u72ec\u7279\u9999\u6c14\u3002\u53e3\u611f\u7ec6\u817b\u5747\u8861\uff0c\u5355\u5b81\u67d4\u987a\uff0c\u4f59\u9999\u6301\u4e45\u3002\r\n\r\n<strong>\u6876\u917f\u65f6\u95f4\uff1a<\/strong>\u7f8e\u56fd\u6a61\u6728\u687614\u4e2a\u6708\u3002\r\n\r\n<strong>\u50a8\u74f6\u65f6\u95f4\uff1a<\/strong>\uff1e6\u4e2a\u6708\u3002\r\n\r\n<strong>\u9152\u7cbe\u5ea6\uff1a<\/strong>13.5\uff05VOL\u3002\r\n\r\n<strong>\u9002\u996e\u6e29\u5ea6\uff1a<\/strong>16\u00b0C - 18\u00b0C\u3002\r\n\r\n[\/vc_column_text][vc_btn title=\"\u4ea7\u54c1\u4ecb\u7ecd\u4e0b\u8f7d\" color=\"black\" link=\"url:http%3A%2F%2Fwww.zugober.com%2Fwp-content%2Fuploads%2F2018%2F08%2FBelezos-crianza.pdf||target:%20_blank|\"][\/vc_column][\/vc_row][vc_row full_width=\"stretch_row_content_no_spaces\" css=\".vc_custom_1480078511124{margin-top: -90px !important;}\"][vc_column][vc_single_image image=\"2098\" img_size=\"full\" alignment=\"center\" onclick=\"zoom\"][\/vc_column][\/vc_row]","_zh_post_name":"belezos-crianza","_zh_post_excerpt":"","_zh_post_title":"\u8d1d\u52d2\u4f73\u917f\u5e72\u7ea2","_es_post_content":"[vc_row full_width=\"stretch_row\" css=\".vc_custom_1480078472471{margin-top: -90px !important;padding-top: 150px !important;background-color: #303030 !important;}\"][vc_column][vc_video link=\"https:\/\/vimeo.com\/206385555\" css=\".vc_custom_1488529145085{margin-top: -100px !important;}\"][\/vc_column][\/vc_row][vc_row full_width=\"stretch_row\" content_placement=\"middle\" css=\".vc_custom_1480332279986{margin-top: -60px !important;padding-top: 120px !important;padding-bottom: 90px !important;background-color: #d8d8d8 !important;background-position: center !important;background-repeat: no-repeat !important;background-size: cover !important;}\"][vc_column width=\"1\/2\"][vc_single_image image=\"2454\" img_size=\"full\" alignment=\"center\" css_animation=\"none\"][\/vc_column][vc_column width=\"1\/2\"][ca_heading_title header_type=\"small_large_title\" text_align=\"left\" header_style=\"dark\" small_title=\"BELEZOS\" large_title=\"Crianza\"][vc_column_text css=\".vc_custom_1480344304869{border-radius: 2px !important;}\"]\r\n\r\n<hr \/>\r\n\r\n[\/vc_column_text][vc_column_text css_animation=\"none\"]<span style=\"color: #da9f4d;\"><em>Un vino en la l\u00ednea de la mejor tradici\u00f3n de los crianza de Rioja que nos ofrece elegancia y finura. Un vino que siempre convence, que est\u00e1 por encima de tendencias, un vino con un estilo que perdura en el tiempo.<\/em><\/span>\r\n\r\n<strong><span style=\"color: #da9f4d;\">Variedades:<\/span><\/strong> Tempranillo 100%.\r\n\r\n<strong><span style=\"color: #da9f4d;\">Edad Vi\u00f1edo:<\/span><\/strong> M\u00e1s de 15 a\u00f1os.\r\n\r\n<strong><span style=\"color: #da9f4d;\">Cata:<\/span><\/strong> Color roja granate con irisaciones rub\u00edes. Aromas intensos, limpios, recuerdo a fruta roja y fondos especiados aportados por la madera. Sabroso y largo al paso por boca sobresaliendo la fruta madura.\r\n\r\n<strong><span style=\"color: #da9f4d;\">Crianza en barrica:<\/span><\/strong> 14 meses en roble americano.\r\n\r\n<strong><span style=\"color: #da9f4d;\">Crianza en botella:<\/span><\/strong> M\u00ednimo 6 meses.\r\n\r\n<strong><span style=\"color: #da9f4d;\">Graduaci\u00f3n:<\/span><\/strong> 13,5% VOL.\r\n\r\n<strong><span style=\"color: #da9f4d;\">Temperatura de consumo:<\/span><\/strong> 16\u00b0 C - 18\u00b0 C.[\/vc_column_text][vc_btn title=\"Descargar Ficha\" color=\"black\" link=\"url:http%3A%2F%2Fwww.zugober.com%2Fwp-content%2Fuploads%2F2018%2F08%2FBelezos-crianza.pdf||target:%20_blank|\"][\/vc_column][\/vc_row][vc_row full_width=\"stretch_row_content_no_spaces\" css=\".vc_custom_1480078511124{margin-top: -90px !important;}\"][vc_column][vc_single_image image=\"2098\" img_size=\"full\" alignment=\"center\" onclick=\"zoom\"][\/vc_column][\/vc_row]","_es_post_name":"belezos-crianza","_es_post_excerpt":"","_es_post_title":"Belezos Crianza","_en_post_content":"[vc_row full_width=\"stretch_row\" css=\".vc_custom_1480078472471{margin-top: -90px !important;padding-top: 150px !important;background-color: #303030 !important;}\"][vc_column][vc_video link=\"https:\/\/vimeo.com\/206385555\" css=\".vc_custom_1488529145085{margin-top: -100px !important;}\"][\/vc_column][\/vc_row][vc_row full_width=\"stretch_row\" content_placement=\"middle\" css=\".vc_custom_1480332279986{margin-top: -60px !important;padding-top: 120px !important;padding-bottom: 90px !important;background-color: #d8d8d8 !important;background-position: center !important;background-repeat: no-repeat !important;background-size: cover !important;}\"][vc_column width=\"1\/2\"][vc_single_image image=\"2454\" img_size=\"full\" alignment=\"center\" css_animation=\"slideInLeft\"][\/vc_column][vc_column width=\"1\/2\"][ca_heading_title header_type=\"small_large_title\" text_align=\"left\" header_style=\"dark\" small_title=\"BELEZOS\" large_title=\"Crianza\"][vc_column_text css=\".vc_custom_1480344304869{border-radius: 2px !important;}\"]\r\n\r\n<hr \/>\r\n\r\n[\/vc_column_text][vc_column_text css_animation=\"slideInRight\"]<em><span style=\"color: #da9f4d;\">A wine that follows the best traditions of D.O.Ca Rioja crianzas. Elegant and with finesse. A wine you can trust, whose style will never go out of fashion.<\/span><\/em>\r\n\r\n<strong><span style=\"color: #da9f4d;\">Barrel Ageing: <\/span><\/strong><span style=\"color: #000000;\">14 months in American oak.<\/span>\r\n\r\n<strong><span style=\"color: #da9f4d;\">Bottle Ageing: <\/span><\/strong><span style=\"color: #000000;\">At least 6 months.<\/span>\r\n\r\n<strong><span style=\"color: #da9f4d;\">Alcohol Content: <\/span><\/strong><span style=\"color: #000000;\">13.5% VOL.<\/span>\r\n\r\n<strong><span style=\"color: #da9f4d;\">Ideal Serving Temperature: <\/span><\/strong><span style=\"color: #000000;\">16 C \u2013 18 C.<\/span>[\/vc_column_text][vc_btn title=\"Technical data sheet\" color=\"black\" link=\"url:http%3A%2F%2Fwww.zugober.com%2Fwp-content%2Fuploads%2F2018%2F08%2FBelezos-crianza_EN.pdf||target:%20_blank|\"][\/vc_column][\/vc_row][vc_row full_width=\"stretch_row_content_no_spaces\" css=\".vc_custom_1480078511124{margin-top: -90px !important;}\"][vc_column][vc_single_image image=\"2098\" img_size=\"full\" alignment=\"center\" onclick=\"zoom\"][\/vc_column][\/vc_row]","_en_post_name":"belezos-crianza","_en_post_excerpt":"","_en_post_title":"","edit_language":"es"},"_links":{"self":[{"href":"https:\/\/www.zugober.com\/es\/wp-json\/wp\/v2\/pages\/2096"}],"collection":[{"href":"https:\/\/www.zugober.com\/es\/wp-json\/wp\/v2\/pages"}],"about":[{"href":"https:\/\/www.zugober.com\/es\/wp-json\/wp\/v2\/types\/page"}],"author":[{"embeddable":true,"href":"https:\/\/www.zugober.com\/es\/wp-json\/wp\/v2\/users\/1"}],"replies":[{"embeddable":true,"href":"https:\/\/www.zugober.com\/es\/wp-json\/wp\/v2\/comments?post=2096"}],"version-history":[{"count":11,"href":"https:\/\/www.zugober.com\/es\/wp-json\/wp\/v2\/pages\/2096\/revisions"}],"predecessor-version":[{"id":3155,"href":"https:\/\/www.zugober.com\/es\/wp-json\/wp\/v2\/pages\/2096\/revisions\/3155"}],"wp:attachment":[{"href":"https:\/\/www.zugober.com\/es\/wp-json\/wp\/v2\/media?parent=2096"}],"curies":[{"name":"wp","href":"https:\/\/api.w.org\/{rel}","templated":true}]}}