{"id":2539,"date":"2018-12-12T10:45:31","date_gmt":"2018-12-12T10:45:31","guid":{"rendered":"http:\/\/www.zugober.com\/?page_id=2539"},"modified":"2024-07-29T08:13:56","modified_gmt":"2024-07-29T08:13:56","slug":"finca-la-malgranda","status":"publish","type":"page","link":"https:\/\/www.zugober.com\/es\/finca-la-malgranda\/","title":{"rendered":"Finca La Malgranda"},"content":{"rendered":"<div class=\"wpb-content-wrapper\">[vc_row full_width=\u00bbstretch_row\u00bb content_placement=\u00bbmiddle\u00bb css=\u00bb.vc_custom_1480077689573{margin-top: -60px !important;padding-top: 120px !important;padding-bottom: 90px !important;background-color: #0a0a0a !important;background-position: center !important;background-repeat: no-repeat !important;background-size: cover !important;}\u00bb][vc_column width=\u00bb1\/2&#8243;][vc_single_image image=\u00bb2540&#8243; img_size=\u00bbfull\u00bb alignment=\u00bbcenter\u00bb css_animation=\u00bbnone\u00bb][\/vc_column][vc_column width=\u00bb1\/2&#8243;]<h3 id=\"heading895013579\" class=\"heading-title small-large-title style-white align-left \"><span><i>FINCA<\/i> la Malgranda<\/span><\/h3>[vc_column_text css=\u00bb.vc_custom_1480074118313{border-radius: 2px !important;}\u00bb]\n<hr \/>\n[\/vc_column_text][vc_column_text css_animation=\u00bbnone\u00bb]<span style=\"color: #d6481f;\"><em>La grandeza de lo peque\u00f1o. En lo sencillo, en la humilde sabidur\u00eda de nuestra tierra est\u00e1 escondido un secreto. Nuestra forma de ver, nuestra forma de hacer. Nuestra forma de ser. Una peque\u00f1a tierra para un gran vino. Rioja Alavesa. El secreto de nuestro origen. Saber hacer grande lo m\u00e1s peque\u00f1o.<br \/>\n<\/em><\/span><\/p>\n<p><strong><span style=\"color: #d6481f;\">Variedades:<\/span><\/strong><span style=\"color: #ffffff;\">\u00a0Viura 100 %.<\/span><\/p>\n<p><span style=\"color: #d6481f;\"><strong>Edad del Vi\u00f1edo:<\/strong><\/span> <span style=\"color: #ffffff;\">M\u00e1s de 25 a\u00f1os de edad.<\/span><\/p>\n<p><strong><span style=\"color: #d6481f;\">Cata:<\/span><\/strong>\u00a0<span style=\"color: #ffffff;\">Color amarillo oro. Por su tiempo de crianza,cuanto m\u00e1s respira m\u00e1s matices desvela. Membrillo y ecos de cantos que rememoran la vi\u00f1a de la que procede. Fragante y elegante.<\/span><\/p>\n<p><strong><span style=\"color: #d6481f;\">Tiempo en barrica:<\/span><\/strong> <span style=\"color: #ffffff;\">20 meses en barrica de roble frances de 500 litros.<\/span><\/p>\n<p><strong><span style=\"color: #d6481f;\">Tiempo en botella:<\/span><\/strong> <span style=\"color: #ffffff;\">M\u00e1s de 1 a\u00f1o.<br \/>\n<\/span><\/p>\n<p><strong><span style=\"color: #d6481f;\">Graduaci\u00f3n:<\/span><\/strong> <span style=\"color: #ffffff;\">13,5\u00ba<\/span><\/p>\n<p><strong><span style=\"color: #d6481f;\">Temperatura de consumo:<\/span><\/strong><span style=\"color: #ffffff;\"> 8\u00b0 C &#8211; 10\u00b0 C.<\/span>[\/vc_column_text][vc_btn title=\u00bbFicha T\u00e9cnica\u00bb link=\u00bburl:http%3A%2F%2Fwww.zugober.com%2Fwp-content%2Fuploads%2F2018%2F12%2FBelezos-Malgranda.pdf||target:%20_blank|\u00bb][vc_btn title=\u00bbDatos Nutricionales\u00bb css=\u00bb.vc_custom_1721288790495{padding-left: 20px !important;}\u00bb link=\u00bburl:https%3A%2F%2Fwww.zugober.com%2Fes%2Fdatos-nutricionales-finca-la-malgranda%2F|title:Datos%20Nutricionales\u00bb][\/vc_column][\/vc_row][vc_row full_width=\u00bbstretch_row_content_no_spaces\u00bb css=\u00bb.vc_custom_1480078511124{margin-top: -90px !important;}\u00bb][vc_column][vc_single_image image=\u00bb2090&#8243; img_size=\u00bbfull\u00bb alignment=\u00bbcenter\u00bb onclick=\u00bbzoom\u00bb][\/vc_column][\/vc_row]\n<\/div>","protected":false},"excerpt":{"rendered":"<p>[vc_row full_width=\u00bbstretch_row\u00bb content_placement=\u00bbmiddle\u00bb css=\u00bb.vc_custom_1480077689573{margin-top: -60px !important;padding-top: 120px !important;padding-bottom: 90px !important;background-color: #0a0a0a !important;background-position: center !important;background-repeat: no-repeat !important;background-size: cover !important;}\u00bb][vc_column width=\u00bb1\/2&#8243;][vc_single_image image=\u00bb2540&#8243; img_size=\u00bbfull\u00bb alignment=\u00bbcenter\u00bb css_animation=\u00bbnone\u00bb][\/vc_column][vc_column width=\u00bb1\/2&#8243;][vc_column_text css=\u00bb.vc_custom_1480074118313{border-radius: [&hellip;]<\/p>\n","protected":false},"author":1,"featured_media":0,"parent":0,"menu_order":0,"comment_status":"closed","ping_status":"closed","template":"","meta":{"_zh_post_content":"[vc_row full_width=\"stretch_row\" content_placement=\"middle\" css=\".vc_custom_1480077689573{margin-top: -60px !important;padding-top: 120px !important;padding-bottom: 90px !important;background-color: #0a0a0a !important;background-position: center !important;background-repeat: no-repeat !important;background-size: cover !important;}\"][vc_column width=\"1\/2\"][vc_single_image image=\"2540\" img_size=\"full\" alignment=\"center\" css_animation=\"slideInLeft\"][\/vc_column][vc_column width=\"1\/2\"][ca_heading_title header_type=\"small_large_title\" text_align=\"left\" header_style=\"white\" large_title=\"\u8d1d\u52d2\u73cd\u85cf\u5e72\u767d\"][vc_column_text css=\".vc_custom_1480074118313{border-radius: 2px !important;}\"]\r\n\r\n<hr \/>\r\n\r\n[\/vc_column_text][vc_column_text css_animation=\"slideInRight\"]\u5c0f\u4e8b\u7269\u4e2d\u7684\u4f1f\u5927\u3002\u5728\u8fd9\u7247\u8c26\u900a\u667a\u6167\u7684\u571f\u5730\u4e0a\u9690\u85cf\u7740\u4e00\u4e2a\u79d8\u5bc6\uff0c\u5b83\u5c31\u662f\u6211\u4eec\u7684\u601d\u8003\u65b9\u5f0f\u3001\u884c\u4e3a\u65b9\u5f0f\u4ee5\u53ca\u4e3a\u4eba\u5904\u4e16\u65b9\u5f0f\u3002\u4e00\u5c0f\u5757\u571f\u5730\u5374\u917f\u9020\u51fa\u4e86\u4e00\u6b3e\u4f1f\u5927\u7684\u8461\u8404\u9152\u3002\u91cc\u5965\u54c8\u963f\u62c9\u7ef4\u8428\uff0c\u6211\u4eec\u7684\u6210\u529f\u79d8\u8bc0\u5c31\u662f\u77e5\u9053\u5982\u4f55\u4ee5\u7ec6\u5fae\u4e4b\u5904\u73b0\u4f1f\u5927\u3002\r\n\r\n<strong>\u8461\u8404\u54c1\u79cd\uff1a<\/strong>\u7ef4\u5965\u5a1c100\uff05\r\n\r\n<strong>\u8461\u8404\u5e74\u4efd\uff1a<\/strong>\uff1e25\u5e74\u3002\r\n\r\n<strong>\u54c1\u9274\uff1a<\/strong>\u9152\u4f53\u5448\u91d1\u9ec4\u8272\u3002\u5145\u6ee1\u8ff7\u4eba\u7684\u679c\u9171\u548c\u575a\u679c\u6c14\u606f\u3002\u7ecf\u8fc7\u6a61\u6728\u6876\u548c\u74f6\u4e2d\u7684\u57f9\u517b\u4f7f\u5f97\u9152\u4e0e\u7a7a\u6c14\u63a5\u89e6\u540e\u9999\u6c14\u5145\u5206\u6563\u53d1\uff0c\u4e30\u5bcc\u591a\u53d8\uff0c\u7ec6\u81f4\u4f18\u96c5\u3002\r\n\r\n<strong>\u6876\u917f\u65f6\u95f4\uff1a<\/strong>\u6cd5\u56fd500\u5347\u6a61\u6728\u6876\u9648\u917f20\u4e2a\u6708\u3002\r\n\r\n<strong>\u50a8\u74f6\u65f6\u95f4\uff1a<\/strong>\uff1e12\u4e2a\u6708\u3002\r\n\r\n<strong>\u9152\u7cbe\u5ea6\uff1a<\/strong>13.5\uff05VOL\u3002\r\n\r\n<strong>\u9002\u996e\u6e29\u5ea6\uff1a<\/strong>8\u00b0C - 10\u00b0C\u3002[\/vc_column_text][vc_btn title=\"\u4ea7\u54c1\u4ecb\u7ecd\u4e0b\u8f7d\" link=\"url:http%3A%2F%2Fwww.zugober.com%2Fwp-content%2Fuploads%2F2018%2F12%2FBelezos-Malgranda.pdf||target:%20_blank|\"][\/vc_column][\/vc_row][vc_row full_width=\"stretch_row_content_no_spaces\" css=\".vc_custom_1480078511124{margin-top: -90px !important;}\"][vc_column][vc_single_image image=\"2090\" img_size=\"full\" alignment=\"center\" onclick=\"zoom\"][\/vc_column][\/vc_row]","_zh_post_name":"finca-la-malgranda","_zh_post_excerpt":"","_zh_post_title":"\u8d1d\u52d2\u73cd\u85cf\u5e72\u767d","_es_post_content":"[vc_row full_width=\"stretch_row\" content_placement=\"middle\" css=\".vc_custom_1480077689573{margin-top: -60px !important;padding-top: 120px !important;padding-bottom: 90px !important;background-color: #0a0a0a !important;background-position: center !important;background-repeat: no-repeat !important;background-size: cover !important;}\"][vc_column width=\"1\/2\"][vc_single_image image=\"2540\" img_size=\"full\" alignment=\"center\" css_animation=\"none\"][\/vc_column][vc_column width=\"1\/2\"][ca_heading_title header_type=\"small_large_title\" text_align=\"left\" header_style=\"white\" small_title=\"FINCA\" large_title=\"la Malgranda\"][vc_column_text css=\".vc_custom_1480074118313{border-radius: 2px !important;}\"]\r\n\r\n<hr \/>\r\n\r\n[\/vc_column_text][vc_column_text css_animation=\"none\"]<span style=\"color: #d6481f;\"><em>La grandeza de lo peque\u00f1o. En lo sencillo, en la humilde sabidur\u00eda de nuestra tierra est\u00e1 escondido un secreto. Nuestra forma de ver, nuestra forma de hacer. Nuestra forma de ser. Una peque\u00f1a tierra para un gran vino. Rioja Alavesa. El secreto de nuestro origen. Saber hacer grande lo m\u00e1s peque\u00f1o.\r\n<\/em><\/span>\r\n\r\n<strong><span style=\"color: #d6481f;\">Variedades:<\/span><\/strong><span style=\"color: #ffffff;\">\u00a0Viura 100 %.<\/span>\r\n\r\n<span style=\"color: #d6481f;\"><strong>Edad del Vi\u00f1edo:<\/strong><\/span> <span style=\"color: #ffffff;\">M\u00e1s de 25 a\u00f1os de edad.<\/span>\r\n\r\n<strong><span style=\"color: #d6481f;\">Cata:<\/span><\/strong>\u00a0<span style=\"color: #ffffff;\">Color amarillo oro. Por su tiempo de crianza,cuanto m\u00e1s respira m\u00e1s matices desvela. Membrillo y ecos de cantos que rememoran la vi\u00f1a de la que procede. Fragante y elegante.<\/span>\r\n\r\n<strong><span style=\"color: #d6481f;\">Tiempo en barrica:<\/span><\/strong> <span style=\"color: #ffffff;\">20 meses en barrica de roble frances de 500 litros.<\/span>\r\n\r\n<strong><span style=\"color: #d6481f;\">Tiempo en botella:<\/span><\/strong> <span style=\"color: #ffffff;\">M\u00e1s de 1 a\u00f1o.\r\n<\/span>\r\n\r\n<strong><span style=\"color: #d6481f;\">Graduaci\u00f3n:<\/span><\/strong> <span style=\"color: #ffffff;\">13,5\u00ba<\/span>\r\n\r\n<strong><span style=\"color: #d6481f;\">Temperatura de consumo:<\/span><\/strong><span style=\"color: #ffffff;\"> 8\u00b0 C - 10\u00b0 C.<\/span>[\/vc_column_text][vc_btn title=\"Ficha T\u00e9cnica\" link=\"url:http%3A%2F%2Fwww.zugober.com%2Fwp-content%2Fuploads%2F2018%2F12%2FBelezos-Malgranda.pdf||target:%20_blank|\"][vc_btn title=\"Datos Nutricionales\" css=\".vc_custom_1721288790495{padding-left: 20px !important;}\" link=\"url:https%3A%2F%2Fwww.zugober.com%2Fes%2Fdatos-nutricionales-finca-la-malgranda%2F|title:Datos%20Nutricionales\"][\/vc_column][\/vc_row][vc_row full_width=\"stretch_row_content_no_spaces\" css=\".vc_custom_1480078511124{margin-top: -90px !important;}\"][vc_column][vc_single_image image=\"2090\" img_size=\"full\" alignment=\"center\" onclick=\"zoom\"][\/vc_column][\/vc_row]","_es_post_name":"finca-la-malgranda","_es_post_excerpt":"","_es_post_title":"Finca La Malgranda","_en_post_content":"[vc_row full_width=\"stretch_row\" content_placement=\"middle\" css=\".vc_custom_1480077689573{margin-top: -60px !important;padding-top: 120px !important;padding-bottom: 90px !important;background-color: #0a0a0a !important;background-position: center !important;background-repeat: no-repeat !important;background-size: cover !important;}\"][vc_column width=\"1\/2\"][vc_single_image image=\"2540\" img_size=\"full\" alignment=\"center\" css_animation=\"slideInLeft\"][\/vc_column][vc_column width=\"1\/2\"][ca_heading_title header_type=\"small_large_title\" text_align=\"left\" header_style=\"white\" small_title=\"STATE\" large_title=\"La Malgranda\"][vc_column_text css=\".vc_custom_1480074118313{border-radius: 2px !important;}\"]\r\n\r\n<hr \/>\r\n\r\n[\/vc_column_text][vc_column_text css_animation=\"slideInRight\"]<em><span style=\"color: #d6481f;\">The greatness of the small, in the simplicity of the humble wisdom of our land, a secret is hidden. Our way of seeing, our way of doing. Our way of being. A small land, for great wine, La Rioja Alavesa - the secret of our origin. Knowing how to make the smallest big.\r\n<\/span><\/em>\r\n\r\n<strong><span style=\"color: #d6481f;\">Variety: <\/span><\/strong><span style=\"color: #ffffff;\">Viura 100 %.<\/span>\r\n\r\n<strong><span style=\"color: #d6481f;\">Age of Vineyard:\u00a0<\/span><\/strong><span style=\"color: #ffffff;\">More than 25 years old.<\/span>\r\n\r\n<strong><span style=\"color: #d6481f;\">Tasting: <\/span><\/strong><span style=\"color: #ffffff;\">Yellow gold color.for his time of upbringing, the more he breathes the more nuances he reveals. Quince and echoes of songs that recall the vine from which it comes.Fragrant and elegant.<\/span>\r\n\r\n<strong><span style=\"color: #d6481f;\">Barrel Ageing: <\/span><\/strong><span style=\"color: #ffffff;\">20 months in French oak barrels of 500 liters.<\/span>\r\n\r\n<strong><span style=\"color: #d6481f;\">Bottle Ageing: <\/span><\/strong><span style=\"color: #ffffff;\">&gt; 1 year .<\/span>\r\n\r\n<span style=\"color: #d6481f;\"><strong>Alcohol Content:<\/strong><\/span> <span style=\"color: #ffffff;\">13,5%<\/span>\r\n\r\n<strong><span style=\"color: #d6481f;\">Ideal Serving Temperature:<\/span><\/strong>\u00a0 <span style=\"color: #ffffff;\">8\u00baC \u2013 10 \u00ba C.<\/span>[\/vc_column_text][vc_btn title=\"Technical data sheet\" css=\".vc_custom_1721208736901{padding-right: 20px !important;}\" link=\"url:http%3A%2F%2Fwww.zugober.com%2Fwp-content%2Fuploads%2F2018%2F12%2FBelezos-Malgranda_EN.pdf||target:%20_blank|\"][vc_btn title=\"Nutrition Information\" css=\".vc_custom_1721287144221{padding-left: 20px !important;}\" link=\"url:https%3A%2F%2Fwww.zugober.com%2Fen%2Fnutrition-information-estate-la-malgranda%2F|title:Nutrition%20Information%20Finca%20la%20Malgranda\"][\/vc_column][\/vc_row][vc_row full_width=\"stretch_row_content_no_spaces\" css=\".vc_custom_1480078511124{margin-top: -90px !important;}\"][vc_column][vc_single_image image=\"2090\" img_size=\"full\" alignment=\"center\" onclick=\"zoom\"][\/vc_column][\/vc_row]","_en_post_name":"finca-la-malgranda","_en_post_excerpt":"","_en_post_title":"La Malgranda","edit_language":"es"},"_links":{"self":[{"href":"https:\/\/www.zugober.com\/es\/wp-json\/wp\/v2\/pages\/2539"}],"collection":[{"href":"https:\/\/www.zugober.com\/es\/wp-json\/wp\/v2\/pages"}],"about":[{"href":"https:\/\/www.zugober.com\/es\/wp-json\/wp\/v2\/types\/page"}],"author":[{"embeddable":true,"href":"https:\/\/www.zugober.com\/es\/wp-json\/wp\/v2\/users\/1"}],"replies":[{"embeddable":true,"href":"https:\/\/www.zugober.com\/es\/wp-json\/wp\/v2\/comments?post=2539"}],"version-history":[{"count":32,"href":"https:\/\/www.zugober.com\/es\/wp-json\/wp\/v2\/pages\/2539\/revisions"}],"predecessor-version":[{"id":3478,"href":"https:\/\/www.zugober.com\/es\/wp-json\/wp\/v2\/pages\/2539\/revisions\/3478"}],"wp:attachment":[{"href":"https:\/\/www.zugober.com\/es\/wp-json\/wp\/v2\/media?parent=2539"}],"curies":[{"name":"wp","href":"https:\/\/api.w.org\/{rel}","templated":true}]}}