{"id":2676,"date":"2020-04-28T09:42:19","date_gmt":"2020-04-28T09:42:19","guid":{"rendered":"http:\/\/www.zugober.com\/es\/?page_id=2676"},"modified":"2021-02-24T12:18:21","modified_gmt":"2021-02-24T12:18:21","slug":"aviso-legal","status":"publish","type":"page","link":"https:\/\/www.zugober.com\/es\/aviso-legal\/","title":{"rendered":"Aviso legal"},"content":{"rendered":"<p>En cumplimiento del art\u00edculo 10 de la Ley 34\/2002, del 11 de julio, de servicios de la Sociedad de la Informaci\u00f3n y Comercio Electr\u00f3nico (LSSICE) se exponen a continuaci\u00f3n los datos identificativos de la empresa:<br \/>\nBODEGAS ZUGOBER S.A.<br \/>\nC\/TEJERIAS 13-15<br \/>\nLAPUEBLA DE LABARCA<br \/>\nALAVA &#8211; 01306<br \/>\nC.I.F. A-01042209<br \/>\nTlf. <span class=\"LrzXr zdqRlf kno-fv\"><span data-dtype=\"d3ifr\" data-local-attribute=\"d3ph\">945 62 72 28<\/span><\/span><\/p>\n<blockquote class=\"wp-embedded-content\" data-secret=\"3K8l6Kqhhy\"><p><a href=\"https:\/\/www.zugober.com\/\">HomePage V3<\/a><\/p><\/blockquote>\n<p><iframe class=\"wp-embedded-content\" sandbox=\"allow-scripts\" security=\"restricted\" style=\"position: absolute; clip: rect(1px, 1px, 1px, 1px);\" title=\"\u00abHomePage V3\u00bb \u2014 Zugober\" src=\"https:\/\/www.zugober.com\/embed\/#?secret=3K8l6Kqhhy\" data-secret=\"3K8l6Kqhhy\" width=\"500\" height=\"282\" frameborder=\"0\" marginwidth=\"0\" marginheight=\"0\" scrolling=\"no\"><\/iframe><\/p>\n<h3>Propiedad Intelectual e Industrial<\/h3>\n<p>La totalidad del contenido de esta p\u00e1gina web, los logotipos, marcas, nombres comerciales, textos, fotograf\u00edas, dise\u00f1os, videos, referencias de productos u otros elementos, est\u00e1n protegidos por derechos de propiedad intelectual e industrial de titularidad de Bodegas Zugober S.A.<\/p>\n<p>As\u00ed mismo, ser\u00e1 Bodegas Zugober S.A. a la que corresponda el ejercicio exclusivo de derechos de explotaci\u00f3n de los mismos en cualquier forma y, en especial, los derechos de reproducci\u00f3n, distribuci\u00f3n, comunicaci\u00f3n p\u00fablica y transformaci\u00f3n, salvo en los casos en los que Bodegas Zugober S.A. lo autorice expresamente.<\/p>\n<p>La utilizaci\u00f3n no autorizada de la informaci\u00f3n contenida en esta Web, as\u00ed como la lesi\u00f3n de los derechos de Propiedad Intelectual o Industrial de\u00a0Bodegas Zugober S.A. dar\u00e1 lugar a las responsabilidades legalmente establecidas.<\/p>\n<h3>Acceso y Uso<\/h3>\n<p>La simple y mera utilizaci\u00f3n de la p\u00e1gina otorga la condici\u00f3n de usuario de la p\u00e1gina, bien sea persona f\u00edsica o jur\u00eddica, y obligatoriamente implica la aceptaci\u00f3n completa, plena y sin reservas de todas y cada una de las cl\u00e1usulas y condiciones generales incluidas en el Aviso Legal. Si el Usuario no estuviera conforme con las cl\u00e1usulas y condiciones de uso de este Aviso Legal, se abstendr\u00e1 de utilizar la p\u00e1gina. Este Aviso Legal est\u00e1 sujeto a cambios y actualizaciones por lo que la versi\u00f3n publicada por Bodegas Zugober S.A. puede ser diferente en cada momento en que el Usuario acceda al Portal.<\/p>\n<p><strong>Las condiciones de acceso y uso del presente sitio web, zugober.com, se rigen por la legalidad vigente y por el principio de buena fe<\/strong>\u00a0comprometi\u00e9ndose el usuario a realizar un buen uso de la web. No se permiten conductas que vayan contra la ley, los derechos o intereses de terceros.<\/p>\n<p>Por tanto, el Usuario se compromete a la utilizaci\u00f3n de los mismos de manera conforme con la ley, la moral y buenas costumbres generalmente aceptadas y el orden p\u00fablico, y se obliga a abstenerse de utilizar el sitio web y servicios con fines o efectos il\u00edcitos, lesivos de los derechos e intereses de terceros, o que de cualquier forma puedan da\u00f1ar, inutilizar, sobrecargar o deteriorar el sitio web y\/o la imagen de Bodegas Zugober S.A. o impedir la normal utilizaci\u00f3n o disfrute del sitio web por parte del resto de Usuarios.<\/p>\n<p>Queda prohibido, salvo en los casos que Bodegas Zugober S.A. lo autorice expresamente, presentar las p\u00e1ginas de nuestra web, o la informaci\u00f3n contenida en ellas bajo marcos, signos distintivos, marcas o denominaciones sociales o comerciales de otra persona, empresa o entidad.<\/p>\n<h3>Limitaci\u00f3n de Responsabilidad<\/h3>\n<p>Bodegas Zugober S.A. no podr\u00e1 ser considerada responsable de ning\u00fan da\u00f1o que se derive del uso ilegal o indebido que los usuarios puedan hacer de la informaci\u00f3n y contenidos presentes en nuestra p\u00e1gina.<\/p>\n<p>La informaci\u00f3n est\u00e1 sometida a posibles cambios peri\u00f3dicos sin previo aviso de su contenido por ampliaci\u00f3n, mejora, correcci\u00f3n o actualizaci\u00f3n de los contenidos.<\/p>\n<h3>Disponibilidad de la p\u00e1gina<\/h3>\n<p>Bodegas Zugober S.A. se reserva el derecho de suspender o terminar el acceso a su web, sin previo aviso, por razones t\u00e9cnicas o de cualquier otra \u00edndole, pudiendo asimismo modificar unilateralmente tanto las condiciones de acceso, como la totalidad o parte de los contenidos en ella incluidos.<\/p>\n<p>Bodegas Zugober S.A. no garantiza la inexistencia de interrupciones o errores en el acceso a la p\u00e1gina, a sus contenidos, ni que \u00e9stos se encuentren actualizados, aunque desarrollar\u00e1 sus mejores esfuerzos para, en su caso, evitarlos, subsanarlos y\/o actualizarlos.<\/p>\n<h3>Hiperenlaces<\/h3>\n<p>Los usuarios que se propongan establecer un hiperenlace entre su p\u00e1gina web y la nuestra, zugober.com, deber\u00e1n tener en cuenta lo siguiente:<\/p>\n<ul>\n<li>La p\u00e1gina web en la que se establezca el hiperenlace no podr\u00e1 contener ninguna marca, denominaci\u00f3n, logotipo, eslogan u otros signos distintivos pertenecientes a Bodegas Zugober S.A., excepto aquellos signos que formen parte del mismo hiperenlace.<\/li>\n<li>La p\u00e1gina web en la que se establezca el hiperenlace no contendr\u00e1 informaciones o contenidos il\u00edcitos, ni contrarios a cualesquiera derechos de terceros.<\/li>\n<li>El establecimiento del hiperenlace no implica la existencia de relaciones entre Bodegas Zugober S.A. y el propietario de la p\u00e1gina web en la que se establezca, ni la aceptaci\u00f3n o aprobaci\u00f3n por parte de Bodegas Zugober S.A. de sus contenidos o servicios. Por lo tanto no se declarar\u00e1 ni se dar\u00e1 a entender que Bodegas Zugober S.A. ha autorizado expresamente el hiperenlace ni que supervisa o asume ninguno de los servicios ofrecidos.<\/li>\n<li>Bodegas Zugober S.A. no se responsabiliza ni garantiza la calidad, exactitud, fiabilidad, correcci\u00f3n o moralidad de contenidos o servicios de la p\u00e1gina desde la que se establece el hiperenlace. El usuario asume bajo su exclusiva responsabilidad las consecuencias, da\u00f1os o acciones que pudieran derivarse del acceso a la p\u00e1gina web del hiperenlace.<\/li>\n<\/ul>\n<h3>Ley aplicable y Jurisdicci\u00f3n<\/h3>\n<p><strong>Las presentes condiciones se rigen por la legislaci\u00f3n espa\u00f1ola.<\/strong>\u00a0Para cualquier litigio que pudiera surgir relacionado con el sitio web o la actividad que en \u00e9l se desarrolla ser\u00e1n competentes los Juzgados y Tribunales de\u00a0Soria, renunciando expresamente el Usuario a cualquier otro fuero que pudiera corresponderle.<\/p>\n","protected":false},"excerpt":{"rendered":"<p>En cumplimiento del art\u00edculo 10 de la Ley 34\/2002, del 11 de julio, de servicios de la Sociedad de la Informaci\u00f3n y Comercio Electr\u00f3nico (LSSICE) [&hellip;]<\/p>\n","protected":false},"author":1,"featured_media":0,"parent":0,"menu_order":0,"comment_status":"closed","ping_status":"closed","template":"","meta":{"_zh_post_content":"","_zh_post_name":"","_zh_post_excerpt":"","_zh_post_title":"","_es_post_content":"En cumplimiento del art\u00edculo 10 de la Ley 34\/2002, del 11 de julio, de servicios de la Sociedad de la Informaci\u00f3n y Comercio Electr\u00f3nico (LSSICE) se exponen a continuaci\u00f3n los datos identificativos de la empresa:\r\nBODEGAS ZUGOBER S.A.\r\nC\/TEJERIAS 13-15\r\nLAPUEBLA DE LABARCA\r\nALAVA - 01306\r\nC.I.F. A-01042209\r\nTlf. <span class=\"LrzXr zdqRlf kno-fv\"><span data-dtype=\"d3ifr\" data-local-attribute=\"d3ph\">945 62 72 28<\/span><\/span>\r\nhttp:\/\/www.zugober.com\r\n<h3>Propiedad Intelectual e Industrial<\/h3>\r\nLa totalidad del contenido de esta p\u00e1gina web, los logotipos, marcas, nombres comerciales, textos, fotograf\u00edas, dise\u00f1os, videos, referencias de productos u otros elementos, est\u00e1n protegidos por derechos de propiedad intelectual e industrial de titularidad de Bodegas Zugober S.A.\r\n\r\nAs\u00ed mismo, ser\u00e1 Bodegas Zugober S.A. a la que corresponda el ejercicio exclusivo de derechos de explotaci\u00f3n de los mismos en cualquier forma y, en especial, los derechos de reproducci\u00f3n, distribuci\u00f3n, comunicaci\u00f3n p\u00fablica y transformaci\u00f3n, salvo en los casos en los que Bodegas Zugober S.A. lo autorice expresamente.\r\n\r\nLa utilizaci\u00f3n no autorizada de la informaci\u00f3n contenida en esta Web, as\u00ed como la lesi\u00f3n de los derechos de Propiedad Intelectual o Industrial de\u00a0Bodegas Zugober S.A. dar\u00e1 lugar a las responsabilidades legalmente establecidas.\r\n<h3>Acceso y Uso<\/h3>\r\nLa simple y mera utilizaci\u00f3n de la p\u00e1gina otorga la condici\u00f3n de usuario de la p\u00e1gina, bien sea persona f\u00edsica o jur\u00eddica, y obligatoriamente implica la aceptaci\u00f3n completa, plena y sin reservas de todas y cada una de las cl\u00e1usulas y condiciones generales incluidas en el Aviso Legal. Si el Usuario no estuviera conforme con las cl\u00e1usulas y condiciones de uso de este Aviso Legal, se abstendr\u00e1 de utilizar la p\u00e1gina. Este Aviso Legal est\u00e1 sujeto a cambios y actualizaciones por lo que la versi\u00f3n publicada por Bodegas Zugober S.A. puede ser diferente en cada momento en que el Usuario acceda al Portal.\r\n\r\n<strong>Las condiciones de acceso y uso del presente sitio web, zugober.com, se rigen por la legalidad vigente y por el principio de buena fe<\/strong>\u00a0comprometi\u00e9ndose el usuario a realizar un buen uso de la web. No se permiten conductas que vayan contra la ley, los derechos o intereses de terceros.\r\n\r\nPor tanto, el Usuario se compromete a la utilizaci\u00f3n de los mismos de manera conforme con la ley, la moral y buenas costumbres generalmente aceptadas y el orden p\u00fablico, y se obliga a abstenerse de utilizar el sitio web y servicios con fines o efectos il\u00edcitos, lesivos de los derechos e intereses de terceros, o que de cualquier forma puedan da\u00f1ar, inutilizar, sobrecargar o deteriorar el sitio web y\/o la imagen de Bodegas Zugober S.A. o impedir la normal utilizaci\u00f3n o disfrute del sitio web por parte del resto de Usuarios.\r\n\r\nQueda prohibido, salvo en los casos que Bodegas Zugober S.A. lo autorice expresamente, presentar las p\u00e1ginas de nuestra web, o la informaci\u00f3n contenida en ellas bajo marcos, signos distintivos, marcas o denominaciones sociales o comerciales de otra persona, empresa o entidad.\r\n<h3>Limitaci\u00f3n de Responsabilidad<\/h3>\r\nBodegas Zugober S.A. no podr\u00e1 ser considerada responsable de ning\u00fan da\u00f1o que se derive del uso ilegal o indebido que los usuarios puedan hacer de la informaci\u00f3n y contenidos presentes en nuestra p\u00e1gina.\r\n\r\nLa informaci\u00f3n est\u00e1 sometida a posibles cambios peri\u00f3dicos sin previo aviso de su contenido por ampliaci\u00f3n, mejora, correcci\u00f3n o actualizaci\u00f3n de los contenidos.\r\n<h3>Disponibilidad de la p\u00e1gina<\/h3>\r\nBodegas Zugober S.A. se reserva el derecho de suspender o terminar el acceso a su web, sin previo aviso, por razones t\u00e9cnicas o de cualquier otra \u00edndole, pudiendo asimismo modificar unilateralmente tanto las condiciones de acceso, como la totalidad o parte de los contenidos en ella incluidos.\r\n\r\nBodegas Zugober S.A. no garantiza la inexistencia de interrupciones o errores en el acceso a la p\u00e1gina, a sus contenidos, ni que \u00e9stos se encuentren actualizados, aunque desarrollar\u00e1 sus mejores esfuerzos para, en su caso, evitarlos, subsanarlos y\/o actualizarlos.\r\n<h3>Hiperenlaces<\/h3>\r\nLos usuarios que se propongan establecer un hiperenlace entre su p\u00e1gina web y la nuestra, zugober.com, deber\u00e1n tener en cuenta lo siguiente:\r\n<ul>\r\n \t<li>La p\u00e1gina web en la que se establezca el hiperenlace no podr\u00e1 contener ninguna marca, denominaci\u00f3n, logotipo, eslogan u otros signos distintivos pertenecientes a Bodegas Zugober S.A., excepto aquellos signos que formen parte del mismo hiperenlace.<\/li>\r\n \t<li>La p\u00e1gina web en la que se establezca el hiperenlace no contendr\u00e1 informaciones o contenidos il\u00edcitos, ni contrarios a cualesquiera derechos de terceros.<\/li>\r\n \t<li>El establecimiento del hiperenlace no implica la existencia de relaciones entre Bodegas Zugober S.A. y el propietario de la p\u00e1gina web en la que se establezca, ni la aceptaci\u00f3n o aprobaci\u00f3n por parte de Bodegas Zugober S.A. de sus contenidos o servicios. Por lo tanto no se declarar\u00e1 ni se dar\u00e1 a entender que Bodegas Zugober S.A. ha autorizado expresamente el hiperenlace ni que supervisa o asume ninguno de los servicios ofrecidos.<\/li>\r\n \t<li>Bodegas Zugober S.A. no se responsabiliza ni garantiza la calidad, exactitud, fiabilidad, correcci\u00f3n o moralidad de contenidos o servicios de la p\u00e1gina desde la que se establece el hiperenlace. El usuario asume bajo su exclusiva responsabilidad las consecuencias, da\u00f1os o acciones que pudieran derivarse del acceso a la p\u00e1gina web del hiperenlace.<\/li>\r\n<\/ul>\r\n<h3>Ley aplicable y Jurisdicci\u00f3n<\/h3>\r\n<strong>Las presentes condiciones se rigen por la legislaci\u00f3n espa\u00f1ola.<\/strong>\u00a0Para cualquier litigio que pudiera surgir relacionado con el sitio web o la actividad que en \u00e9l se desarrolla ser\u00e1n competentes los Juzgados y Tribunales de\u00a0Soria, renunciando expresamente el Usuario a cualquier otro fuero que pudiera corresponderle.","_es_post_name":"aviso-legal","_es_post_excerpt":"","_es_post_title":"Aviso legal","_en_post_content":"","_en_post_name":"","_en_post_excerpt":"","_en_post_title":"","edit_language":"es"},"_links":{"self":[{"href":"https:\/\/www.zugober.com\/es\/wp-json\/wp\/v2\/pages\/2676"}],"collection":[{"href":"https:\/\/www.zugober.com\/es\/wp-json\/wp\/v2\/pages"}],"about":[{"href":"https:\/\/www.zugober.com\/es\/wp-json\/wp\/v2\/types\/page"}],"author":[{"embeddable":true,"href":"https:\/\/www.zugober.com\/es\/wp-json\/wp\/v2\/users\/1"}],"replies":[{"embeddable":true,"href":"https:\/\/www.zugober.com\/es\/wp-json\/wp\/v2\/comments?post=2676"}],"version-history":[{"count":5,"href":"https:\/\/www.zugober.com\/es\/wp-json\/wp\/v2\/pages\/2676\/revisions"}],"predecessor-version":[{"id":2683,"href":"https:\/\/www.zugober.com\/es\/wp-json\/wp\/v2\/pages\/2676\/revisions\/2683"}],"wp:attachment":[{"href":"https:\/\/www.zugober.com\/es\/wp-json\/wp\/v2\/media?parent=2676"}],"curies":[{"name":"wp","href":"https:\/\/api.w.org\/{rel}","templated":true}]}}