{"id":2068,"date":"2016-11-28T09:14:06","date_gmt":"2016-11-28T09:14:06","guid":{"rendered":"http:\/\/www.zugober.com\/WEB16\/?page_id=2068"},"modified":"2024-07-26T10:20:07","modified_gmt":"2024-07-26T10:20:07","slug":"finca-zarzamochuelo","status":"publish","type":"page","link":"https:\/\/www.zugober.com\/zh\/finca-zarzamochuelo\/","title":{"rendered":"\u8482\u4f9d\u5e72\u7ea2 \uff08\u9650\u91cf\u7248\uff09","raw":"\u8482\u4f9d\u5e72\u7ea2 \uff08\u9650\u91cf\u7248\uff09"},"content":{"rendered":"<div class=\"wpb-content-wrapper\">[vc_row full_width=&#8221;stretch_row&#8221; css=&#8221;.vc_custom_1480078472471{margin-top: -90px !important;padding-top: 150px !important;background-color: #303030 !important;}&#8221;][vc_column][vc_video link=&#8221;https:\/\/vimeo.com\/194420800&#8243; css=&#8221;.vc_custom_1488443031229{margin-top: -100px !important;}&#8221;][\/vc_column][\/vc_row][vc_row full_width=&#8221;stretch_row&#8221; content_placement=&#8221;middle&#8221; css=&#8221;.vc_custom_1480077689573{margin-top: -60px !important;padding-top: 120px !important;padding-bottom: 90px !important;background-color: #0a0a0a !important;background-position: center !important;background-repeat: no-repeat !important;background-size: cover !important;}&#8221;][vc_column width=&#8221;1\/2&#8243;][vc_single_image image=&#8221;2303&#8243; img_size=&#8221;full&#8221; alignment=&#8221;center&#8221; css_animation=&#8221;slideInLeft&#8221;][\/vc_column][vc_column width=&#8221;1\/2&#8243;]<h3 id=\"heading2104686958\" class=\"heading-title small-large-title style-white align-left \"><span><i><\/i> \u8482\u4f9d\u5e72\u7ea2 \uff08\u9650\u91cf\u7248\uff09<\/span><\/h3>[vc_column_text css=&#8221;.vc_custom_1480074118313{border-radius: 2px !important;}&#8221;]\n<hr \/>\n[\/vc_column_text][vc_column_text css_animation=&#8221;slideInRight&#8221;]\u8fd9\u6b3e\u8461\u8404\u9152\u5411\u5927\u5bb6\u8bb2\u8ff0\u4e86\u4e00\u5757\u53e4\u8001\u3001\u8d2b\u7620\u4f46\u5374\u8c26\u900a\u7684\u571f\u5730\uff0c\u6bcf\u4e2a\u8461\u8404\u85e4\u7ed3\u51fa\u7684\u6bcf\u4e00\u9897\u4e39\u9b44\u548c\u683c\u62c9\u897f\u4e9a\u8bfa\u90fd\u662f\u5927\u81ea\u7136\u9988\u8d60\u7ed9\u6211\u4eec\u7684\u6700\u73cd\u8d35\u7684\u793c\u7269\u3002\u5b83\u662f\u4e00\u6b3e\u72ec\u4e00\u65e0\u4e8c\u3001\u5bcc\u6709\u667a\u6167\u7684\u8461\u8404\u9152\u3002<\/p>\n<p><strong>\u8461\u8404\u54c1\u79cd\uff1a<\/strong>\u4e39\u9b4490\uff05\uff0c\u683c\u62c9\u897f\u4e9a\u8bfa10%<\/p>\n<p><strong>\u8461\u8404\u5e74\u4efd\uff1a<\/strong>\uff1e35\u5e74\u3002<\/p>\n<p><strong>\u54c1\u9274\uff1a<\/strong>\u9152\u4f53\u5448\u6a31\u6843\u7ea2\u3002\u5e72\u73ab\u7470\u9999\u6c14\u8ff7\u4eba\u3001\u65b0\u9c9c\uff0c\u82b1\u9999\u6c14\u5473\u4e30\u5bcc\u6709\u7279\u8272\uff0c\u6df7\u5408\u7ea2\u8272\u6d46\u679c\u9999\u6c14\u3002\u9152\u4f53\u9971\u6ee1\uff0c\u5165\u53e3\u5706\u6da6\uff0c\u5e26\u6709\u4e00\u4e1d\u77ff\u77f3\u5473\uff0c\u5bcc\u6709\u6781\u5f3a\u7684\u8868\u73b0\u529b\u3002<\/p>\n<p><strong>\u917f\u65f6\u95f4\uff1a<\/strong>\u6cd5\u56fd\u548c\u7f8e\u56fd\u6a61\u6728\u6876\u4ea4\u66ff\u6df7\u917f16\u4e2a\u6708\u3002<\/p>\n<p><strong>\u50a8\u74f6\u65f6\u95f4\uff1a<\/strong>\uff1e6\u4e2a\u6708\u3002<\/p>\n<p><strong>\u9152\u7cbe\u5ea6\uff1a<\/strong>14\uff05VOL\u3002<\/p>\n<p><strong>\u9002\u996e\u6e29\u5ea6\uff1a<\/strong>16\u00b0C &#8211; 18\u00b0C\u3002[\/vc_column_text][vc_btn title=&#8221;\u4ea7\u54c1\u4ecb\u7ecd\u4e0b\u8f7d&#8221; link=&#8221;url:http%3A%2F%2Fwww.zugober.com%2Fwp-content%2Fuploads%2F2018%2F08%2FBelezos-Zarzamochuelo.pdf||target:%20_blank|&#8221;][\/vc_column][\/vc_row][vc_row full_width=&#8221;stretch_row_content_no_spaces&#8221; css=&#8221;.vc_custom_1480078511124{margin-top: -90px !important;}&#8221;][vc_column][vc_single_image image=&#8221;2073&#8243; img_size=&#8221;full&#8221; alignment=&#8221;center&#8221; onclick=&#8221;zoom&#8221;][\/vc_column][\/vc_row]\n<\/div>","protected":false,"raw":"[vc_row full_width=\"stretch_row\" css=\".vc_custom_1480078472471{margin-top: -90px !important;padding-top: 150px !important;background-color: #303030 !important;}\"][vc_column][vc_video link=\"https:\/\/vimeo.com\/194420800\" css=\".vc_custom_1488443031229{margin-top: -100px !important;}\"][\/vc_column][\/vc_row][vc_row full_width=\"stretch_row\" content_placement=\"middle\" css=\".vc_custom_1480077689573{margin-top: -60px !important;padding-top: 120px !important;padding-bottom: 90px !important;background-color: #0a0a0a !important;background-position: center !important;background-repeat: no-repeat !important;background-size: cover !important;}\"][vc_column width=\"1\/2\"][vc_single_image image=\"2303\" img_size=\"full\" alignment=\"center\" css_animation=\"slideInLeft\"][\/vc_column][vc_column width=\"1\/2\"][ca_heading_title header_type=\"small_large_title\" text_align=\"left\" header_style=\"white\" large_title=\"\u8482\u4f9d\u5e72\u7ea2 \uff08\u9650\u91cf\u7248\uff09\"][vc_column_text css=\".vc_custom_1480074118313{border-radius: 2px !important;}\"]\r\n\r\n<hr \/>\r\n\r\n[\/vc_column_text][vc_column_text css_animation=\"slideInRight\"]\u8fd9\u6b3e\u8461\u8404\u9152\u5411\u5927\u5bb6\u8bb2\u8ff0\u4e86\u4e00\u5757\u53e4\u8001\u3001\u8d2b\u7620\u4f46\u5374\u8c26\u900a\u7684\u571f\u5730\uff0c\u6bcf\u4e2a\u8461\u8404\u85e4\u7ed3\u51fa\u7684\u6bcf\u4e00\u9897\u4e39\u9b44\u548c\u683c\u62c9\u897f\u4e9a\u8bfa\u90fd\u662f\u5927\u81ea\u7136\u9988\u8d60\u7ed9\u6211\u4eec\u7684\u6700\u73cd\u8d35\u7684\u793c\u7269\u3002\u5b83\u662f\u4e00\u6b3e\u72ec\u4e00\u65e0\u4e8c\u3001\u5bcc\u6709\u667a\u6167\u7684\u8461\u8404\u9152\u3002\r\n\r\n<strong>\u8461\u8404\u54c1\u79cd\uff1a<\/strong>\u4e39\u9b4490\uff05\uff0c\u683c\u62c9\u897f\u4e9a\u8bfa10%\r\n\r\n<strong>\u8461\u8404\u5e74\u4efd\uff1a<\/strong>\uff1e35\u5e74\u3002\r\n\r\n<strong>\u54c1\u9274\uff1a<\/strong>\u9152\u4f53\u5448\u6a31\u6843\u7ea2\u3002\u5e72\u73ab\u7470\u9999\u6c14\u8ff7\u4eba\u3001\u65b0\u9c9c\uff0c\u82b1\u9999\u6c14\u5473\u4e30\u5bcc\u6709\u7279\u8272\uff0c\u6df7\u5408\u7ea2\u8272\u6d46\u679c\u9999\u6c14\u3002\u9152\u4f53\u9971\u6ee1\uff0c\u5165\u53e3\u5706\u6da6\uff0c\u5e26\u6709\u4e00\u4e1d\u77ff\u77f3\u5473\uff0c\u5bcc\u6709\u6781\u5f3a\u7684\u8868\u73b0\u529b\u3002\r\n\r\n<strong>\u917f\u65f6\u95f4\uff1a<\/strong>\u6cd5\u56fd\u548c\u7f8e\u56fd\u6a61\u6728\u6876\u4ea4\u66ff\u6df7\u917f16\u4e2a\u6708\u3002\r\n\r\n<strong>\u50a8\u74f6\u65f6\u95f4\uff1a<\/strong>\uff1e6\u4e2a\u6708\u3002\r\n\r\n<strong>\u9152\u7cbe\u5ea6\uff1a<\/strong>14\uff05VOL\u3002\r\n\r\n<strong>\u9002\u996e\u6e29\u5ea6\uff1a<\/strong>16\u00b0C - 18\u00b0C\u3002[\/vc_column_text][vc_btn title=\"\u4ea7\u54c1\u4ecb\u7ecd\u4e0b\u8f7d\" link=\"url:http%3A%2F%2Fwww.zugober.com%2Fwp-content%2Fuploads%2F2018%2F08%2FBelezos-Zarzamochuelo.pdf||target:%20_blank|\"][\/vc_column][\/vc_row][vc_row full_width=\"stretch_row_content_no_spaces\" css=\".vc_custom_1480078511124{margin-top: -90px !important;}\"][vc_column][vc_single_image image=\"2073\" img_size=\"full\" alignment=\"center\" onclick=\"zoom\"][\/vc_column][\/vc_row]"},"excerpt":{"rendered":"[vc_row full_width=\"stretch_row\" css=\".vc_custom_1480078472471{margin-top: -90px !important;padding-top: 150px !important;background-color: #303030 !important;}\"][vc_column][vc_video link=\"https:\/\/vimeo.com\/194420800\" css=\".vc_custom_1488443031229{margin-top: -100px !important;}\"][\/vc_column][\/vc_row][vc_row full_width=\"stretch_row\" content_placement=\"middle\" css=\".vc_custom_1480077689573{margin-top: -60px !important;padding-top: 120px !important;padding-bottom: 90px !important;background-color: #0a0a0a !important;background-position: center [...]","protected":false,"raw":""},"author":1,"featured_media":0,"parent":0,"menu_order":0,"comment_status":"closed","ping_status":"closed","template":"","meta":{"_zh_post_content":"[vc_row full_width=\"stretch_row\" css=\".vc_custom_1480078472471{margin-top: -90px !important;padding-top: 150px !important;background-color: #303030 !important;}\"][vc_column][vc_video link=\"https:\/\/vimeo.com\/194420800\" css=\".vc_custom_1488443031229{margin-top: -100px !important;}\"][\/vc_column][\/vc_row][vc_row full_width=\"stretch_row\" content_placement=\"middle\" css=\".vc_custom_1480077689573{margin-top: -60px !important;padding-top: 120px !important;padding-bottom: 90px !important;background-color: #0a0a0a !important;background-position: center !important;background-repeat: no-repeat !important;background-size: cover !important;}\"][vc_column width=\"1\/2\"][vc_single_image image=\"2303\" img_size=\"full\" alignment=\"center\" css_animation=\"slideInLeft\"][\/vc_column][vc_column width=\"1\/2\"][ca_heading_title header_type=\"small_large_title\" text_align=\"left\" header_style=\"white\" large_title=\"\u8482\u4f9d\u5e72\u7ea2 \uff08\u9650\u91cf\u7248\uff09\"][vc_column_text css=\".vc_custom_1480074118313{border-radius: 2px !important;}\"]\r\n\r\n<hr \/>\r\n\r\n[\/vc_column_text][vc_column_text css_animation=\"slideInRight\"]\u8fd9\u6b3e\u8461\u8404\u9152\u5411\u5927\u5bb6\u8bb2\u8ff0\u4e86\u4e00\u5757\u53e4\u8001\u3001\u8d2b\u7620\u4f46\u5374\u8c26\u900a\u7684\u571f\u5730\uff0c\u6bcf\u4e2a\u8461\u8404\u85e4\u7ed3\u51fa\u7684\u6bcf\u4e00\u9897\u4e39\u9b44\u548c\u683c\u62c9\u897f\u4e9a\u8bfa\u90fd\u662f\u5927\u81ea\u7136\u9988\u8d60\u7ed9\u6211\u4eec\u7684\u6700\u73cd\u8d35\u7684\u793c\u7269\u3002\u5b83\u662f\u4e00\u6b3e\u72ec\u4e00\u65e0\u4e8c\u3001\u5bcc\u6709\u667a\u6167\u7684\u8461\u8404\u9152\u3002\r\n\r\n<strong>\u8461\u8404\u54c1\u79cd\uff1a<\/strong>\u4e39\u9b4490\uff05\uff0c\u683c\u62c9\u897f\u4e9a\u8bfa10%\r\n\r\n<strong>\u8461\u8404\u5e74\u4efd\uff1a<\/strong>\uff1e35\u5e74\u3002\r\n\r\n<strong>\u54c1\u9274\uff1a<\/strong>\u9152\u4f53\u5448\u6a31\u6843\u7ea2\u3002\u5e72\u73ab\u7470\u9999\u6c14\u8ff7\u4eba\u3001\u65b0\u9c9c\uff0c\u82b1\u9999\u6c14\u5473\u4e30\u5bcc\u6709\u7279\u8272\uff0c\u6df7\u5408\u7ea2\u8272\u6d46\u679c\u9999\u6c14\u3002\u9152\u4f53\u9971\u6ee1\uff0c\u5165\u53e3\u5706\u6da6\uff0c\u5e26\u6709\u4e00\u4e1d\u77ff\u77f3\u5473\uff0c\u5bcc\u6709\u6781\u5f3a\u7684\u8868\u73b0\u529b\u3002\r\n\r\n<strong>\u917f\u65f6\u95f4\uff1a<\/strong>\u6cd5\u56fd\u548c\u7f8e\u56fd\u6a61\u6728\u6876\u4ea4\u66ff\u6df7\u917f16\u4e2a\u6708\u3002\r\n\r\n<strong>\u50a8\u74f6\u65f6\u95f4\uff1a<\/strong>\uff1e6\u4e2a\u6708\u3002\r\n\r\n<strong>\u9152\u7cbe\u5ea6\uff1a<\/strong>14\uff05VOL\u3002\r\n\r\n<strong>\u9002\u996e\u6e29\u5ea6\uff1a<\/strong>16\u00b0C - 18\u00b0C\u3002[\/vc_column_text][vc_btn title=\"\u4ea7\u54c1\u4ecb\u7ecd\u4e0b\u8f7d\" link=\"url:http%3A%2F%2Fwww.zugober.com%2Fwp-content%2Fuploads%2F2018%2F08%2FBelezos-Zarzamochuelo.pdf||target:%20_blank|\"][\/vc_column][\/vc_row][vc_row full_width=\"stretch_row_content_no_spaces\" css=\".vc_custom_1480078511124{margin-top: -90px !important;}\"][vc_column][vc_single_image image=\"2073\" img_size=\"full\" alignment=\"center\" onclick=\"zoom\"][\/vc_column][\/vc_row]","_zh_post_name":"finca-zarzamochuelo","_zh_post_excerpt":"","_zh_post_title":"\u8482\u4f9d\u5e72\u7ea2 \uff08\u9650\u91cf\u7248\uff09","_es_post_content":"[vc_row full_width=\"stretch_row\" css=\".vc_custom_1480078472471{margin-top: -90px !important;padding-top: 150px !important;background-color: #303030 !important;}\"][vc_column][vc_video link=\"https:\/\/vimeo.com\/194420800\" css=\".vc_custom_1488443031229{margin-top: -100px !important;}\"][\/vc_column][\/vc_row][vc_row full_width=\"stretch_row\" content_placement=\"middle\" css=\".vc_custom_1480077689573{margin-top: -60px !important;padding-top: 120px !important;padding-bottom: 90px !important;background-color: #0a0a0a !important;background-position: center !important;background-repeat: no-repeat !important;background-size: cover !important;}\"][vc_column width=\"1\/2\"][vc_single_image image=\"2303\" img_size=\"full\" alignment=\"center\" css_animation=\"none\"][\/vc_column][vc_column width=\"1\/2\"][ca_heading_title header_type=\"small_large_title\" text_align=\"left\" header_style=\"white\" small_title=\"FINCA\" large_title=\"Zarzamochuelo\"][vc_column_text css=\".vc_custom_1480074118313{border-radius: 2px !important;}\"]\r\n\r\n<hr \/>\r\n\r\n[\/vc_column_text][vc_column_text css_animation=\"none\"]<span style=\"color: #d6481f;\"><em>Un vino que habla de una tierra antigua, pobre, humilde, de sobria producci\u00f3n que nos regala lo mejor de s\u00ed misma en cada cepa, en cada grano de Tempranillo y Graciano. Un vino sabio, \u00fanico y excepcional.<\/em><\/span>\r\n\r\n<span style=\"color: #d6481f;\"><strong>Variedades:<\/strong><\/span> <span style=\"color: #ffffff;\">Tempranillo 90 % y 10% Graciano.<\/span>\r\n\r\n<span style=\"color: #d6481f;\"><strong>Edad del Vi\u00f1edo:<\/strong><\/span> <span style=\"color: #ffffff;\">M\u00ednimo 35 a\u00f1os de edad.<\/span>\r\n\r\n<span style=\"color: #d6481f;\"><strong>Cata:<\/strong><\/span> <span style=\"color: #ffffff;\">Rojo cereza. En nariz inicialmente bals\u00e1mico, floral (rosa seca), especiado, fresco y con toques de fruta roja. En boca es expresivo, complejo, c\u00e1lido y con toques de mineralidad.<\/span>\r\n\r\n<strong><span style=\"color: #d6481f;\">Crianza en barrica:<\/span><\/strong> <span style=\"color: #ffffff;\">16 meses en roble franc\u00e9s y americano.<\/span>\r\n\r\n<span style=\"color: #d6481f;\"><strong>Crianza en botella:<\/strong><\/span> <span style=\"color: #ffffff;\">M\u00ednimo 6 meses.\u00a0<\/span>\r\n\r\n<span style=\"color: #d6481f;\"><strong>Graduaci\u00f3n:<\/strong><\/span> <span style=\"color: #ffffff;\">14% VOL.<\/span>\r\n\r\n<span style=\"color: #d6481f;\"><strong>Temperatura de consumo:<\/strong><\/span> <span style=\"color: #ffffff;\">16\u00b0 C - 18\u00b0 C.<\/span>[\/vc_column_text][vc_btn title=\"Ficha t\u00e9cnica\" link=\"url:http%3A%2F%2Fwww.zugober.com%2Fwp-content%2Fuploads%2F2018%2F08%2FBelezos-Zarzamochuelo.pdf||target:%20_blank|\"][vc_btn title=\"Datos nutricionales\" css=\".vc_custom_1721288881067{padding-left: 20px !important;}\" link=\"url:https%3A%2F%2Fwww.zugober.com%2Fes%2Fdatos-nutricionales-finca-zarzamochuelo%2F|title:Datos%20Nutricionales%20Finca%20Zarzamochuelo\"][\/vc_column][\/vc_row][vc_row full_width=\"stretch_row_content_no_spaces\" css=\".vc_custom_1480078511124{margin-top: -90px !important;}\"][vc_column][vc_single_image image=\"2073\" img_size=\"full\" alignment=\"center\" onclick=\"zoom\"][\/vc_column][\/vc_row]","_es_post_name":"finca-zarzamochuelo","_es_post_excerpt":"","_es_post_title":"Finca Zarzamochuelo","_en_post_content":"[vc_row full_width=\"stretch_row\" css=\".vc_custom_1480078472471{margin-top: -90px !important;padding-top: 150px !important;background-color: #303030 !important;}\"][vc_column][vc_video link=\"https:\/\/vimeo.com\/194420800\" css=\".vc_custom_1488443031229{margin-top: -100px !important;}\"][\/vc_column][\/vc_row][vc_row full_width=\"stretch_row\" content_placement=\"middle\" css=\".vc_custom_1480077689573{margin-top: -60px !important;padding-top: 120px !important;padding-bottom: 90px !important;background-color: #0a0a0a !important;background-position: center !important;background-repeat: no-repeat !important;background-size: cover !important;}\"][vc_column width=\"1\/2\"][vc_single_image image=\"2303\" img_size=\"full\" alignment=\"center\" css_animation=\"slideInLeft\"][\/vc_column][vc_column width=\"1\/2\"][ca_heading_title header_type=\"small_large_title\" text_align=\"left\" header_style=\"white\" small_title=\"ESTATE\" large_title=\"Zarzamochuelo\"][vc_column_text css=\".vc_custom_1480074118313{border-radius: 2px !important;}\"]\r\n\r\n<hr \/>\r\n\r\n[\/vc_column_text][vc_column_text css_animation=\"slideInRight\"]<em><span style=\"color: #d6481f;\">This wine speaks of a historic landscape; humble and with restricted production, giving the best of itself through every plant and grape of tempranillo and graciano.\u00a0 An exceptional wine.<\/span><\/em>\r\n\r\n<strong><span style=\"color: #d6481f;\">Variety:<\/span><\/strong> <span style=\"color: #ffffff;\">Tempranillo, 90%, Graciano 10%.<\/span>\r\n\r\n<strong><span style=\"color: #d6481f;\">Age of Vineyard:<\/span><\/strong> <span style=\"color: #ffffff;\">At least 35 years old.<\/span>\r\n\r\n<strong><span style=\"color: #d6481f;\">Tasting:<\/span><\/strong> <span style=\"color: #ffffff;\">Cherry red. The initial bouquet is floral (dry rose petals), spicy, fresh with hints of red fruits and balsamics. On the palate it is complex, hearty with mineral undertones.<\/span>\r\n\r\n<strong><span style=\"color: #d6481f;\">Barrel Ageing:<\/span><\/strong> <span style=\"color: #ffffff;\">16 months in French and American oak.<\/span>\r\n\r\n<strong><span style=\"color: #d6481f;\">Bottle Ageing:<\/span><\/strong> <span style=\"color: #ffffff;\">At least 6 months.<\/span>\r\n\r\n<strong><span style=\"color: #d6481f;\">Alcohol Content:<\/span><\/strong><span style=\"color: #ffffff;\"> 14% VOL.<\/span>\r\n\r\n<strong><span style=\"color: #d6481f;\">Ideal Serving Temperature:<\/span><\/strong> <span style=\"color: #ffffff;\">16 C \u2013 18.<\/span>[\/vc_column_text][vc_btn title=\"Technical data sheet\" css=\"\" link=\"url:http%3A%2F%2Fwww.zugober.com%2Fwp-content%2Fuploads%2F2018%2F08%2FBelezos-Zarzamochuelo_EN.pdf||target:%20_blank|\"][vc_btn title=\"Nutrition information\" css=\".vc_custom_1721288916674{padding-left: 20px !important;}\" link=\"url:https%3A%2F%2Fwww.zugober.com%2Fen%2Fnutrition-information-estate-zarzamochuelo%2F|title:Datos%20Nutricionales%20Finca%20Zarzamochuelo\"][\/vc_column][\/vc_row][vc_row full_width=\"stretch_row_content_no_spaces\" css=\".vc_custom_1480078511124{margin-top: -90px !important;}\"][vc_column][vc_single_image image=\"2073\" img_size=\"full\" alignment=\"center\" onclick=\"zoom\"][\/vc_column][\/vc_row]","_en_post_name":"estate-zarzamochuelo","_en_post_excerpt":"","_en_post_title":"Estate Zarzamochuelo","edit_language":"zh"},"_links":{"self":[{"href":"https:\/\/www.zugober.com\/zh\/wp-json\/wp\/v2\/pages\/2068"}],"collection":[{"href":"https:\/\/www.zugober.com\/zh\/wp-json\/wp\/v2\/pages"}],"about":[{"href":"https:\/\/www.zugober.com\/zh\/wp-json\/wp\/v2\/types\/page"}],"author":[{"embeddable":true,"href":"https:\/\/www.zugober.com\/zh\/wp-json\/wp\/v2\/users\/1"}],"replies":[{"embeddable":true,"href":"https:\/\/www.zugober.com\/zh\/wp-json\/wp\/v2\/comments?post=2068"}],"version-history":[{"count":20,"href":"https:\/\/www.zugober.com\/zh\/wp-json\/wp\/v2\/pages\/2068\/revisions"}],"predecessor-version":[{"id":3482,"href":"https:\/\/www.zugober.com\/zh\/wp-json\/wp\/v2\/pages\/2068\/revisions\/3482"}],"wp:attachment":[{"href":"https:\/\/www.zugober.com\/zh\/wp-json\/wp\/v2\/media?parent=2068"}],"curies":[{"name":"wp","href":"https:\/\/api.w.org\/{rel}","templated":true}]}}