{"id":2086,"date":"2016-11-28T11:23:30","date_gmt":"2016-11-28T11:23:30","guid":{"rendered":"http:\/\/www.zugober.com\/WEB16\/?page_id=2086"},"modified":"2024-07-30T07:14:19","modified_gmt":"2024-07-30T07:14:19","slug":"belezos-blanco","status":"publish","type":"page","link":"https:\/\/www.zugober.com\/zh\/belezos-blanco\/","title":{"rendered":"\u8d1d\u52d2\u4f73\u917f\u5e72\u767d","raw":"\u8d1d\u52d2\u4f73\u917f\u5e72\u767d"},"content":{"rendered":"<div class=\"wpb-content-wrapper\">[vc_row full_width=&#8221;stretch_row&#8221; css=&#8221;.vc_custom_1480078472471{margin-top: -90px !important;padding-top: 150px !important;background-color: #303030 !important;}&#8221;][vc_column][vc_video link=&#8221;https:\/\/vimeo.com\/206385555&#8243; css=&#8221;.vc_custom_1488529229173{margin-top: -100px !important;}&#8221;][\/vc_column][\/vc_row][vc_row full_width=&#8221;stretch_row&#8221; content_placement=&#8221;middle&#8221; css=&#8221;.vc_custom_1480332279986{margin-top: -60px !important;padding-top: 120px !important;padding-bottom: 90px !important;background-color: #d8d8d8 !important;background-position: center !important;background-repeat: no-repeat !important;background-size: cover !important;}&#8221;][vc_column width=&#8221;1\/2&#8243;][vc_single_image image=&#8221;2453&#8243; img_size=&#8221;full&#8221; alignment=&#8221;center&#8221; css_animation=&#8221;slideInLeft&#8221;][\/vc_column][vc_column width=&#8221;1\/2&#8243;]<h3 id=\"heading1125004376\" class=\"heading-title small-large-title style-dark align-left \"><span><i>BELEZOS<\/i> \u8d1d\u52d2\u4f73\u917f\u5e72\u767d<\/span><\/h3>[vc_column_text css=&#8221;.vc_custom_1480344304869{border-radius: 2px !important;}&#8221;]\n<hr \/>\n[\/vc_column_text][vc_column_text css_animation=&#8221;slideInRight&#8221;]<em>\u5f53\u6211\u4eec\u5f00\u59cb\u8003\u8651\u8981\u51fa\u8fd9\u6b3e\u767d\u8461\u8404\u9152\u7684\u65f6\u5019\uff0c\u6211\u4eec\u5c31\u6709\u4e00\u4e2a\u975e\u5e38\u660e\u786e\u7684\u76ee\u6807\uff1a\u90a3\u5c31\u662f\u8fd9\u6b3e\u9152\u7684\u98ce\u683c\u5fc5\u987b\u72ec\u7279\u3002\u6211\u4eec\u9009\u62e9\u4e86\u5355\u4e00\u8461\u8404\u54c1\u79cd\u7ef4\u5965\u5a1c \uff0c\u7ec6\u5fc3\u7684\u917f\u5236\u5916\u52a0\u6a61\u6728\u6876\u7684\u57f9\u517b\u6210\u5c31\u4e86\u8fd9\u6b3e\u9152\u7684\u7ec6\u81f4\u4f18\u96c5\u3002 <\/em><\/p>\n<p><strong>\u8461\u8404\u54c1\u79cd\uff1a<\/strong>\u7ef4\u5965\u5a1c100\uff05<\/p>\n<p><strong>\u8461\u8404\u5e74\u4efd\uff1a<\/strong>\uff1e20\u5e74\u3002<\/p>\n<p><strong>\u54c1\u9274\uff1a<\/strong>\u9152\u4f53\u5448\u7a3b\u8349\u9ec4\u8272\u3002\u5145\u6ee1\u6d53\u90c1\u7684\u70ed\u5e26\u6c34\u679c\u548c\u8089\u6842\u6c14\u606f\u3002\u9152\u4f53\u9971\u6ee1\uff0c\u53e3\u611f\u5747\u8861\u6301\u4e45\uff0c\u5e26\u6709\u70e4\u82f9\u679c\u7684\u5473\u9053\u3002<\/p>\n<p><strong>\u6876\u917f\u65f6\u95f4\uff1a<\/strong>\u7f8e\u56fd\u548c\u6cd5\u56fd\u6a61\u6728\u6876\u9648\u917f12\u4e2a\u6708\u3002<\/p>\n<p><strong>\u50a8\u74f6\u65f6\u95f4\uff1a<\/strong>\uff1e6\u4e2a\u6708\u3002<\/p>\n<p><strong>\u9152\u7cbe\u5ea6\uff1a<\/strong>12.5\uff05VOL\u3002<\/p>\n<p><strong>\u9002\u996e\u6e29\u5ea6\uff1a<\/strong>8\u00b0C &#8211; 10\u00b0C\u3002<\/p>\n[\/vc_column_text][vc_btn title=&#8221;\u4ea7\u54c1\u4ecb\u7ecd\u4e0b\u8f7d&#8221; color=&#8221;black&#8221; link=&#8221;url:http%3A%2F%2Fwww.zugober.com%2Fwp-content%2Fuploads%2F2018%2F08%2FBelezos-blanco.pdf|||&#8221;][\/vc_column][\/vc_row][vc_row full_width=&#8221;stretch_row_content_no_spaces&#8221; css=&#8221;.vc_custom_1480078511124{margin-top: -90px !important;}&#8221;][vc_column][vc_single_image image=&#8221;2090&#8243; img_size=&#8221;full&#8221; alignment=&#8221;center&#8221; onclick=&#8221;zoom&#8221;][\/vc_column][\/vc_row]\n<\/div>","protected":false,"raw":"[vc_row full_width=\"stretch_row\" css=\".vc_custom_1480078472471{margin-top: -90px !important;padding-top: 150px !important;background-color: #303030 !important;}\"][vc_column][vc_video link=\"https:\/\/vimeo.com\/206385555\" css=\".vc_custom_1488529229173{margin-top: -100px !important;}\"][\/vc_column][\/vc_row][vc_row full_width=\"stretch_row\" content_placement=\"middle\" css=\".vc_custom_1480332279986{margin-top: -60px !important;padding-top: 120px !important;padding-bottom: 90px !important;background-color: #d8d8d8 !important;background-position: center !important;background-repeat: no-repeat !important;background-size: cover !important;}\"][vc_column width=\"1\/2\"][vc_single_image image=\"2453\" img_size=\"full\" alignment=\"center\" css_animation=\"slideInLeft\"][\/vc_column][vc_column width=\"1\/2\"][ca_heading_title header_type=\"small_large_title\" text_align=\"left\" header_style=\"dark\" small_title=\"BELEZOS\" large_title=\"\u8d1d\u52d2\u4f73\u917f\u5e72\u767d\"][vc_column_text css=\".vc_custom_1480344304869{border-radius: 2px !important;}\"]\r\n\r\n<hr \/>\r\n\r\n[\/vc_column_text][vc_column_text css_animation=\"slideInRight\"]<em>\u5f53\u6211\u4eec\u5f00\u59cb\u8003\u8651\u8981\u51fa\u8fd9\u6b3e\u767d\u8461\u8404\u9152\u7684\u65f6\u5019\uff0c\u6211\u4eec\u5c31\u6709\u4e00\u4e2a\u975e\u5e38\u660e\u786e\u7684\u76ee\u6807\uff1a\u90a3\u5c31\u662f\u8fd9\u6b3e\u9152\u7684\u98ce\u683c\u5fc5\u987b\u72ec\u7279\u3002\u6211\u4eec\u9009\u62e9\u4e86\u5355\u4e00\u8461\u8404\u54c1\u79cd\u7ef4\u5965\u5a1c \uff0c\u7ec6\u5fc3\u7684\u917f\u5236\u5916\u52a0\u6a61\u6728\u6876\u7684\u57f9\u517b\u6210\u5c31\u4e86\u8fd9\u6b3e\u9152\u7684\u7ec6\u81f4\u4f18\u96c5\u3002 <\/em>\r\n\r\n<strong>\u8461\u8404\u54c1\u79cd\uff1a<\/strong>\u7ef4\u5965\u5a1c100\uff05\r\n\r\n<strong>\u8461\u8404\u5e74\u4efd\uff1a<\/strong>\uff1e20\u5e74\u3002\r\n\r\n<strong>\u54c1\u9274\uff1a<\/strong>\u9152\u4f53\u5448\u7a3b\u8349\u9ec4\u8272\u3002\u5145\u6ee1\u6d53\u90c1\u7684\u70ed\u5e26\u6c34\u679c\u548c\u8089\u6842\u6c14\u606f\u3002\u9152\u4f53\u9971\u6ee1\uff0c\u53e3\u611f\u5747\u8861\u6301\u4e45\uff0c\u5e26\u6709\u70e4\u82f9\u679c\u7684\u5473\u9053\u3002\r\n\r\n<strong>\u6876\u917f\u65f6\u95f4\uff1a<\/strong>\u7f8e\u56fd\u548c\u6cd5\u56fd\u6a61\u6728\u6876\u9648\u917f12\u4e2a\u6708\u3002\r\n\r\n<strong>\u50a8\u74f6\u65f6\u95f4\uff1a<\/strong>\uff1e6\u4e2a\u6708\u3002\r\n\r\n<strong>\u9152\u7cbe\u5ea6\uff1a<\/strong>12.5\uff05VOL\u3002\r\n\r\n<strong>\u9002\u996e\u6e29\u5ea6\uff1a<\/strong>8\u00b0C - 10\u00b0C\u3002\r\n\r\n[\/vc_column_text][vc_btn title=\"\u4ea7\u54c1\u4ecb\u7ecd\u4e0b\u8f7d\" color=\"black\" link=\"url:http%3A%2F%2Fwww.zugober.com%2Fwp-content%2Fuploads%2F2018%2F08%2FBelezos-blanco.pdf|||\"][\/vc_column][\/vc_row][vc_row full_width=\"stretch_row_content_no_spaces\" css=\".vc_custom_1480078511124{margin-top: -90px !important;}\"][vc_column][vc_single_image image=\"2090\" img_size=\"full\" alignment=\"center\" onclick=\"zoom\"][\/vc_column][\/vc_row]"},"excerpt":{"rendered":"[vc_row full_width=\"stretch_row\" css=\".vc_custom_1480078472471{margin-top: -90px !important;padding-top: 150px !important;background-color: #303030 !important;}\"][vc_column][vc_video link=\"https:\/\/vimeo.com\/206385555\" css=\".vc_custom_1488529229173{margin-top: -100px !important;}\"][\/vc_column][\/vc_row][vc_row full_width=\"stretch_row\" content_placement=\"middle\" css=\".vc_custom_1480332279986{margin-top: -60px !important;padding-top: 120px !important;padding-bottom: 90px !important;background-color: #d8d8d8 !important;background-position: center [...]","protected":false,"raw":""},"author":1,"featured_media":0,"parent":0,"menu_order":0,"comment_status":"closed","ping_status":"closed","template":"","meta":{"_zh_post_content":"[vc_row full_width=\"stretch_row\" css=\".vc_custom_1480078472471{margin-top: -90px !important;padding-top: 150px !important;background-color: #303030 !important;}\"][vc_column][vc_video link=\"https:\/\/vimeo.com\/206385555\" css=\".vc_custom_1488529229173{margin-top: -100px !important;}\"][\/vc_column][\/vc_row][vc_row full_width=\"stretch_row\" content_placement=\"middle\" css=\".vc_custom_1480332279986{margin-top: -60px !important;padding-top: 120px !important;padding-bottom: 90px !important;background-color: #d8d8d8 !important;background-position: center !important;background-repeat: no-repeat !important;background-size: cover !important;}\"][vc_column width=\"1\/2\"][vc_single_image image=\"2453\" img_size=\"full\" alignment=\"center\" css_animation=\"slideInLeft\"][\/vc_column][vc_column width=\"1\/2\"][ca_heading_title header_type=\"small_large_title\" text_align=\"left\" header_style=\"dark\" small_title=\"BELEZOS\" large_title=\"\u8d1d\u52d2\u4f73\u917f\u5e72\u767d\"][vc_column_text css=\".vc_custom_1480344304869{border-radius: 2px !important;}\"]\r\n\r\n<hr \/>\r\n\r\n[\/vc_column_text][vc_column_text css_animation=\"slideInRight\"]<em>\u5f53\u6211\u4eec\u5f00\u59cb\u8003\u8651\u8981\u51fa\u8fd9\u6b3e\u767d\u8461\u8404\u9152\u7684\u65f6\u5019\uff0c\u6211\u4eec\u5c31\u6709\u4e00\u4e2a\u975e\u5e38\u660e\u786e\u7684\u76ee\u6807\uff1a\u90a3\u5c31\u662f\u8fd9\u6b3e\u9152\u7684\u98ce\u683c\u5fc5\u987b\u72ec\u7279\u3002\u6211\u4eec\u9009\u62e9\u4e86\u5355\u4e00\u8461\u8404\u54c1\u79cd\u7ef4\u5965\u5a1c \uff0c\u7ec6\u5fc3\u7684\u917f\u5236\u5916\u52a0\u6a61\u6728\u6876\u7684\u57f9\u517b\u6210\u5c31\u4e86\u8fd9\u6b3e\u9152\u7684\u7ec6\u81f4\u4f18\u96c5\u3002 <\/em>\r\n\r\n<strong>\u8461\u8404\u54c1\u79cd\uff1a<\/strong>\u7ef4\u5965\u5a1c100\uff05\r\n\r\n<strong>\u8461\u8404\u5e74\u4efd\uff1a<\/strong>\uff1e20\u5e74\u3002\r\n\r\n<strong>\u54c1\u9274\uff1a<\/strong>\u9152\u4f53\u5448\u7a3b\u8349\u9ec4\u8272\u3002\u5145\u6ee1\u6d53\u90c1\u7684\u70ed\u5e26\u6c34\u679c\u548c\u8089\u6842\u6c14\u606f\u3002\u9152\u4f53\u9971\u6ee1\uff0c\u53e3\u611f\u5747\u8861\u6301\u4e45\uff0c\u5e26\u6709\u70e4\u82f9\u679c\u7684\u5473\u9053\u3002\r\n\r\n<strong>\u6876\u917f\u65f6\u95f4\uff1a<\/strong>\u7f8e\u56fd\u548c\u6cd5\u56fd\u6a61\u6728\u6876\u9648\u917f12\u4e2a\u6708\u3002\r\n\r\n<strong>\u50a8\u74f6\u65f6\u95f4\uff1a<\/strong>\uff1e6\u4e2a\u6708\u3002\r\n\r\n<strong>\u9152\u7cbe\u5ea6\uff1a<\/strong>12.5\uff05VOL\u3002\r\n\r\n<strong>\u9002\u996e\u6e29\u5ea6\uff1a<\/strong>8\u00b0C - 10\u00b0C\u3002\r\n\r\n[\/vc_column_text][vc_btn title=\"\u4ea7\u54c1\u4ecb\u7ecd\u4e0b\u8f7d\" color=\"black\" link=\"url:http%3A%2F%2Fwww.zugober.com%2Fwp-content%2Fuploads%2F2018%2F08%2FBelezos-blanco.pdf|||\"][\/vc_column][\/vc_row][vc_row full_width=\"stretch_row_content_no_spaces\" css=\".vc_custom_1480078511124{margin-top: -90px !important;}\"][vc_column][vc_single_image image=\"2090\" img_size=\"full\" alignment=\"center\" onclick=\"zoom\"][\/vc_column][\/vc_row]","_zh_post_name":"belezos-blanco","_zh_post_excerpt":"","_zh_post_title":"\u8d1d\u52d2\u4f73\u917f\u5e72\u767d","_es_post_content":"[vc_row full_width=\"stretch_row\" css=\".vc_custom_1480078472471{margin-top: -90px !important;padding-top: 150px !important;background-color: #303030 !important;}\"][vc_column][vc_video link=\"https:\/\/vimeo.com\/206385555\" css=\".vc_custom_1488529229173{margin-top: -100px !important;}\"][\/vc_column][\/vc_row][vc_row full_width=\"stretch_row\" content_placement=\"middle\" css=\".vc_custom_1480332279986{margin-top: -60px !important;padding-top: 120px !important;padding-bottom: 90px !important;background-color: #d8d8d8 !important;background-position: center !important;background-repeat: no-repeat !important;background-size: cover !important;}\"][vc_column width=\"1\/2\"][vc_single_image image=\"2453\" img_size=\"full\" alignment=\"center\" css_animation=\"none\"][\/vc_column][vc_column width=\"1\/2\"][ca_heading_title header_type=\"small_large_title\" text_align=\"left\" header_style=\"dark\" small_title=\"BELEZOS\" large_title=\"Blanco Fermentado en Barrica\"][vc_column_text css=\".vc_custom_1480344304869{border-radius: 2px !important;}\"]\r\n\r\n<hr \/>\r\n\r\n[\/vc_column_text][vc_column_text css_animation=\"none\"]<span style=\"color: #da9f4d;\"><em>Cuando comenzamos a pensar en crear un blanco ten\u00edamos muy claro el fin: crear un blanco muy singular. El punto de partida: la viura, una elaboraci\u00f3n muy cuidada, con b\u00e2tonnages durante la fermentaci\u00f3n en l\u00edas, y el tiempo en barrica hacen grande a este vino, de producci\u00f3n limitada que sabe envejecer con sabidur\u00eda.<\/em><\/span>\r\n\r\n<span style=\"color: #da9f4d;\"><strong>Variedades:<\/strong><\/span> Viura 100%.\r\n\r\n<span style=\"color: #da9f4d;\"><strong>Edad Vi\u00f1edo:<\/strong><\/span> M\u00e1s de 20 a\u00f1os.\r\n\r\n<strong><span style=\"color: #da9f4d;\">Cata:<\/span><\/strong> Color amarillo pajizo. Aromas intensos a fruta tropical y canela. Persistente en boca, con sabores a manzana asada.\r\n\r\n<span style=\"color: #da9f4d;\"><strong>Crianza en barrica:<\/strong><\/span> 12 meses en\u00a0 barrica americana y francesa.\r\n\r\n<span style=\"color: #da9f4d;\"><strong>Crianza en botella:<\/strong><\/span> M\u00e1s de 6 meses.\r\n\r\n<span style=\"color: #da9f4d;\"><strong>Graduaci\u00f3n:<\/strong><\/span> 12,5% VOL.\r\n\r\n<span style=\"color: #da9f4d;\"><strong>Temperatura de consumo:<\/strong><\/span> 8\u00b0 C - 10\u00b0 C.[\/vc_column_text][vc_btn title=\"Descargar Ficha\" color=\"black\" link=\"url:http%3A%2F%2Fwww.zugober.com%2Fwp-content%2Fuploads%2F2018%2F08%2FBelezos-blanco.pdf|||\"][\/vc_column][\/vc_row][vc_row full_width=\"stretch_row_content_no_spaces\" css=\".vc_custom_1480078511124{margin-top: -90px !important;}\"][vc_column][vc_single_image image=\"2090\" img_size=\"full\" alignment=\"center\" onclick=\"zoom\"][\/vc_column][\/vc_row]","_es_post_name":"belezos-blanco","_es_post_excerpt":"","_es_post_title":"Belezos Blanco fermentado en barrica","_en_post_content":"[vc_row full_width=\"stretch_row\" css=\".vc_custom_1480078472471{margin-top: -90px !important;padding-top: 150px !important;background-color: #303030 !important;}\"][vc_column][vc_video link=\"https:\/\/vimeo.com\/206385555\" css=\".vc_custom_1488529229173{margin-top: -100px !important;}\"][\/vc_column][\/vc_row][vc_row full_width=\"stretch_row\" content_placement=\"middle\" css=\".vc_custom_1480332279986{margin-top: -60px !important;padding-top: 120px !important;padding-bottom: 90px !important;background-color: #d8d8d8 !important;background-position: center !important;background-repeat: no-repeat !important;background-size: cover !important;}\"][vc_column width=\"1\/2\"][vc_single_image image=\"2453\" img_size=\"full\" alignment=\"center\" css_animation=\"slideInLeft\"][\/vc_column][vc_column width=\"1\/2\"][ca_heading_title header_type=\"small_large_title\" text_align=\"left\" header_style=\"dark\" small_title=\"BELEZOS\" large_title=\"Cask fermented white\"][vc_column_text css=\".vc_custom_1480344304869{border-radius: 2px !important;}\"]\r\n\r\n<hr \/>\r\n\r\n[\/vc_column_text][vc_column_text css_animation=\"slideInRight\"]<em><span style=\"color: #da9f4d;\">When we thought about creating a white wine our objective was very clear; to produce an outstanding white. We use the viura grape in a very careful process, which includes stirring the lees during fermentation and in the barrel, resulting in a great wine of limited production that ages with style.<\/span><\/em>\r\n\r\n<span style=\"color: #da9f4d;\"><strong>Variety:<\/strong> <span style=\"color: #000000;\">Viura, 100%.<\/span><\/span>\r\n\r\n<span style=\"color: #da9f4d;\"><strong>Age of Vineyard:<\/strong> <span style=\"color: #000000;\">20 years old.<\/span><\/span>\r\n\r\n<span style=\"color: #da9f4d;\"><strong>Tasting:<\/strong> <span style=\"color: #000000;\">Yellow, colour of straw. Intense aromas of cinnamon and tropical fruit. A lingering finish of baked apples.\u00a0<\/span><\/span>\r\n\r\n<span style=\"color: #da9f4d;\"><strong>Barrel Ageing:<\/strong> <span style=\"color: #000000;\">12 months in American and French oak.<\/span><\/span>\r\n\r\n<span style=\"color: #da9f4d;\"><strong>Bottle Ageing:<\/strong> <span style=\"color: #000000;\">More than 6 months.<\/span><\/span>\r\n\r\n<span style=\"color: #da9f4d;\"><strong>Alcohol Content:<\/strong> <span style=\"color: #000000;\">12.5% VOL.<\/span><\/span>\r\n\r\n<span style=\"color: #da9f4d;\"><strong>Ideal Serving Temperature:<\/strong><span style=\"color: #000000;\"> 8 C \u2013 10 C.<\/span><\/span>[\/vc_column_text][vc_btn title=\"Technical data sheet\" color=\"black\" link=\"url:http%3A%2F%2Fwww.zugober.com%2Fwp-content%2Fuploads%2F2018%2F08%2FBelezos-blanco_EN.pdf||target:%20_blank|\"][\/vc_column][\/vc_row][vc_row full_width=\"stretch_row_content_no_spaces\" css=\".vc_custom_1480078511124{margin-top: -90px !important;}\"][vc_column][vc_single_image image=\"2090\" img_size=\"full\" alignment=\"center\" onclick=\"zoom\"][\/vc_column][\/vc_row]","_en_post_name":"belezos-blanco","_en_post_excerpt":"","_en_post_title":"Cask fermented white","edit_language":"zh"},"_links":{"self":[{"href":"https:\/\/www.zugober.com\/zh\/wp-json\/wp\/v2\/pages\/2086"}],"collection":[{"href":"https:\/\/www.zugober.com\/zh\/wp-json\/wp\/v2\/pages"}],"about":[{"href":"https:\/\/www.zugober.com\/zh\/wp-json\/wp\/v2\/types\/page"}],"author":[{"embeddable":true,"href":"https:\/\/www.zugober.com\/zh\/wp-json\/wp\/v2\/users\/1"}],"replies":[{"embeddable":true,"href":"https:\/\/www.zugober.com\/zh\/wp-json\/wp\/v2\/comments?post=2086"}],"version-history":[{"count":16,"href":"https:\/\/www.zugober.com\/zh\/wp-json\/wp\/v2\/pages\/2086\/revisions"}],"predecessor-version":[{"id":3153,"href":"https:\/\/www.zugober.com\/zh\/wp-json\/wp\/v2\/pages\/2086\/revisions\/3153"}],"wp:attachment":[{"href":"https:\/\/www.zugober.com\/zh\/wp-json\/wp\/v2\/media?parent=2086"}],"curies":[{"name":"wp","href":"https:\/\/api.w.org\/{rel}","templated":true}]}}