{"id":2150,"date":"2016-12-26T12:10:42","date_gmt":"2016-12-26T12:10:42","guid":{"rendered":"http:\/\/www.zugober.com\/WEB16\/?page_id=2150"},"modified":"2024-07-29T08:40:42","modified_gmt":"2024-07-29T08:40:42","slug":"%e8%b4%9d%e5%8b%92%e7%bb%8f%e5%85%b850-50","status":"publish","type":"page","link":"https:\/\/www.zugober.com\/zh\/%e8%b4%9d%e5%8b%92%e7%bb%8f%e5%85%b850-50\/","title":{"rendered":"\u8d1d\u52d2\u7ecf\u5178\u5e72\u7ea250\/50","raw":"\u8d1d\u52d2\u7ecf\u5178\u5e72\u7ea250\/50"},"content":{"rendered":"<div class=\"wpb-content-wrapper\">[vc_row full_width=&#8221;stretch_row&#8221; css=&#8221;.vc_custom_1480078472471{margin-top: -90px !important;padding-top: 150px !important;background-color: #303030 !important;}&#8221;][vc_column][vc_video link=&#8221;https:\/\/vimeo.com\/140964039&#8243; css=&#8221;.vc_custom_1480077006077{margin-top: -100px !important;}&#8221;][\/vc_column][\/vc_row][vc_row full_width=&#8221;stretch_row&#8221; content_placement=&#8221;middle&#8221; css=&#8221;.vc_custom_1480077689573{margin-top: -60px !important;padding-top: 120px !important;padding-bottom: 90px !important;background-color: #0a0a0a !important;background-position: center !important;background-repeat: no-repeat !important;background-size: cover !important;}&#8221;][vc_column width=&#8221;1\/2&#8243;][vc_single_image image=&#8221;2151&#8243; img_size=&#8221;full&#8221; alignment=&#8221;center&#8221; css_animation=&#8221;slideInLeft&#8221;][\/vc_column][vc_column width=&#8221;1\/2&#8243;]<h3 id=\"heading32020726\" class=\"heading-title small-large-title style-white align-left \"><span><i>BELEZOS<\/i> \u8d1d\u52d2\u7ecf\u5178\u5e72\u7ea250\/50<\/span><\/h3>[vc_column_text css=&#8221;.vc_custom_1480074118313{border-radius: 2px !important;}&#8221;]\n<hr \/>\n[\/vc_column_text][vc_column_text css_animation=&#8221;slideInRight&#8221;]\n<h1><em>\u4e00\u534a\u4e00\u534a\u7684\u5e78\u798f\u516c\u5f0f\uff0c\u60a8\u77e5\u9053\u5417\uff1f50%\u6211\u4eec\u917f\u9020\uff0c50%\u60a8\u4eec\u521b\u9020\u3002<\/em><\/h1>\n<p><strong>\u8461\u8404\u54c1\u79cd\uff1a<\/strong>\u4e39\u9b44100\uff05\u3002<\/p>\n<p><strong>\u8461\u8404\u5e74\u4efd\uff1a<\/strong>10-20\u5e74\u3002<\/p>\n<p><strong>\u54c1\u9274\uff1a<\/strong>\u77f3\u69b4\u7ea2\u8272\uff0c\u5e26\u7d2b\u7f57\u5170\u8272\u8c03\u3002\u8349\u8393\u7684\u9999\u6c14\u5f88\u7a81\u51fa\uff0c\u5e76\u6563\u53d1\u7740\u6de1\u6de1\u7684\u7518\u8349\u6c14\u606f\u3002\u53e3\u611f\u6e05\u65b0\uff0c\u679c\u9999\u6d53\u90c1\u3002 \u5907\u6ce8\uff1a\u8fd9\u6b3e\u9152\u7684\u917f\u9020\u7279\u70b9\u662f\u7ed3\u5408\u4e86\u53bb\u6897\u917f\u9020\u6cd5\u548c\u4f20\u7edf\u78b3\u9178\u6d78\u76ae\u6cd5\u7684\u4f18\u52bf\u3002\u679c\u9999\u5473\u6d53\u90c1\uff0c\u53e3\u611f\u6e05\u65b0\uff0c\u4f59\u9999\u6301\u4e45\u3002<\/p>\n<p><strong>\u9152\u7cbe\u5ea6\uff1a<\/strong>13\uff05VOL\u3002<\/p>\n<p><strong>\u9002\u996e\u6e29\u5ea6\uff1a<\/strong>12\u00b0C &#8211; 14\u00b0C\u3002<\/p>\n[\/vc_column_text][vc_btn title=&#8221;\u4ea7\u54c1\u4ecb\u7ecd\u4e0b\u8f7d&#8221; color=&#8221;default&#8221; link=&#8221;url:http%3A%2F%2Fwww.zugober.com%2Fwp-content%2Fuploads%2F2018%2F08%2FBelezos-5050.pdf|title:Descargar%20ficha|target:%20_blank|&#8221;][\/vc_column][\/vc_row][vc_row full_width=&#8221;stretch_row_content_no_spaces&#8221; css=&#8221;.vc_custom_1480078511124{margin-top: -90px !important;}&#8221;][vc_column][vc_single_image image=&#8221;2155&#8243; img_size=&#8221;full&#8221; alignment=&#8221;center&#8221; onclick=&#8221;zoom&#8221;][\/vc_column][\/vc_row]\n<\/div>","protected":false,"raw":"[vc_row full_width=\"stretch_row\" css=\".vc_custom_1480078472471{margin-top: -90px !important;padding-top: 150px !important;background-color: #303030 !important;}\"][vc_column][vc_video link=\"https:\/\/vimeo.com\/140964039\" css=\".vc_custom_1480077006077{margin-top: -100px !important;}\"][\/vc_column][\/vc_row][vc_row full_width=\"stretch_row\" content_placement=\"middle\" css=\".vc_custom_1480077689573{margin-top: -60px !important;padding-top: 120px !important;padding-bottom: 90px !important;background-color: #0a0a0a !important;background-position: center !important;background-repeat: no-repeat !important;background-size: cover !important;}\"][vc_column width=\"1\/2\"][vc_single_image image=\"2151\" img_size=\"full\" alignment=\"center\" css_animation=\"slideInLeft\"][\/vc_column][vc_column width=\"1\/2\"][ca_heading_title header_type=\"small_large_title\" text_align=\"left\" header_style=\"white\" small_title=\"BELEZOS\" large_title=\"\u8d1d\u52d2\u7ecf\u5178\u5e72\u7ea250\/50\"][vc_column_text css=\".vc_custom_1480074118313{border-radius: 2px !important;}\"]\r\n\r\n<hr \/>\r\n\r\n[\/vc_column_text][vc_column_text css_animation=\"slideInRight\"]\r\n<h1><em>\u4e00\u534a\u4e00\u534a\u7684\u5e78\u798f\u516c\u5f0f\uff0c\u60a8\u77e5\u9053\u5417\uff1f50%\u6211\u4eec\u917f\u9020\uff0c50%\u60a8\u4eec\u521b\u9020\u3002<\/em><\/h1>\r\n<strong>\u8461\u8404\u54c1\u79cd\uff1a<\/strong>\u4e39\u9b44100\uff05\u3002\r\n\r\n<strong>\u8461\u8404\u5e74\u4efd\uff1a<\/strong>10-20\u5e74\u3002\r\n\r\n<strong>\u54c1\u9274\uff1a<\/strong>\u77f3\u69b4\u7ea2\u8272\uff0c\u5e26\u7d2b\u7f57\u5170\u8272\u8c03\u3002\u8349\u8393\u7684\u9999\u6c14\u5f88\u7a81\u51fa\uff0c\u5e76\u6563\u53d1\u7740\u6de1\u6de1\u7684\u7518\u8349\u6c14\u606f\u3002\u53e3\u611f\u6e05\u65b0\uff0c\u679c\u9999\u6d53\u90c1\u3002 \u5907\u6ce8\uff1a\u8fd9\u6b3e\u9152\u7684\u917f\u9020\u7279\u70b9\u662f\u7ed3\u5408\u4e86\u53bb\u6897\u917f\u9020\u6cd5\u548c\u4f20\u7edf\u78b3\u9178\u6d78\u76ae\u6cd5\u7684\u4f18\u52bf\u3002\u679c\u9999\u5473\u6d53\u90c1\uff0c\u53e3\u611f\u6e05\u65b0\uff0c\u4f59\u9999\u6301\u4e45\u3002\r\n\r\n<strong>\u9152\u7cbe\u5ea6\uff1a<\/strong>13\uff05VOL\u3002\r\n\r\n<strong>\u9002\u996e\u6e29\u5ea6\uff1a<\/strong>12\u00b0C - 14\u00b0C\u3002\r\n\r\n[\/vc_column_text][vc_btn title=\"\u4ea7\u54c1\u4ecb\u7ecd\u4e0b\u8f7d\" color=\"default\" link=\"url:http%3A%2F%2Fwww.zugober.com%2Fwp-content%2Fuploads%2F2018%2F08%2FBelezos-5050.pdf|title:Descargar%20ficha|target:%20_blank|\"][\/vc_column][\/vc_row][vc_row full_width=\"stretch_row_content_no_spaces\" css=\".vc_custom_1480078511124{margin-top: -90px !important;}\"][vc_column][vc_single_image image=\"2155\" img_size=\"full\" alignment=\"center\" onclick=\"zoom\"][\/vc_column][\/vc_row]"},"excerpt":{"rendered":"[vc_row full_width=\"stretch_row\" css=\".vc_custom_1480078472471{margin-top: -90px !important;padding-top: 150px !important;background-color: #303030 !important;}\"][vc_column][vc_video link=\"https:\/\/vimeo.com\/140964039\" css=\".vc_custom_1480077006077{margin-top: -100px !important;}\"][\/vc_column][\/vc_row][vc_row full_width=\"stretch_row\" content_placement=\"middle\" css=\".vc_custom_1480077689573{margin-top: -60px !important;padding-top: 120px !important;padding-bottom: 90px !important;background-color: #0a0a0a !important;background-position: center [...]","protected":false,"raw":""},"author":1,"featured_media":0,"parent":0,"menu_order":0,"comment_status":"closed","ping_status":"closed","template":"","meta":{"_zh_post_content":"[vc_row full_width=\"stretch_row\" css=\".vc_custom_1480078472471{margin-top: -90px !important;padding-top: 150px !important;background-color: #303030 !important;}\"][vc_column][vc_video link=\"https:\/\/vimeo.com\/140964039\" css=\".vc_custom_1480077006077{margin-top: -100px !important;}\"][\/vc_column][\/vc_row][vc_row full_width=\"stretch_row\" content_placement=\"middle\" css=\".vc_custom_1480077689573{margin-top: -60px !important;padding-top: 120px !important;padding-bottom: 90px !important;background-color: #0a0a0a !important;background-position: center !important;background-repeat: no-repeat !important;background-size: cover !important;}\"][vc_column width=\"1\/2\"][vc_single_image image=\"2151\" img_size=\"full\" alignment=\"center\" css_animation=\"slideInLeft\"][\/vc_column][vc_column width=\"1\/2\"][ca_heading_title header_type=\"small_large_title\" text_align=\"left\" header_style=\"white\" small_title=\"BELEZOS\" large_title=\"\u8d1d\u52d2\u7ecf\u5178\u5e72\u7ea250\/50\"][vc_column_text css=\".vc_custom_1480074118313{border-radius: 2px !important;}\"]\r\n\r\n<hr \/>\r\n\r\n[\/vc_column_text][vc_column_text css_animation=\"slideInRight\"]\r\n<h1><em>\u4e00\u534a\u4e00\u534a\u7684\u5e78\u798f\u516c\u5f0f\uff0c\u60a8\u77e5\u9053\u5417\uff1f50%\u6211\u4eec\u917f\u9020\uff0c50%\u60a8\u4eec\u521b\u9020\u3002<\/em><\/h1>\r\n<strong>\u8461\u8404\u54c1\u79cd\uff1a<\/strong>\u4e39\u9b44100\uff05\u3002\r\n\r\n<strong>\u8461\u8404\u5e74\u4efd\uff1a<\/strong>10-20\u5e74\u3002\r\n\r\n<strong>\u54c1\u9274\uff1a<\/strong>\u77f3\u69b4\u7ea2\u8272\uff0c\u5e26\u7d2b\u7f57\u5170\u8272\u8c03\u3002\u8349\u8393\u7684\u9999\u6c14\u5f88\u7a81\u51fa\uff0c\u5e76\u6563\u53d1\u7740\u6de1\u6de1\u7684\u7518\u8349\u6c14\u606f\u3002\u53e3\u611f\u6e05\u65b0\uff0c\u679c\u9999\u6d53\u90c1\u3002 \u5907\u6ce8\uff1a\u8fd9\u6b3e\u9152\u7684\u917f\u9020\u7279\u70b9\u662f\u7ed3\u5408\u4e86\u53bb\u6897\u917f\u9020\u6cd5\u548c\u4f20\u7edf\u78b3\u9178\u6d78\u76ae\u6cd5\u7684\u4f18\u52bf\u3002\u679c\u9999\u5473\u6d53\u90c1\uff0c\u53e3\u611f\u6e05\u65b0\uff0c\u4f59\u9999\u6301\u4e45\u3002\r\n\r\n<strong>\u9152\u7cbe\u5ea6\uff1a<\/strong>13\uff05VOL\u3002\r\n\r\n<strong>\u9002\u996e\u6e29\u5ea6\uff1a<\/strong>12\u00b0C - 14\u00b0C\u3002\r\n\r\n[\/vc_column_text][vc_btn title=\"\u4ea7\u54c1\u4ecb\u7ecd\u4e0b\u8f7d\" color=\"default\" link=\"url:http%3A%2F%2Fwww.zugober.com%2Fwp-content%2Fuploads%2F2018%2F08%2FBelezos-5050.pdf|title:Descargar%20ficha|target:%20_blank|\"][\/vc_column][\/vc_row][vc_row full_width=\"stretch_row_content_no_spaces\" css=\".vc_custom_1480078511124{margin-top: -90px !important;}\"][vc_column][vc_single_image image=\"2155\" img_size=\"full\" alignment=\"center\" onclick=\"zoom\"][\/vc_column][\/vc_row]","_zh_post_name":"%e8%b4%9d%e5%8b%92%e7%bb%8f%e5%85%b850-50","_zh_post_excerpt":"","_zh_post_title":"\u8d1d\u52d2\u7ecf\u5178\u5e72\u7ea250\/50","_es_post_content":"[vc_row full_width=\"stretch_row\" css=\".vc_custom_1480078472471{margin-top: -90px !important;padding-top: 150px !important;background-color: #303030 !important;}\"][vc_column][vc_video link=\"https:\/\/vimeo.com\/140964039\" css=\".vc_custom_1480077006077{margin-top: -100px !important;}\"][\/vc_column][\/vc_row][vc_row full_width=\"stretch_row\" content_placement=\"middle\" css=\".vc_custom_1480077689573{margin-top: -60px !important;padding-top: 120px !important;padding-bottom: 90px !important;background-color: #0a0a0a !important;background-position: center !important;background-repeat: no-repeat !important;background-size: cover !important;}\"][vc_column width=\"1\/2\"][vc_single_image image=\"2151\" img_size=\"full\" alignment=\"center\" css_animation=\"none\"][\/vc_column][vc_column width=\"1\/2\"][ca_heading_title header_type=\"small_large_title\" text_align=\"left\" header_style=\"white\" small_title=\"BELEZOS\" large_title=\"50\/50\"][vc_column_text css=\".vc_custom_1480074118313{border-radius: 2px !important;}\"]\r\n\r\n<hr \/>\r\n\r\n[\/vc_column_text][vc_column_text css_animation=\"none\"]\r\n<h1><span style=\"color: #00ccff;\"><em>La mitad de la f\u00f3rmula de la felicidad. Nosotros hacemos el vino, t\u00fa creas momentos.<\/em><\/span><\/h1>\r\n<strong><span style=\"color: #00ccff;\">Variedades:<\/span><\/strong> <span style=\"color: #c9c9c9;\">Tempranillo 100%.<\/span>\r\n\r\n<strong><span style=\"color: #00ccff;\">Edad Vi\u00f1edo:<\/span><\/strong> <span style=\"color: #c9c9c9;\">10 - 20 a\u00f1os.<\/span>\r\n\r\n<strong><span style=\"color: #00ccff;\">Cata:<\/span><\/strong> <span style=\"color: #c9c9c9;\">Color rojo grana con tonos viol\u00e1ceos, destacan los aromas a fresas con toque de regaliz, en boca es fresco y afrutado.<\/span>\r\n\r\n<strong><span style=\"color: #00ccff;\">Comentario:<\/span><\/strong> <span style=\"color: #c9c9c9;\">Este vino es el resultado de una mezcla de vinos elaborado por el m\u00e9todo de despalillado y\u00a0vinos elaborado por el m\u00e9todo tradicional de maceraci\u00f3n carb\u00f3nica adquiriendo las caracter\u00edsticas de ambos tipos (arom\u00e1ticos, frescos, persistentes\u2026).<\/span>\r\n\r\n<strong><span style=\"color: #00ccff;\">Graduaci\u00f3n:<\/span><\/strong> <span style=\"color: #c9c9c9;\">13% VOL.<\/span>\r\n\r\n<strong><span style=\"color: #00ccff;\">Temperatura de consumo:<\/span><\/strong> <span style=\"color: #c9c9c9;\">12\u00b0 C -14\u00b0 C.<\/span>[\/vc_column_text][vc_btn title=\"Descargar Ficha\" color=\"default\" link=\"url:http%3A%2F%2Fwww.zugober.com%2Fwp-content%2Fuploads%2F2018%2F08%2FBelezos-5050.pdf|title:Descargar%20ficha|target:%20_blank|\"][\/vc_column][\/vc_row][vc_row full_width=\"stretch_row_content_no_spaces\" css=\".vc_custom_1480078511124{margin-top: -90px !important;}\"][vc_column][vc_single_image image=\"2155\" img_size=\"full\" alignment=\"center\" onclick=\"zoom\"][\/vc_column][\/vc_row]","_es_post_name":"5050-2","_es_post_excerpt":"","_es_post_title":"Belezos 50\/50","_en_post_content":"[vc_row full_width=\"stretch_row\" css=\".vc_custom_1480078472471{margin-top: -90px !important;padding-top: 150px !important;background-color: #303030 !important;}\"][vc_column][vc_video link=\"https:\/\/vimeo.com\/140964039\" css=\".vc_custom_1480077006077{margin-top: -100px !important;}\"][\/vc_column][\/vc_row][vc_row full_width=\"stretch_row\" content_placement=\"middle\" css=\".vc_custom_1480077689573{margin-top: -60px !important;padding-top: 120px !important;padding-bottom: 90px !important;background-color: #0a0a0a !important;background-position: center !important;background-repeat: no-repeat !important;background-size: cover !important;}\"][vc_column width=\"1\/2\"][vc_single_image image=\"2151\" img_size=\"full\" alignment=\"center\" css_animation=\"slideInLeft\"][\/vc_column][vc_column width=\"1\/2\"][ca_heading_title header_type=\"small_large_title\" text_align=\"left\" header_style=\"white\" small_title=\"BELEZOS\" large_title=\"50\/50\"][vc_column_text css=\".vc_custom_1480074118313{border-radius: 2px !important;}\"]\r\n\r\n<hr \/>\r\n\r\n[\/vc_column_text][vc_column_text css_animation=\"slideInRight\"]\r\n<h1><span style=\"color: #00ccff;\"><em>It\u2019s half the recipe for happiness. We make the wine, you create the moment.<\/em><\/span><\/h1>\r\n<span style=\"color: #00ccff;\"><strong>Variety:<\/strong> <span style=\"color: #999999;\">Tempranillo, 100%.<\/span><\/span>\r\n\r\n<span style=\"color: #00ccff;\"><strong>Age of Vineyard:<\/strong><span style=\"color: #999999;\"> 10 \u2013 20 years.<\/span><\/span>\r\n\r\n<span style=\"color: #00ccff;\"><strong>Tasting:<\/strong> <span style=\"color: #999999;\">Bright red with violet hues, a standout aroma of strawberries with a hint of liquorice. Fresh and fruity on the palate.<\/span><\/span>\r\n\r\n<span style=\"color: #00ccff;\"><strong>Comments:<\/strong> <span style=\"color: #999999;\">This wine has been made by mixing wines produced after a process of de-stemming and wines made by the traditional method of carbonic maceration, incorporating the characteristics of both methods.<\/span><\/span>\r\n\r\n<span style=\"color: #00ccff;\"><strong>Alcohol Content:<\/strong> <span style=\"color: #999999;\">13% VOL.<\/span><\/span>\r\n\r\n<span style=\"color: #00ccff;\"><strong>Ideal Serving Temperature:<\/strong> <span style=\"color: #999999;\">12 C \u2013 14 C.<\/span><\/span>[\/vc_column_text][vc_btn title=\"Tecnical data sheet\" link=\"url:http%3A%2F%2Fwww.zugober.com%2Fwp-content%2Fuploads%2F2018%2F08%2FBelezos-5050_EN.pdf|title:Techical%20data%20sheet|target:%20_blank|\"][\/vc_column][\/vc_row][vc_row full_width=\"stretch_row_content_no_spaces\" css=\".vc_custom_1480078511124{margin-top: -90px !important;}\"][vc_column][vc_single_image image=\"2155\" img_size=\"full\" alignment=\"center\" onclick=\"zoom\"][\/vc_column][\/vc_row]","_en_post_name":"5050-2","_en_post_excerpt":"","_en_post_title":"","edit_language":"zh"},"_links":{"self":[{"href":"https:\/\/www.zugober.com\/zh\/wp-json\/wp\/v2\/pages\/2150"}],"collection":[{"href":"https:\/\/www.zugober.com\/zh\/wp-json\/wp\/v2\/pages"}],"about":[{"href":"https:\/\/www.zugober.com\/zh\/wp-json\/wp\/v2\/types\/page"}],"author":[{"embeddable":true,"href":"https:\/\/www.zugober.com\/zh\/wp-json\/wp\/v2\/users\/1"}],"replies":[{"embeddable":true,"href":"https:\/\/www.zugober.com\/zh\/wp-json\/wp\/v2\/comments?post=2150"}],"version-history":[{"count":9,"href":"https:\/\/www.zugober.com\/zh\/wp-json\/wp\/v2\/pages\/2150\/revisions"}],"predecessor-version":[{"id":3151,"href":"https:\/\/www.zugober.com\/zh\/wp-json\/wp\/v2\/pages\/2150\/revisions\/3151"}],"wp:attachment":[{"href":"https:\/\/www.zugober.com\/zh\/wp-json\/wp\/v2\/media?parent=2150"}],"curies":[{"name":"wp","href":"https:\/\/api.w.org\/{rel}","templated":true}]}}